{"id":17636,"date":"2023-09-06T09:11:34","date_gmt":"2023-09-06T09:11:34","guid":{"rendered":"https:\/\/www.novaf.net\/?post_type=product&#038;p=17636"},"modified":"2026-02-11T14:41:00","modified_gmt":"2026-02-11T14:41:00","slug":"andador-para-adultos-military-verde","status":"publish","type":"product","link":"https:\/\/www.novaf.net\/es\/product\/andador-para-adultos-military-verde\/","title":{"rendered":"ANDADOR PARA ADULTOS MILITARY VERDE"},"content":{"rendered":"<section class=\"wpb-content-wrapper\"><p>[vc_row section_type=&#8221;fullwidth&#8221; padding_top_multiplier=&#8221;&#8221; padding_bottom_multiplier=&#8221;&#8221; columns_gap=&#8221;none&#8221; section_id=&#8221;walmart-venta-directa&#8221;][vc_column width=&#8221;1\/2&#8243;][\/vc_column][vc_column width=&#8221;1\/2&#8243; css=&#8221;.vc_custom_1695307009962{background-color: #1280c3 !important;}&#8221; el_class=&#8221;col-der&#8221;][vc_row_inner][vc_column_inner width=&#8221;1\/2&#8243;][vc_column_text]Tambi\u00e9n en:[\/vc_column_text][\/vc_column_inner][vc_column_inner width=&#8221;1\/2&#8243;]<div class=\"grve-element grve-image walmart-product grve-align-center\" style=\"\">  <div class=\"grve-image-wrapper\"><a href=\"#\"><img loading=\"lazy\" decoding=\"async\" width=\"369\" height=\"138\" src=\"https:\/\/www.novaf.net\/wp-content\/uploads\/2023\/07\/logowallmart.png\" class=\"attachment-full size-full\" alt=\"\" srcset=\"https:\/\/www.novaf.net\/wp-content\/uploads\/2023\/07\/logowallmart.png 369w, https:\/\/www.novaf.net\/wp-content\/uploads\/2023\/07\/logowallmart-300x112.png 300w\" sizes=\"(max-width: 369px) 100vw, 369px\" \/><\/a>   <\/div><\/div>[\/vc_column_inner][\/vc_row_inner][\/vc_column][\/vc_row][vc_row section_type=&#8221;fullwidth&#8221; padding_top_multiplier=&#8221;&#8221; padding_bottom_multiplier=&#8221;&#8221; columns_gap=&#8221;none&#8221; section_id=&#8221;galeria-prod&#8221;][vc_column][vc_column_text][\/vc_column_text][\/vc_column][\/vc_row][vc_row padding_top_multiplier=&#8221;3x&#8221; padding_bottom_multiplier=&#8221;3x&#8221; section_id=&#8221;detalleprod&#8221;][vc_column width=&#8221;1\/12&#8243;][\/vc_column][vc_column width=&#8221;5\/6&#8243;]<h2 class=\"grve-element grve-title grve-align-left grve-h1\" style=\"\"><span>Muy ligero, construido en aluminio y materiales anticorrosivos.<\/span><\/h2><div class=\"grve-empty-space grve-height-1x\" style=\"\"><\/div>[vc_column_text]<\/p>\n<div class=\"grve-element grve-text\">\n<p>El <strong>Andador para adultos &#8220;MILITARY&#8221; VERDE<\/strong>\u00a0le har\u00e1 que pueda sentir y disfrutar de un d\u00eda de campo, playa, lago etc, como no imaginaba, con toda la comodidad que nunca ha tenido.<\/p>\n<p>El <strong>Andador para adultos &#8220;MILITARY&#8221; VERDE<\/strong>\u00a0cuenta con 4 ruedas con dibujo y fabricadas en un material apto para tener un mayor agarre en suelos y pisos irregulares o terrenos de tierra y grava.<\/p>\n<p>El <span style=\"font-family: inherit; font-size: inherit; font-style: inherit; font-variant-ligatures: inherit; font-variant-caps: inherit; font-weight: inherit;\"><strong>Andador para adultos &#8220;MILITARY&#8221; VERDE<\/strong><\/span> cuenta con 2 tama\u00f1os de ruedas. Las ruedas delanteras son impinchables y de gran tama\u00f1o o di\u00e1metro para que el andador no se hunda y sea m\u00e1s estable en la arena. Cuentan con dibujo dentado para mayor agarre a superficies como la arena.<\/p>\n<p>Las ruedas traseras son impinchables y las mismas que montamos en nuestro <strong>Andador con asiento y ruedas \u201c<\/strong><strong>CITY BEACH\u201d<\/strong>, que tienen un menor tama\u00f1o pero tambi\u00e9n cuentan con dibujo para un agarre apropiado a todo tipo de superficies.<\/p>\n<p>Gracias a estas ruedas podr\u00e1 desenvolverse muy bien en suelos irregulares.<\/p>\n<p>Mejore sus aventuras al aire libre con el <span style=\"font-family: inherit; font-size: inherit; font-style: inherit; font-variant-ligatures: inherit; font-variant-caps: inherit; font-weight: inherit;\"><strong>Andador para adultos &#8220;MILITARY&#8221; VERDE<\/strong><\/span>. Fabricado con ruedas todoterreno duraderas, este andador ligero y port\u00e1til se desplaza sin esfuerzo por playas de arena, senderos con c\u00e9sped y superficies irregulares.<\/p>\n<p>Su dise\u00f1o ergon\u00f3mico cuenta con manillar ajustable y un asiento c\u00f3modo, lo que proporciona una maniobrabilidad y un soporte superiores. Con una construcci\u00f3n robusta y anticorrosiva, el <span style=\"font-family: inherit; font-size: inherit; font-style: inherit; font-variant-ligatures: inherit; font-variant-caps: inherit; font-weight: inherit;\"><strong>Andador para adultos &#8220;MILITARY&#8221; VERDE<\/strong><\/span>\u00a0ofrece un rendimiento confiable en diversas condiciones clim\u00e1ticas, lo que garantiza su independencia y seguridad en cada viaje, ya sea una salida a la playa, una ruta de senderismo o los recados diarios.<\/p>\n<ul>\n<li>Ruedas de gran tama\u00f1o y duraderas que se desplazan sin esfuerzo por playas de arena, senderos con c\u00e9sped y otras superficies desafiantes para una capacidad todoterreno<\/li>\n<li>Construcci\u00f3n liviana y port\u00e1til de aluminio para un f\u00e1cil transporte y almacenamiento, lo que lo convierte en el compa\u00f1ero de viaje perfecto para aventuras al aire libre<\/li>\n<li>Manillar de dise\u00f1o ergon\u00f3mico y 5 configuraciones de altura ajustables para garantizar la m\u00e1xima comodidad y reducir la tensi\u00f3n en las mu\u00f1ecas y las manos<\/li>\n<li>Direcci\u00f3n suave y estabilidad mejorada para un excelente control y agilidad en cualquier terreno<\/li>\n<li>Materiales de alta calidad para una durabilidad duradera, lo que garantiza la confiabilidad en diversas condiciones clim\u00e1ticas y entornos<\/li>\n<li>Asiento hipoalerg\u00e9nico para lugares de descanso c\u00f3modos mientras viaja, con una espaciosa bolsa de almacenamiento para pertenencias personales<\/li>\n<li>Mecanismo de plegado r\u00e1pido y simple para una configuraci\u00f3n sin complicaciones y un almacenamiento compacto, lo que permite un f\u00e1cil transporte en autom\u00f3viles o transporte p\u00fablico<\/li>\n<li>Frenos de mano f\u00e1ciles de usar y un sistema de bloqueo seguro para mayor tranquilidad en superficies irregulares<\/li>\n<li>Fabricado con materiales anticorrosivos para un uso duradero<\/li>\n<li>Vers\u00e1til para salidas a la playa, senderos para caminatas, parques, compras y otras actividades al aire libre, que ofrece independencia y apoyo donde quiera que vaya<\/li>\n<\/ul>\n<p>Disfrute de un buen paseo con el <span style=\"font-family: inherit; font-size: inherit; font-style: inherit; font-variant-ligatures: inherit; font-variant-caps: inherit; font-weight: inherit;\"><strong>Andador para adultos &#8220;MILITARY&#8221; VERDE<\/strong><\/span>\u00a0!!!<\/p>\n<\/div>\n<p>[\/vc_column_text]<div class=\"grve-empty-space grve-height-1x\" style=\"\"><\/div>[\/vc_column][vc_column width=&#8221;1\/12&#8243;][\/vc_column][\/vc_row][vc_row columns_gap=&#8221;none&#8221; equal_column_height=&#8221;middle-content&#8221; section_id=&#8221;especif-fichatec&#8221;][vc_column width=&#8221;1\/6&#8243;][\/vc_column][vc_column width=&#8221;5\/12&#8243;][vc_row_inner el_class=&#8221;fichaprod-extra&#8221;][vc_column_inner]<h3 class=\"grve-element grve-title grve-align-left grve-h2\" style=\"\"><span>Especificaciones<\/span><\/h3><div class=\"grve-empty-space\" style=\"height: 15px;\"><\/div><div class=\"grve-element grve-image grve-align-center\" style=\"\">  <div class=\"grve-image-wrapper\"><img loading=\"lazy\" decoding=\"async\" width=\"559\" height=\"625\" src=\"https:\/\/www.novaf.net\/wp-content\/uploads\/2026\/02\/especificaciones-andadores-rollator-military-y-city-beach-plus.jpg\" class=\"attachment-full size-full\" alt=\"\" srcset=\"https:\/\/www.novaf.net\/wp-content\/uploads\/2026\/02\/especificaciones-andadores-rollator-military-y-city-beach-plus.jpg 1x, 2x\" \/>   <\/div><\/div>[\/vc_column_inner][\/vc_row_inner][\/vc_column][vc_column width=&#8221;1\/4&#8243; el_id=&#8221;descficha&#8221; css=&#8221;.vc_custom_1703248282923{background-color: #00dee8 !important;}&#8221;]<div class=\"grve-element grve-box-icon grve-medium grve-top-icon grve-align-center\" style=\"\"><a href=\"\/wp-content\/uploads\/pdf\/ficha-tecnica-andador-rollator-military.pdf\" target=\"_blank\" rel=\"noopener noreferrer\"><div class=\"grve-image-icon\"><img loading=\"lazy\" decoding=\"async\" width=\"363\" height=\"384\" src=\"https:\/\/www.novaf.net\/wp-content\/uploads\/2023\/10\/icono-descarga-ficha-white.png\" class=\"attachment-full size-full\" alt=\"\" \/><\/div><div class=\"grve-box-content\"><div class=\"grve-box-title-wrapper\"><h3 class=\"grve-box-title grve-h3\">Descargar la ficha del producto<\/h3><\/div>  <p class=\"grve-subtitle\">Formato PDF<\/p><\/div><\/a><\/div>[\/vc_column][vc_column width=&#8221;1\/6&#8243;][\/vc_column][\/vc_row][vc_row][vc_column][\/vc_column][\/vc_row][vc_row bg_type=&#8221;image&#8221; bg_image=&#8221;15113&#8243; bg_image_type=&#8221;fixed&#8221; color_overlay=&#8221;custom&#8221; color_overlay_custom=&#8221;rgba(72,81,96,0.94)&#8221; padding_top_multiplier=&#8221;3x&#8221; padding_bottom_multiplier=&#8221;3x&#8221;][vc_column width=&#8221;1\/12&#8243;][\/vc_column][vc_column width=&#8221;5\/6&#8243;]<div class=\"grve-element grve-video\" style=\"\"><iframe loading=\"lazy\" title=\"2025 ROLLATOR WALKER MILITARY\" width=\"1080\" height=\"608\" src=\"https:\/\/www.youtube.com\/embed\/d6ti-BMDxpE?feature=oembed\" frameborder=\"0\" allow=\"accelerometer; autoplay; clipboard-write; encrypted-media; gyroscope; picture-in-picture; web-share\" referrerpolicy=\"strict-origin-when-cross-origin\" allowfullscreen><\/iframe><\/div>[\/vc_column][vc_column width=&#8221;1\/12&#8243;][\/vc_column][\/vc_row][vc_row disable_element=&#8221;yes&#8221; padding_top_multiplier=&#8221;3x&#8221; padding_bottom_multiplier=&#8221;3x&#8221; section_id=&#8221;manualmante&#8221;][vc_column width=&#8221;1\/12&#8243;][\/vc_column][vc_column width=&#8221;5\/6&#8243;]<h2 class=\"grve-element grve-title grve-align-left grve-h1\" style=\"\"><span>Manual de mantenimiento<\/span><\/h2><div class=\"grve-empty-space grve-height-1x\" style=\"\"><\/div>[vc_column_text]<\/p>\n<ul>\n<li>Lavado con agua dulce del equipo en su totalidad de manera diaria.<\/li>\n<li>Desmontaje y lavado de todas las partes m\u00f3viles y sus tuercas cada 15 d\u00edas.<\/li>\n<li>Engrasar con aceite multiusos o vaselina l\u00edquida o vaselina todos los tornillos y tuercas cada 15 d\u00edas.<\/li>\n<li>Armado de nuevo de todos los tornillos y piezas m\u00f3viles.<\/li>\n<li>Desmontaje de ruedas traseras y lavados de ejes inoxidables cada 15 d\u00edas.<\/li>\n<\/ul>\n<p>[\/vc_column_text][\/vc_column][vc_column width=&#8221;1\/12&#8243;][\/vc_column][\/vc_row]<\/p>\n<\/section>","protected":false},"excerpt":{"rendered":"<p>El\u00a0<strong>Andador para adultos &#8220;MILITARY&#8221; VERDE <\/strong>es un andador adaptado para su uso en la playa, campo y zonas donde el terreno es irregular, adoquinado, arenoso, etc.<\/p>\n<p>El <strong>Andador para adultos &#8220;MILITARY&#8221; VERDE<\/strong>\u00a0es un <strong>andador Todoterreno con 4 ruedas y asiento <\/strong>permite caminar por zonas con terrenos irregulares con una mayor estabilidad y fiabilidad que un andador de ruedas normal<\/p>\n<p><span style=\"font-family: inherit; font-size: inherit; font-style: inherit; font-variant-ligatures: inherit; font-variant-caps: inherit; font-weight: inherit;\">Fabricado en aluminio anticorrosivo el <strong>Andador para adultos &#8220;MILITARY&#8221; VERDE<\/strong><\/span><span style=\"font-family: inherit; font-size: inherit; font-style: inherit; font-variant-ligatures: inherit; font-variant-caps: inherit; font-weight: inherit;\">\u00a0es un\u00a0<\/span><span style=\"font-family: inherit; font-size: inherit; font-style: inherit; font-variant-ligatures: inherit; font-variant-caps: inherit; font-weight: inherit;\">andador <\/span><span style=\"font-family: inherit; font-size: inherit; font-style: inherit; font-variant-ligatures: inherit; font-variant-caps: inherit; font-weight: inherit;\">c\u00f3modo, seguro y muy manejable en zonas con terrenos dif\u00edciles.<\/span><\/p>\n<p>&nbsp;<\/p>\n<p><strong>(Incluye IVA 10%)<\/strong><\/p>\n","protected":false},"featured_media":17639,"template":"","meta":[],"product_cat":[81],"product_tag":[],"_links":{"self":[{"href":"https:\/\/www.novaf.net\/es\/wp-json\/wp\/v2\/product\/17636"}],"collection":[{"href":"https:\/\/www.novaf.net\/es\/wp-json\/wp\/v2\/product"}],"about":[{"href":"https:\/\/www.novaf.net\/es\/wp-json\/wp\/v2\/types\/product"}],"wp:featuredmedia":[{"embeddable":true,"href":"https:\/\/www.novaf.net\/es\/wp-json\/wp\/v2\/media\/17639"}],"wp:attachment":[{"href":"https:\/\/www.novaf.net\/es\/wp-json\/wp\/v2\/media?parent=17636"}],"wp:term":[{"taxonomy":"product_cat","embeddable":true,"href":"https:\/\/www.novaf.net\/es\/wp-json\/wp\/v2\/product_cat?post=17636"},{"taxonomy":"product_tag","embeddable":true,"href":"https:\/\/www.novaf.net\/es\/wp-json\/wp\/v2\/product_tag?post=17636"}],"curies":[{"name":"wp","href":"https:\/\/api.w.org\/{rel}","templated":true}]}}