{"id":16962,"date":"2023-09-05T07:00:19","date_gmt":"2023-09-05T07:00:19","guid":{"rendered":"https:\/\/www.novaf.net\/?post_type=product&#038;p=16962"},"modified":"2026-02-11T14:39:55","modified_gmt":"2026-02-11T14:39:55","slug":"andador-con-asiento-y-ruedas-city-beach","status":"publish","type":"product","link":"https:\/\/www.novaf.net\/es\/product\/andador-con-asiento-y-ruedas-city-beach\/","title":{"rendered":"ANDADOR CON ASIENTO Y RUEDAS &#8220;CITY BEACH&#8221;"},"content":{"rendered":"<section class=\"wpb-content-wrapper\"><p>[vc_row section_type=&#8221;fullwidth&#8221; padding_top_multiplier=&#8221;&#8221; padding_bottom_multiplier=&#8221;&#8221; columns_gap=&#8221;none&#8221; section_id=&#8221;walmart-venta-directa&#8221;][vc_column width=&#8221;1\/2&#8243;][\/vc_column][vc_column width=&#8221;1\/2&#8243; css=&#8221;.vc_custom_1695307009962{background-color: #1280c3 !important;}&#8221; el_class=&#8221;col-der&#8221;][vc_row_inner][vc_column_inner width=&#8221;1\/2&#8243;][vc_column_text]Tambi\u00e9n en:[\/vc_column_text][\/vc_column_inner][vc_column_inner width=&#8221;1\/2&#8243;]<div class=\"grve-element grve-image walmart-product grve-align-center\" style=\"\">  <div class=\"grve-image-wrapper\"><a href=\"https:\/\/www.walmart.com\/ip\/Rollator-Walker-City\/1493647666\" target=\"_blank\" rel=\"noopener noreferrer\"><img loading=\"lazy\" decoding=\"async\" width=\"369\" height=\"138\" src=\"https:\/\/www.novaf.net\/wp-content\/uploads\/2023\/07\/logowallmart.png\" class=\"attachment-full size-full\" alt=\"\" srcset=\"https:\/\/www.novaf.net\/wp-content\/uploads\/2023\/07\/logowallmart.png 369w, https:\/\/www.novaf.net\/wp-content\/uploads\/2023\/07\/logowallmart-300x112.png 300w\" sizes=\"(max-width: 369px) 100vw, 369px\" \/><\/a>   <\/div><\/div>[\/vc_column_inner][\/vc_row_inner][\/vc_column][\/vc_row][vc_row section_type=&#8221;fullwidth&#8221; padding_top_multiplier=&#8221;&#8221; padding_bottom_multiplier=&#8221;&#8221; columns_gap=&#8221;none&#8221; section_id=&#8221;galeria-prod&#8221;][vc_column][vc_column_text]<style id=\"wp_carousel_dynamic_css17040\">.sp-wp-carousel-free-id-17040.wpcf-fancybox-wrapper .fancybox-bg{background: #0b0b0b;opacity: 0.8;}.sp-wp-carousel-free-id-17040.wpcf-fancybox-wrapper .fancybox-navigation .fancybox-button .wpcp-fancybox-nav-arrow i {color: #ccc;}.sp-wp-carousel-free-id-17040.wpcf-fancybox-wrapper .fancybox-navigation .fancybox-button .wpcp-fancybox-nav-arrow i:hover {color: #fff;}.sp-wp-carousel-free-id-17040.wpcf-fancybox-wrapper .fancybox-navigation .fancybox-button {background: #1e1e1e;}.sp-wp-carousel-free-id-17040.wpcf-fancybox-wrapper .fancybox-navigation .fancybox-button:hover {background: #1e1e1e;}#sp-wp-carousel-free-id-17040 .wpcp-swiper-dots {margin: 40px 0px 0px 0px;}.wpcp-wrapper-17040 .swiper-wrapper .swiper-slide-kenburn, .wpcp-wrapper-17040 .swiper-wrapper, .wpcp-wrapper-17040 .wpcpro-row{align-items: center;}#sp-wp-carousel-free-id-17040 .wpcp-single-item {box-shadow: 0px 0px 0px 0px #dddddd;transition: all .3s;margin: 0px;}#sp-wp-carousel-free-id-17040.swiper-flip .wpcp-single-item{margin: 0!important;}#sp-wp-carousel-free-id-17040 .wpcp-single-item:hover {box-shadow: 0px 0px 0px 0px #dddddd;}#sp-wp-carousel-free-id-17040.sp-wpcp-17040 .wpcp-single-item {border: 1px solid #dddddd;}#sp-wp-carousel-free-id-17040.wpcp-carousel-section.sp-wpcp-17040 .swiper-button-prev,#sp-wp-carousel-free-id-17040.wpcp-carousel-section.sp-wpcp-17040 .swiper-button-next,#sp-wp-carousel-free-id-17040.wpcp-carousel-section.sp-wpcp-17040 .swiper-button-prev:hover,#sp-wp-carousel-free-id-17040.wpcp-carousel-section.sp-wpcp-17040 .swiper-button-next:hover {font-size: 18px ; font-weight: 400;}#sp-wp-carousel-free-id-17040.sp-wpcp-17040 .swiper-button-prev,#sp-wp-carousel-free-id-17040.sp-wpcp-17040 .swiper-button-next,#sp-wp-carousel-free-id-17040.sp-wpcp-17040 .swiper-button-prev:hover,#sp-wp-carousel-free-id-17040.sp-wpcp-17040 .swiper-button-next:hover {background: none;border: none;font-size: 30px;}#sp-wp-carousel-free-id-17040.sp-wpcp-17040 .swiper-button-prev i,#sp-wp-carousel-free-id-17040.sp-wpcp-17040 .swiper-button-next i {color: #aaa;}#sp-wp-carousel-free-id-17040.sp-wpcp-17040 .swiper-button-prev i:hover,#sp-wp-carousel-free-id-17040.sp-wpcp-17040 .swiper-button-next i:hover {color: #178087;}#sp-wp-carousel-free-id-17040.sp-wpcp-17040 .wpcp-swiper-dots .swiper-pagination-bullet {background-color: #cccccc;}#sp-wp-carousel-free-id-17040.sp-wpcp-17040 .wpcp-swiper-dots .swiper-pagination-bullet.swiper-pagination-bullet-active {background-color: #178087;} #sp-wp-carousel-free-id-17040.sp-wpcp-17040.wpcp-image-carousel .wpcp-single-item:hover img, #sp-wp-carousel-free-id-17040.sp-wpcp-17040.wpcp-post-carousel .wpcp-single-item:hover img, #sp-wp-carousel-free-id-17040.sp-wpcp-17040.wpcp-product-carousel .wpcp-single-item:hover img{-webkit-transform: scale(1.2);-moz-transform: scale(1.2);transform: scale(1.2);}#sp-wp-carousel-free-id-17040 .wpcpro-row>[class*=\"wpcpro-col-\"] { padding: 0 0px; padding-bottom: 0px;} #sp-wp-carousel-free-id-17040 .swiper-slide .single-item-fade:not(:last-child) { margin-right: 0px;}@media (min-width: 480px) { .wpcpro-row .wpcpro-col-sm-1 { flex: 0 0 100%; max-width: 100%; } .wpcpro-row .wpcpro-col-sm-2 { flex: 0 0 50%; max-width: 50%; } .wpcpro-row .wpcpro-col-sm-2-5 { flex: 0 0 75%; max-width: 75%; } .wpcpro-row .wpcpro-col-sm-3 { flex: 0 0 33.333%; max-width: 33.333%; } .wpcpro-row .wpcpro-col-sm-4 { flex: 0 0 25%; max-width: 25%; } .wpcpro-row .wpcpro-col-sm-5 { flex: 0 0 20%; max-width: 20%; } .wpcpro-row .wpcpro-col-sm-6 { flex: 0 0 16.66666666666667%; max-width: 16.66666666666667%; } .wpcpro-row .wpcpro-col-sm-7 { flex: 0 0 14.28571428%; max-width: 14.28571428%; } .wpcpro-row .wpcpro-col-sm-8 { flex: 0 0 12.5%; max-width: 12.5%; } } @media (max-width: 480px) { .wpcpro-row .wpcpro-col-xs-1 { flex: 0 0 100%; max-width: 100%; } .wpcpro-row .wpcpro-col-xs-2 { flex: 0 0 50%; max-width: 50%; } .wpcpro-row .wpcpro-col-xs-3 { flex: 0 0 33.222%; max-width: 33.222%; } .wpcpro-row .wpcpro-col-xs-4 { flex: 0 0 25%; max-width: 25%; } .wpcpro-row .wpcpro-col-xs-5 { flex: 0 0 20%; max-width: 20%; } .wpcpro-row .wpcpro-col-xs-6 { flex: 0 0 16.6667%; max-width: 16.6667%; } .wpcpro-row .wpcpro-col-xs-7 { flex: 0 0 14.28571428%; max-width: 14.28571428%; } .wpcpro-row .wpcpro-col-xs-8 { flex: 0 0 12.5%; max-width: 12.5%; } } @media (min-width: 736px) { .wpcpro-row .wpcpro-col-md-1 { flex: 0 0 100%; max-width: 100%; } .wpcpro-row .wpcpro-col-md-2 { flex: 0 0 50%; max-width: 50%; } .wpcpro-row .wpcpro-col-md-2-5 { flex: 0 0 75%; max-width: 75%; } .wpcpro-row .wpcpro-col-md-3 { flex: 0 0 33.333%; max-width: 33.333%; } .wpcpro-row .wpcpro-col-md-4 { flex: 0 0 25%; max-width: 25%; } .wpcpro-row .wpcpro-col-md-5 { flex: 0 0 20%; max-width: 20%; } .wpcpro-row .wpcpro-col-md-6 { flex: 0 0 16.66666666666667%; max-width: 16.66666666666667%; } .wpcpro-row .wpcpro-col-md-7 { flex: 0 0 14.28571428%; max-width: 14.28571428%; } .wpcpro-row .wpcpro-col-md-8 { flex: 0 0 12.5%; max-width: 12.5%; } } @media (min-width: 980px) { .wpcpro-row .wpcpro-col-lg-1 { flex: 0 0 100%; max-width: 100%; } .wpcpro-row .wpcpro-col-lg-2 { flex: 0 0 50%; max-width: 50%; } .wpcpro-row .wpcpro-col-lg-3 { flex: 0 0 33.222%; max-width: 33.222%; } .wpcpro-row .wpcpro-col-lg-4 { flex: 0 0 25%; max-width: 25%; } .wpcpro-row .wpcpro-col-lg-5 { flex: 0 0 20%; max-width: 20%; } .wpcpro-row .wpcpro-col-lg-6 { flex: 0 0 16.6667%; max-width: 16.6667%; } .wpcpro-row .wpcpro-col-lg-7 { flex: 0 0 14.28571428%; max-width: 14.28571428%; } .wpcpro-row .wpcpro-col-lg-8 { flex: 0 0 12.5%; max-width: 12.5%; } } @media (min-width: 1200px) { .wpcpro-row .wpcpro-col-xl-1 { flex: 0 0 100%; max-width: 100%; } .wpcpro-row .wpcpro-col-xl-2 { flex: 0 0 50%; max-width: 50%; } .wpcpro-row .wpcpro-col-xl-3 { flex: 0 0 33.22222222%; max-width: 33.22222222%; } .wpcpro-row .wpcpro-col-xl-4 { flex: 0 0 25%; max-width: 25%; } .wpcpro-row .wpcpro-col-xl-5 { flex: 0 0 20%; max-width: 20%; } .wpcpro-row .wpcpro-col-xl-6 { flex: 0 0 16.66667%; max-width: 16.66667%; } .wpcpro-row .wpcpro-col-xl-7 { flex: 0 0 14.28571428%; max-width: 14.28571428%; } .wpcpro-row .wpcpro-col-xl-8 { flex: 0 0 12.5%; max-width: 12.5%; } }<\/style><div class=\"wpcp-carousel-wrapper wpcp-wrapper-17040\">\n\t<div id=\"wpcp-preloader-17040\" class=\"wpcp-carousel-preloader\"><img decoding=\"async\" src=\"https:\/\/www.novaf.net\/wp-content\/plugins\/wp-carousel-free\/public\/css\/spinner.svg\" alt=\"Preloader Image\" \/><\/div>\t<div class=\"wpcp-carousel-content-wrapper\">\n\t<div id=\"sp-wp-carousel-free-id-17040\" class=\"wpcp-carousel-section sp-wpcp-17040  nav-vertical-center wpcp-image-carousel wpcp-preloader wpcp-standard\" data-swiper='{ &quot;pagination_type&quot;: &quot;dots&quot;,&quot;accessibility&quot;:true, &quot;spaceBetween&quot;:0, &quot;arrows&quot;:true, &quot;freeMode&quot;: false, &quot;autoplay&quot;:true, &quot;effect&quot;: &quot;&quot;, &quot;centerMode&quot;: false, &quot;autoplaySpeed&quot;:3000, &quot;dots&quot;:true, &quot;infinite&quot;:true, &quot;speed&quot;:600, &quot;pauseOnHover&quot;:true,\n\t\t\t&quot;slidesToShow&quot;:{&quot;lg_desktop&quot;:5, &quot;desktop&quot;: 4, &quot;laptop&quot;: 3, &quot;tablet&quot;: 2, &quot;mobile&quot;: 1}, &quot;responsive&quot;:{&quot;desktop&quot;:1200, &quot;laptop&quot;: 980, &quot;tablet&quot;: 736, &quot;mobile&quot;: 480}, &quot;rtl&quot;:false, &quot;lazyLoad&quot;: &quot;false&quot;, &quot;swipe&quot;: true, &quot;draggable&quot;: true, &quot;swipeToSlide&quot;:false }' dir=\"ltr\">\n\t\t<div class=\"swiper-wrapper\">\n\t\t<div class=\"swiper-slide\">\n\t<div class=\"wpcp-single-item\">\n\t\t\t<a class=\"wcp-light-box\" data-buttons=\"[&quot;close&quot;]\" data-wpc_url=\"https:\/\/www.novaf.net\/wp-content\/uploads\/2024\/08\/IMG_6193-768x1024.jpg\" href=\"https:\/\/www.novaf.net\/wp-content\/uploads\/2024\/08\/IMG_6193-rotated.jpg\" data-fancybox=\"wpcp_view\">\n\t\t<figure>\n\t\t\t<img loading=\"lazy\" decoding=\"async\" class=\"skip-lazy\" src=\"https:\/\/www.novaf.net\/wp-content\/uploads\/2024\/08\/IMG_6193-768x1024.jpg\" alt=\"IMG_6193\" width=\"768\" height=\"1024\">\t\t<\/figure>\n\t<\/a>\n\t\t<\/div>\n<\/div>\n\t<div class=\"swiper-slide\">\n\t<div class=\"wpcp-single-item\">\n\t\t\t<a class=\"wcp-light-box\" data-buttons=\"[&quot;close&quot;]\" data-wpc_url=\"https:\/\/www.novaf.net\/wp-content\/uploads\/2024\/08\/IMG_6194-768x1024.jpg\" href=\"https:\/\/www.novaf.net\/wp-content\/uploads\/2024\/08\/IMG_6194-rotated.jpg\" data-fancybox=\"wpcp_view\">\n\t\t<figure>\n\t\t\t<img loading=\"lazy\" decoding=\"async\" class=\"skip-lazy\" src=\"https:\/\/www.novaf.net\/wp-content\/uploads\/2024\/08\/IMG_6194-768x1024.jpg\" alt=\"IMG_6194\" width=\"768\" height=\"1024\">\t\t<\/figure>\n\t<\/a>\n\t\t<\/div>\n<\/div>\n\t<div class=\"swiper-slide\">\n\t<div class=\"wpcp-single-item\">\n\t\t\t<a class=\"wcp-light-box\" data-buttons=\"[&quot;close&quot;]\" data-wpc_url=\"https:\/\/www.novaf.net\/wp-content\/uploads\/2024\/08\/IMG_6195-768x1024.jpg\" href=\"https:\/\/www.novaf.net\/wp-content\/uploads\/2024\/08\/IMG_6195-rotated.jpg\" data-fancybox=\"wpcp_view\">\n\t\t<figure>\n\t\t\t<img loading=\"lazy\" decoding=\"async\" class=\"skip-lazy\" src=\"https:\/\/www.novaf.net\/wp-content\/uploads\/2024\/08\/IMG_6195-768x1024.jpg\" alt=\"IMG_6195\" width=\"768\" height=\"1024\">\t\t<\/figure>\n\t<\/a>\n\t\t<\/div>\n<\/div>\n\t<div class=\"swiper-slide\">\n\t<div class=\"wpcp-single-item\">\n\t\t\t<a class=\"wcp-light-box\" data-buttons=\"[&quot;close&quot;]\" data-wpc_url=\"https:\/\/www.novaf.net\/wp-content\/uploads\/2024\/08\/IMG_6196-768x1024.jpg\" href=\"https:\/\/www.novaf.net\/wp-content\/uploads\/2024\/08\/IMG_6196-rotated.jpg\" data-fancybox=\"wpcp_view\">\n\t\t<figure>\n\t\t\t<img loading=\"lazy\" decoding=\"async\" class=\"skip-lazy\" src=\"https:\/\/www.novaf.net\/wp-content\/uploads\/2024\/08\/IMG_6196-768x1024.jpg\" alt=\"IMG_6196\" width=\"768\" height=\"1024\">\t\t<\/figure>\n\t<\/a>\n\t\t<\/div>\n<\/div>\n\t<div class=\"swiper-slide\">\n\t<div class=\"wpcp-single-item\">\n\t\t\t<a class=\"wcp-light-box\" data-buttons=\"[&quot;close&quot;]\" data-wpc_url=\"https:\/\/www.novaf.net\/wp-content\/uploads\/2024\/08\/IMG_6200-768x1024.jpg\" href=\"https:\/\/www.novaf.net\/wp-content\/uploads\/2024\/08\/IMG_6200-rotated.jpg\" data-fancybox=\"wpcp_view\">\n\t\t<figure>\n\t\t\t<img loading=\"lazy\" decoding=\"async\" class=\"skip-lazy\" src=\"https:\/\/www.novaf.net\/wp-content\/uploads\/2024\/08\/IMG_6200-768x1024.jpg\" alt=\"IMG_6200\" width=\"768\" height=\"1024\">\t\t<\/figure>\n\t<\/a>\n\t\t<\/div>\n<\/div>\n\t<div class=\"swiper-slide\">\n\t<div class=\"wpcp-single-item\">\n\t\t\t<a class=\"wcp-light-box\" data-buttons=\"[&quot;close&quot;]\" data-wpc_url=\"https:\/\/www.novaf.net\/wp-content\/uploads\/2024\/08\/IMG_6202-768x1024.jpg\" href=\"https:\/\/www.novaf.net\/wp-content\/uploads\/2024\/08\/IMG_6202-rotated.jpg\" data-fancybox=\"wpcp_view\">\n\t\t<figure>\n\t\t\t<img loading=\"lazy\" decoding=\"async\" class=\"skip-lazy\" src=\"https:\/\/www.novaf.net\/wp-content\/uploads\/2024\/08\/IMG_6202-768x1024.jpg\" alt=\"IMG_6202\" width=\"768\" height=\"1024\">\t\t<\/figure>\n\t<\/a>\n\t\t<\/div>\n<\/div>\n\t<div class=\"swiper-slide\">\n\t<div class=\"wpcp-single-item\">\n\t\t\t<a class=\"wcp-light-box\" data-buttons=\"[&quot;close&quot;]\" data-wpc_url=\"https:\/\/www.novaf.net\/wp-content\/uploads\/2024\/08\/IMG_6203-768x1024.jpg\" href=\"https:\/\/www.novaf.net\/wp-content\/uploads\/2024\/08\/IMG_6203-rotated.jpg\" data-fancybox=\"wpcp_view\">\n\t\t<figure>\n\t\t\t<img loading=\"lazy\" decoding=\"async\" class=\"skip-lazy\" src=\"https:\/\/www.novaf.net\/wp-content\/uploads\/2024\/08\/IMG_6203-768x1024.jpg\" alt=\"IMG_6203\" width=\"768\" height=\"1024\">\t\t<\/figure>\n\t<\/a>\n\t\t<\/div>\n<\/div>\n\t<div class=\"swiper-slide\">\n\t<div class=\"wpcp-single-item\">\n\t\t\t<a class=\"wcp-light-box\" data-buttons=\"[&quot;close&quot;]\" data-wpc_url=\"https:\/\/www.novaf.net\/wp-content\/uploads\/2024\/08\/IMG_6209-768x1024.jpg\" href=\"https:\/\/www.novaf.net\/wp-content\/uploads\/2024\/08\/IMG_6209-rotated.jpg\" data-fancybox=\"wpcp_view\">\n\t\t<figure>\n\t\t\t<img loading=\"lazy\" decoding=\"async\" class=\"skip-lazy\" src=\"https:\/\/www.novaf.net\/wp-content\/uploads\/2024\/08\/IMG_6209-768x1024.jpg\" alt=\"IMG_6209\" width=\"768\" height=\"1024\">\t\t<\/figure>\n\t<\/a>\n\t\t<\/div>\n<\/div>\n\t<div class=\"swiper-slide\">\n\t<div class=\"wpcp-single-item\">\n\t\t\t<a class=\"wcp-light-box\" data-buttons=\"[&quot;close&quot;]\" data-wpc_url=\"https:\/\/www.novaf.net\/wp-content\/uploads\/2024\/08\/IMG_6211-768x1024.jpg\" href=\"https:\/\/www.novaf.net\/wp-content\/uploads\/2024\/08\/IMG_6211-rotated.jpg\" data-fancybox=\"wpcp_view\">\n\t\t<figure>\n\t\t\t<img loading=\"lazy\" decoding=\"async\" class=\"skip-lazy\" src=\"https:\/\/www.novaf.net\/wp-content\/uploads\/2024\/08\/IMG_6211-768x1024.jpg\" alt=\"IMG_6211\" width=\"768\" height=\"1024\">\t\t<\/figure>\n\t<\/a>\n\t\t<\/div>\n<\/div>\n\t<div class=\"swiper-slide\">\n\t<div class=\"wpcp-single-item\">\n\t\t\t<a class=\"wcp-light-box\" data-buttons=\"[&quot;close&quot;]\" data-wpc_url=\"https:\/\/www.novaf.net\/wp-content\/uploads\/2024\/08\/IMG_6216-768x1024.jpg\" href=\"https:\/\/www.novaf.net\/wp-content\/uploads\/2024\/08\/IMG_6216-rotated.jpg\" data-fancybox=\"wpcp_view\">\n\t\t<figure>\n\t\t\t<img loading=\"lazy\" decoding=\"async\" class=\"skip-lazy\" src=\"https:\/\/www.novaf.net\/wp-content\/uploads\/2024\/08\/IMG_6216-768x1024.jpg\" alt=\"IMG_6216\" width=\"768\" height=\"1024\">\t\t<\/figure>\n\t<\/a>\n\t\t<\/div>\n<\/div>\n\t<div class=\"swiper-slide\">\n\t<div class=\"wpcp-single-item\">\n\t\t\t<a class=\"wcp-light-box\" data-buttons=\"[&quot;close&quot;]\" data-wpc_url=\"https:\/\/www.novaf.net\/wp-content\/uploads\/2024\/08\/IMG_6219-768x1024.jpg\" href=\"https:\/\/www.novaf.net\/wp-content\/uploads\/2024\/08\/IMG_6219-rotated.jpg\" data-fancybox=\"wpcp_view\">\n\t\t<figure>\n\t\t\t<img loading=\"lazy\" decoding=\"async\" class=\"skip-lazy\" src=\"https:\/\/www.novaf.net\/wp-content\/uploads\/2024\/08\/IMG_6219-768x1024.jpg\" alt=\"IMG_6219\" width=\"768\" height=\"1024\">\t\t<\/figure>\n\t<\/a>\n\t\t<\/div>\n<\/div>\n\t<div class=\"swiper-slide\">\n\t<div class=\"wpcp-single-item\">\n\t\t\t<a class=\"wcp-light-box\" data-buttons=\"[&quot;close&quot;]\" data-wpc_url=\"https:\/\/www.novaf.net\/wp-content\/uploads\/2024\/08\/IMG_6221-768x1024.jpg\" href=\"https:\/\/www.novaf.net\/wp-content\/uploads\/2024\/08\/IMG_6221-rotated.jpg\" data-fancybox=\"wpcp_view\">\n\t\t<figure>\n\t\t\t<img loading=\"lazy\" decoding=\"async\" class=\"skip-lazy\" src=\"https:\/\/www.novaf.net\/wp-content\/uploads\/2024\/08\/IMG_6221-768x1024.jpg\" alt=\"IMG_6221\" width=\"768\" height=\"1024\">\t\t<\/figure>\n\t<\/a>\n\t\t<\/div>\n<\/div>\n\t\t\t<\/div>\n\t\t\t\t\t<div class=\"wpcp-swiper-dots swiper-pagination\"><\/div>\n\t\t\t\t<!-- If we need navigation buttons -->\n\t\t\t\t\t<div class=\"wpcp-prev-button swiper-button-prev\"><i class=\"fa fa-angle-left\"><\/i><\/div>\n\t\t\t<div class=\"wpcp-next-button swiper-button-next\"><i class=\"fa fa-angle-right\"><\/i><\/div>\n\t\t\t<\/div>\n\t<\/div>\n<\/div>\n[\/vc_column_text][\/vc_column][\/vc_row][vc_row padding_top_multiplier=&#8221;3x&#8221; padding_bottom_multiplier=&#8221;3x&#8221; section_id=&#8221;detalleprod&#8221;][vc_column width=&#8221;1\/12&#8243;][\/vc_column][vc_column width=&#8221;5\/6&#8243;]<h2 class=\"grve-element grve-title grve-align-left grve-h1\" style=\"\"><span>Muy ligero, construido en aluminio y materiales anticorrosivos.<\/span><\/h2><div class=\"grve-empty-space grve-height-1x\" style=\"\"><\/div>[vc_column_text]Fabricado en aluminio anticorrosivo el <strong>Andador con asiento y ruedas &#8220;<\/strong><strong>CITY BEACH&#8221;<\/strong> es un <strong>andador para la playa,<\/strong> c\u00f3modo, seguro y muy manejable en otras zonas con terrenos dif\u00edciles.<\/p>\n<p>El <strong>Andador con asiento y ruedas &#8220;<\/strong><strong>CITY BEACH&#8221;<\/strong><strong>\u00a0<\/strong>le har\u00e1 que pueda sentir y disfrutar de un d\u00eda de campo, playa, lago etc, que no imaginaba, con toda la comodidad que antes no ten\u00eda, ahora ya lo tiene.<\/p>\n<p>El <strong>Andador con asiento y ruedas &#8220;<\/strong><strong>CITY BEACH&#8221;<\/strong> cuenta con 2 tama\u00f1os de ruedas. Las ruedas delanteras son impinchables y de gran tama\u00f1o o di\u00e1metro para que el andador no se hunda y sea m\u00e1s estable en la arena. Cuentan con dibujo dentado para mayor agarre a superficies como la arena.<\/p>\n<p>Las ruedas traseras son las mismas que montamos en nuestro <strong>Andador con asiento y ruedas &#8220;<\/strong><strong>CITY BEACH&#8221;<\/strong>, que tienen un menor tama\u00f1o peor tambi\u00e9n cuentan con dibujo para un agarre apropiado a todo tipo de superficies<\/p>\n<p>Tambi\u00e9n gracias a estas ruedas podr\u00e1 desenvolverse muy bien en suelos irregulares.<\/p>\n<p>Mejore sus aventuras al aire libre con el <strong>Andador con asiento y ruedas &#8220;<\/strong><strong>CITY BEACH&#8221;<\/strong>. Fabricado con ruedas todoterreno duraderas, este andador ligero y port\u00e1til se desplaza sin esfuerzo por playas de arena, senderos con c\u00e9sped y superficies irregulares.<\/p>\n<p>Su dise\u00f1o ergon\u00f3mico cuenta con manillar ajustable y un asiento c\u00f3modo, lo que proporciona una maniobrabilidad y un soporte superiores. Con una construcci\u00f3n robusta y anticorrosiva, el <strong>Andador con asiento y ruedas &#8220;<\/strong><strong>CITY BEACH&#8221;<\/strong>\u00a0ofrece un rendimiento confiable en diversas condiciones clim\u00e1ticas, lo que garantiza su independencia y seguridad en cada viaje, ya sea una salida a la playa, una ruta de senderismo o los recados diarios.<\/p>\n<ul>\n<li>Ruedas de gran tama\u00f1o y duraderas que se desplazan sin esfuerzo por playas de arena, senderos con c\u00e9sped y otras superficies desafiantes para una capacidad todoterreno<\/li>\n<li>Construcci\u00f3n liviana y port\u00e1til de aluminio para un f\u00e1cil transporte y almacenamiento, lo que lo convierte en el compa\u00f1ero de viaje perfecto para aventuras al aire libre<\/li>\n<li>Manillar de dise\u00f1o ergon\u00f3mico y 5 configuraciones de altura ajustables para garantizar la m\u00e1xima comodidad y reducir la tensi\u00f3n en las mu\u00f1ecas y las manos<\/li>\n<li>Direcci\u00f3n suave y estabilidad mejorada para un excelente control y agilidad en cualquier terreno<\/li>\n<li>Materiales de alta calidad para una durabilidad duradera, lo que garantiza la confiabilidad en diversas condiciones clim\u00e1ticas y entornos<\/li>\n<li>Asiento hipoalerg\u00e9nico para lugares de descanso c\u00f3modos mientras viaja, con una espaciosa bolsa de almacenamiento para pertenencias personales<\/li>\n<li>Mecanismo de plegado r\u00e1pido y simple para una configuraci\u00f3n sin complicaciones y un almacenamiento compacto, lo que permite un f\u00e1cil transporte en autom\u00f3viles o transporte p\u00fablico<\/li>\n<li>Frenos de mano f\u00e1ciles de usar y un sistema de bloqueo seguro para mayor tranquilidad en superficies irregulares<\/li>\n<li>Fabricado con materiales anticorrosivos para un uso duradero<\/li>\n<li>Vers\u00e1til para salidas a la playa, senderos para caminatas, parques, compras y otras actividades al aire libre, que ofrece independencia y apoyo donde quiera que vaya<\/li>\n<\/ul>\n<p>Disfrute de un buen paseo con el <strong>Andador con asiento y ruedas &#8220;<\/strong><strong>CITY BEACH&#8221;<\/strong>\u00a0!!![\/vc_column_text]<div class=\"grve-empty-space grve-height-1x\" style=\"\"><\/div>[\/vc_column][vc_column width=&#8221;1\/12&#8243;][\/vc_column][\/vc_row][vc_row columns_gap=&#8221;none&#8221; equal_column_height=&#8221;middle-content&#8221; section_id=&#8221;especif-fichatec&#8221;][vc_column width=&#8221;1\/6&#8243;][\/vc_column][vc_column width=&#8221;5\/12&#8243;][vc_row_inner el_class=&#8221;fichaprod-extra&#8221;][vc_column_inner]<h3 class=\"grve-element grve-title grve-align-left grve-h2\" style=\"\"><span>Especificaciones<\/span><\/h3><div class=\"grve-empty-space\" style=\"height: 15px;\"><\/div><div class=\"grve-element grve-image grve-align-center\" style=\"\">  <div class=\"grve-image-wrapper\"><img loading=\"lazy\" decoding=\"async\" width=\"559\" height=\"625\" src=\"https:\/\/www.novaf.net\/wp-content\/uploads\/2026\/02\/especificaciones-andadores-rollator-military-y-city-beach-plus.jpg\" class=\"attachment-full size-full\" alt=\"\" srcset=\"https:\/\/www.novaf.net\/wp-content\/uploads\/2026\/02\/especificaciones-andadores-rollator-military-y-city-beach-plus.jpg 1x, 2x\" \/>   <\/div><\/div>[\/vc_column_inner][\/vc_row_inner][\/vc_column][vc_column width=&#8221;1\/4&#8243; el_id=&#8221;descficha&#8221; css=&#8221;.vc_custom_1703248282923{background-color: #00dee8 !important;}&#8221;]<div class=\"grve-element grve-box-icon grve-medium grve-top-icon grve-align-center\" style=\"\"><a href=\"https:\/\/www.novaf.net\/wp-content\/uploads\/pdf\/ficha-tecnica-andador-rollator-city-beach.pdf\" target=\"_blank\" rel=\"noopener noreferrer\"><div class=\"grve-image-icon\"><img loading=\"lazy\" decoding=\"async\" width=\"363\" height=\"384\" src=\"https:\/\/www.novaf.net\/wp-content\/uploads\/2023\/10\/icono-descarga-ficha-white.png\" class=\"attachment-full size-full\" alt=\"\" \/><\/div><div class=\"grve-box-content\"><div class=\"grve-box-title-wrapper\"><h3 class=\"grve-box-title grve-h3\">Descargar la ficha del producto<\/h3><\/div>  <p class=\"grve-subtitle\">Formato PDF<\/p><\/div><\/a><\/div>[\/vc_column][vc_column width=&#8221;1\/6&#8243;][\/vc_column][\/vc_row][vc_row][vc_column][\/vc_column][\/vc_row][vc_row bg_type=&#8221;image&#8221; bg_image=&#8221;15246&#8243; bg_image_type=&#8221;fixed&#8221; color_overlay=&#8221;custom&#8221; color_overlay_custom=&#8221;rgba(72,81,96,0.94)&#8221; padding_top_multiplier=&#8221;3x&#8221; padding_bottom_multiplier=&#8221;3x&#8221;][vc_column width=&#8221;1\/12&#8243;][\/vc_column][vc_column width=&#8221;5\/6&#8243;]<div class=\"grve-element grve-video\" style=\"\"><iframe loading=\"lazy\" title=\"2024   ROLLATOR CITY BEACH\" width=\"1080\" height=\"608\" src=\"https:\/\/www.youtube.com\/embed\/HOBfI_Uk4cA?feature=oembed\" frameborder=\"0\" allow=\"accelerometer; autoplay; clipboard-write; encrypted-media; gyroscope; picture-in-picture; web-share\" referrerpolicy=\"strict-origin-when-cross-origin\" allowfullscreen><\/iframe><\/div>[\/vc_column][vc_column width=&#8221;1\/12&#8243;][\/vc_column][\/vc_row][vc_row disable_element=&#8221;yes&#8221; padding_top_multiplier=&#8221;3x&#8221; padding_bottom_multiplier=&#8221;3x&#8221; section_id=&#8221;manualmante&#8221;][vc_column width=&#8221;1\/12&#8243;][\/vc_column][vc_column width=&#8221;5\/6&#8243;]<h2 class=\"grve-element grve-title grve-align-left grve-h1\" style=\"\"><span>Manual de mantenimiento<\/span><\/h2><div class=\"grve-empty-space grve-height-1x\" style=\"\"><\/div>[vc_column_text]<\/p>\n<ul>\n<li>Lavado con agua dulce del equipo en su totalidad de manera diaria.<\/li>\n<li>Desmontaje y lavado de todas las partes m\u00f3viles y sus tuercas cada 15 d\u00edas.<\/li>\n<li>Engrasar con aceite multiusos o vaselina l\u00edquida o vaselina todos los tornillos y tuercas cada 15 d\u00edas.<\/li>\n<li>Armado de nuevo de todos los tornillos y piezas m\u00f3viles.<\/li>\n<li>Desmontaje de ruedas traseras y lavados de ejes inoxidables cada 15 d\u00edas.<\/li>\n<\/ul>\n<p>[\/vc_column_text][\/vc_column][vc_column width=&#8221;1\/12&#8243;][\/vc_column][\/vc_row]<\/p>\n<\/section>","protected":false},"excerpt":{"rendered":"<p>El <strong>Andador con asiento y ruedas &#8220;<\/strong><strong>CITY BEACH&#8221;<\/strong> es un <strong>andador con asiento para la playa<\/strong>, campo y zonas donde el terreno es irregular, adoquinado, arenoso, etc.<\/p>\n<p><strong>(Incluye IVA 10%)<\/strong><\/p>\n","protected":false},"featured_media":16964,"template":"","meta":[],"product_cat":[79,81],"product_tag":[],"_links":{"self":[{"href":"https:\/\/www.novaf.net\/es\/wp-json\/wp\/v2\/product\/16962"}],"collection":[{"href":"https:\/\/www.novaf.net\/es\/wp-json\/wp\/v2\/product"}],"about":[{"href":"https:\/\/www.novaf.net\/es\/wp-json\/wp\/v2\/types\/product"}],"wp:featuredmedia":[{"embeddable":true,"href":"https:\/\/www.novaf.net\/es\/wp-json\/wp\/v2\/media\/16964"}],"wp:attachment":[{"href":"https:\/\/www.novaf.net\/es\/wp-json\/wp\/v2\/media?parent=16962"}],"wp:term":[{"taxonomy":"product_cat","embeddable":true,"href":"https:\/\/www.novaf.net\/es\/wp-json\/wp\/v2\/product_cat?post=16962"},{"taxonomy":"product_tag","embeddable":true,"href":"https:\/\/www.novaf.net\/es\/wp-json\/wp\/v2\/product_tag?post=16962"}],"curies":[{"name":"wp","href":"https:\/\/api.w.org\/{rel}","templated":true}]}}