{"id":15565,"date":"2023-09-09T17:44:34","date_gmt":"2023-09-09T17:44:34","guid":{"rendered":"https:\/\/www.novaf.net\/?post_type=product&#038;p=15565"},"modified":"2025-11-20T08:24:52","modified_gmt":"2025-11-20T08:24:52","slug":"chaleco-salvavidas","status":"publish","type":"product","link":"https:\/\/www.novaf.net\/es\/product\/chaleco-salvavidas\/","title":{"rendered":"CHALECO SALVAVIDAS"},"content":{"rendered":"<section class=\"wpb-content-wrapper\"><p>[vc_row disable_element=&#8221;yes&#8221; section_type=&#8221;fullwidth&#8221; padding_top_multiplier=&#8221;&#8221; padding_bottom_multiplier=&#8221;&#8221; columns_gap=&#8221;none&#8221; section_id=&#8221;walmart-venta-directa&#8221;][vc_column width=&#8221;1\/2&#8243;][\/vc_column][vc_column width=&#8221;1\/2&#8243; css=&#8221;.vc_custom_1695307009962{background-color: #1280c3 !important;}&#8221; el_class=&#8221;col-der&#8221;][vc_row_inner][vc_column_inner width=&#8221;1\/2&#8243;][vc_column_text]Tambi\u00e9n en:[\/vc_column_text][\/vc_column_inner][vc_column_inner width=&#8221;1\/2&#8243;]<div class=\"grve-element grve-image walmart-product grve-align-center\" style=\"\">  <div class=\"grve-image-wrapper\"><a href=\"https:\/\/www.walmart.com\/ip\/Axillary-Crutchers-Beach-Amphibious-Crutcher-Pair\/3596738572\" target=\"_blank\" rel=\"noopener noreferrer\"><img loading=\"lazy\" decoding=\"async\" width=\"369\" height=\"138\" src=\"https:\/\/www.novaf.net\/wp-content\/uploads\/2023\/07\/logowallmart.png\" class=\"attachment-full size-full\" alt=\"\" srcset=\"https:\/\/www.novaf.net\/wp-content\/uploads\/2023\/07\/logowallmart.png 369w, https:\/\/www.novaf.net\/wp-content\/uploads\/2023\/07\/logowallmart-300x112.png 300w\" sizes=\"(max-width: 369px) 100vw, 369px\" \/><\/a>   <\/div><\/div>[\/vc_column_inner][\/vc_row_inner][\/vc_column][\/vc_row][vc_row disable_element=&#8221;yes&#8221; section_type=&#8221;fullwidth&#8221; padding_top_multiplier=&#8221;&#8221; padding_bottom_multiplier=&#8221;&#8221; columns_gap=&#8221;none&#8221; section_id=&#8221;galeria-prod&#8221;][vc_column]<div class=\"grve-element grve-carousel grve-layout-1\" style=\"\">  <div class=\"grve-carousel-wrapper\"><div class=\"grve-carousel-navigation grve-dark grve-navigation-1 grve-navigation-carousel\"><div class=\"grve-carousel-buttons\"><div class=\"grve-carousel-prev\"><i class=\"grve-icon-nav-left-small\"><\/i><span class=\"screen-reader-text\">Previous<\/span><\/div><div class=\"grve-carousel-next\"><i class=\"grve-icon-nav-right-small\"><\/i><span class=\"screen-reader-text\">Next<\/span><\/div><\/div><\/div>    <div class=\"grve-carousel-element grve-gallery-popup \" data-items=\"5\" data-items-tablet-landscape=\"4\" data-items-tablet-portrait=\"3\" data-items-mobile=\"1\" data-slider-autoplay=\"yes\" data-slider-speed=\"3000\" data-slider-pause=\"no\" data-pagination-speed=\"400\" data-pagination=\"no\" data-slider-loop=\"yes\"><div class=\"grve-carousel-item grve-hover-item grve-hover-style-none\">  <figure class=\"grve-image-hover\">    <a class=\"grve-item-url\" href=\"https:\/\/www.novaf.net\/wp-content\/uploads\/2023\/11\/novaf-easy-02.jpg\"><\/a>    <div class=\"grve-hover-overlay grve-bg-light grve-opacity-90\"><\/div><div class=\"grve-media\"><img loading=\"lazy\" decoding=\"async\" width=\"560\" height=\"560\" src=\"https:\/\/www.novaf.net\/wp-content\/uploads\/2023\/11\/novaf-easy-02-560x560.jpg\" class=\"attachment-movedo-grve-small-square size-movedo-grve-small-square\" alt=\"\" srcset=\"https:\/\/www.novaf.net\/wp-content\/uploads\/2023\/11\/novaf-easy-02-560x560.jpg 560w, https:\/\/www.novaf.net\/wp-content\/uploads\/2023\/11\/novaf-easy-02-150x150.jpg 150w, https:\/\/www.novaf.net\/wp-content\/uploads\/2023\/11\/novaf-easy-02-300x300.jpg 300w, https:\/\/www.novaf.net\/wp-content\/uploads\/2023\/11\/novaf-easy-02-600x600.jpg 600w, https:\/\/www.novaf.net\/wp-content\/uploads\/2023\/11\/novaf-easy-02-100x100.jpg 100w, https:\/\/www.novaf.net\/wp-content\/uploads\/2023\/11\/novaf-easy-02.jpg 700w\" sizes=\"(max-width: 560px) 100vw, 560px\" \/><\/div>  <\/figure><\/div><div class=\"grve-carousel-item grve-hover-item grve-hover-style-none\">  <figure class=\"grve-image-hover\">    <a class=\"grve-item-url\" href=\"https:\/\/www.novaf.net\/wp-content\/uploads\/2023\/11\/novaf-easy-03.jpg\"><\/a>    <div class=\"grve-hover-overlay grve-bg-light grve-opacity-90\"><\/div><div class=\"grve-media\"><img loading=\"lazy\" decoding=\"async\" width=\"560\" height=\"560\" src=\"https:\/\/www.novaf.net\/wp-content\/uploads\/2023\/11\/novaf-easy-03-560x560.jpg\" class=\"attachment-movedo-grve-small-square size-movedo-grve-small-square\" alt=\"\" srcset=\"https:\/\/www.novaf.net\/wp-content\/uploads\/2023\/11\/novaf-easy-03-560x560.jpg 560w, https:\/\/www.novaf.net\/wp-content\/uploads\/2023\/11\/novaf-easy-03-150x150.jpg 150w, https:\/\/www.novaf.net\/wp-content\/uploads\/2023\/11\/novaf-easy-03-300x300.jpg 300w, https:\/\/www.novaf.net\/wp-content\/uploads\/2023\/11\/novaf-easy-03-600x600.jpg 600w, https:\/\/www.novaf.net\/wp-content\/uploads\/2023\/11\/novaf-easy-03-100x100.jpg 100w, https:\/\/www.novaf.net\/wp-content\/uploads\/2023\/11\/novaf-easy-03.jpg 700w\" sizes=\"(max-width: 560px) 100vw, 560px\" \/><\/div>  <\/figure><\/div><div class=\"grve-carousel-item grve-hover-item grve-hover-style-none\">  <figure class=\"grve-image-hover\">    <a class=\"grve-item-url\" href=\"https:\/\/www.novaf.net\/wp-content\/uploads\/2023\/11\/novaf-easy-04.jpg\"><\/a>    <div class=\"grve-hover-overlay grve-bg-light grve-opacity-90\"><\/div><div class=\"grve-media\"><img loading=\"lazy\" decoding=\"async\" width=\"560\" height=\"560\" src=\"https:\/\/www.novaf.net\/wp-content\/uploads\/2023\/11\/novaf-easy-04-560x560.jpg\" class=\"attachment-movedo-grve-small-square size-movedo-grve-small-square\" alt=\"NOVAF EASY CINTAS\/CINTUR\u00d3N DE TRANSFERENCIA (2 UNIDADES)\" srcset=\"https:\/\/www.novaf.net\/wp-content\/uploads\/2023\/11\/novaf-easy-04-560x560.jpg 560w, https:\/\/www.novaf.net\/wp-content\/uploads\/2023\/11\/novaf-easy-04-150x150.jpg 150w, https:\/\/www.novaf.net\/wp-content\/uploads\/2023\/11\/novaf-easy-04-300x300.jpg 300w, https:\/\/www.novaf.net\/wp-content\/uploads\/2023\/11\/novaf-easy-04-600x600.jpg 600w, https:\/\/www.novaf.net\/wp-content\/uploads\/2023\/11\/novaf-easy-04-100x100.jpg 100w, https:\/\/www.novaf.net\/wp-content\/uploads\/2023\/11\/novaf-easy-04.jpg 700w\" sizes=\"(max-width: 560px) 100vw, 560px\" \/><\/div>  <\/figure><\/div>\t  <\/div>\t<\/div><\/div>[\/vc_column][\/vc_row][vc_row padding_top_multiplier=&#8221;3x&#8221; padding_bottom_multiplier=&#8221;3x&#8221; section_id=&#8221;detalleprod&#8221;][vc_column width=&#8221;1\/12&#8243;][\/vc_column][vc_column width=&#8221;5\/6&#8243;]<h2 class=\"grve-element grve-title grve-align-left grve-h1\" style=\"\"><span>ESPECIFICACIONES DEL CHALECO SALVAVIDAS<\/span><\/h2><div class=\"grve-empty-space grve-height-1x\" style=\"\"><\/div>[vc_column_text]\u00b7 Tallas de adulto e infantiles<br \/>\n\u00b7 Cierre por cinchas reforzadas ajustables con clic de seguridad<br \/>\n\u00b7 Solapa flotante para cabeza<br \/>\n\u00b7 Cintas reflectantes<br \/>\n\u00b7 Silbato<br \/>\n\u00b7 Doble anclaje inferior<br \/>\n\u00b7 Resistente<br \/>\n\u00b7 F\u00e1cil de poner y quitar<br \/>\n\u00b7 Medidas para Adultos y Ni\u00f1os[\/vc_column_text]<div class=\"grve-empty-space grve-height-1x\" style=\"\"><\/div>[vc_row_inner disable_element=&#8221;yes&#8221; el_class=&#8221;fichaprod-extra&#8221;][vc_column_inner]<h3 class=\"grve-element grve-title grve-align-left grve-h2\" style=\"\"><span>Especificaciones<\/span><\/h3><div class=\"grve-empty-space\" style=\"height: 15px;\"><\/div>[\/vc_column_inner][vc_column_inner width=&#8221;1\/2&#8243;][vc_column_text]<\/p>\n<ul>\n<li>Largo: 184 cm. (Adulto) \/ 134 cm. (Ni\u00f1o)<\/li>\n<li>Ancho: 40 cm. (Adulto) \/ 34 cm. (Ni\u00f1o)<\/li>\n<\/ul>\n<p>[\/vc_column_text][\/vc_column_inner][vc_column_inner width=&#8221;1\/2&#8243;][vc_column_text]<\/p>\n<ul>\n<li>Altura: 7 cm.<\/li>\n<\/ul>\n<p>[\/vc_column_text][\/vc_column_inner][\/vc_row_inner][\/vc_column][vc_column width=&#8221;1\/12&#8243;][\/vc_column][\/vc_row][vc_row bg_type=&#8221;image&#8221; bg_image=&#8221;15571&#8243; bg_image_type=&#8221;fixed&#8221; color_overlay=&#8221;custom&#8221; color_overlay_custom=&#8221;rgba(72,81,96,0.94)&#8221; padding_top_multiplier=&#8221;3x&#8221; padding_bottom_multiplier=&#8221;3x&#8221;][vc_column width=&#8221;1\/12&#8243;][\/vc_column][vc_column width=&#8221;5\/6&#8243;][\/vc_column][vc_column width=&#8221;1\/12&#8243;][\/vc_column][\/vc_row][vc_row padding_top_multiplier=&#8221;3x&#8221; padding_bottom_multiplier=&#8221;3x&#8221; section_id=&#8221;manualmante&#8221;][vc_column width=&#8221;1\/12&#8243;][\/vc_column][vc_column width=&#8221;5\/6&#8243;]<h2 class=\"grve-element grve-title grve-align-left grve-h1\" style=\"\"><span>Manual de mantenimiento<\/span><\/h2><div class=\"grve-empty-space grve-height-1x\" style=\"\"><\/div>[vc_column_text]<\/p>\n<ul>\n<li>Lavado con agua dulce despu\u00e9s de su uso.<\/li>\n<\/ul>\n<p>[\/vc_column_text][\/vc_column][vc_column width=&#8221;1\/12&#8243;][\/vc_column][\/vc_row]<\/p>\n<\/section>","protected":false},"excerpt":{"rendered":"<p>Nuestro <strong>Chaleco Salvavidas<\/strong> est\u00e1 dise\u00f1ado para mantener una persona a flote y con las v\u00edas respiratorias fuera del agua incluso si no sabe nadar, est\u00e1 inconsciente o dormida.<\/p>\n<p><strong>(Incluye IVA 21%)<\/strong><\/p>\n","protected":false},"featured_media":17549,"template":"","meta":[],"product_cat":[79,83],"product_tag":[],"_links":{"self":[{"href":"https:\/\/www.novaf.net\/es\/wp-json\/wp\/v2\/product\/15565"}],"collection":[{"href":"https:\/\/www.novaf.net\/es\/wp-json\/wp\/v2\/product"}],"about":[{"href":"https:\/\/www.novaf.net\/es\/wp-json\/wp\/v2\/types\/product"}],"wp:featuredmedia":[{"embeddable":true,"href":"https:\/\/www.novaf.net\/es\/wp-json\/wp\/v2\/media\/17549"}],"wp:attachment":[{"href":"https:\/\/www.novaf.net\/es\/wp-json\/wp\/v2\/media?parent=15565"}],"wp:term":[{"taxonomy":"product_cat","embeddable":true,"href":"https:\/\/www.novaf.net\/es\/wp-json\/wp\/v2\/product_cat?post=15565"},{"taxonomy":"product_tag","embeddable":true,"href":"https:\/\/www.novaf.net\/es\/wp-json\/wp\/v2\/product_tag?post=15565"}],"curies":[{"name":"wp","href":"https:\/\/api.w.org\/{rel}","templated":true}]}}