{"id":15345,"date":"2023-12-03T09:00:10","date_gmt":"2023-12-03T09:00:10","guid":{"rendered":"https:\/\/www.novaf.net\/?post_type=product&#038;p=15345"},"modified":"2025-11-19T14:43:00","modified_gmt":"2025-11-19T14:43:00","slug":"novaf-easy-cinturon-de-transferencia","status":"publish","type":"product","link":"https:\/\/www.novaf.net\/es\/product\/novaf-easy-cinturon-de-transferencia\/","title":{"rendered":"NOVAF EASY CINTAS\/CINTUR\u00d3N DE TRANSFERENCIA (2 UNIDADES)"},"content":{"rendered":"<section class=\"wpb-content-wrapper\"><p>[vc_row disable_element=&#8221;yes&#8221; section_type=&#8221;fullwidth&#8221; padding_top_multiplier=&#8221;&#8221; padding_bottom_multiplier=&#8221;&#8221; columns_gap=&#8221;none&#8221; section_id=&#8221;walmart-venta-directa&#8221;][vc_column width=&#8221;1\/2&#8243;][\/vc_column][vc_column width=&#8221;1\/2&#8243; css=&#8221;.vc_custom_1695307009962{background-color: #1280c3 !important;}&#8221; el_class=&#8221;col-der&#8221;][vc_row_inner][vc_column_inner width=&#8221;1\/2&#8243;][vc_column_text]Tambi\u00e9n en:[\/vc_column_text][\/vc_column_inner][vc_column_inner width=&#8221;1\/2&#8243;]<div class=\"grve-element grve-image walmart-product grve-align-center\" style=\"\">  <div class=\"grve-image-wrapper\"><a href=\"https:\/\/www.walmart.com\/ip\/Axillary-Crutchers-Beach-Amphibious-Crutcher-Pair\/3596738572\" target=\"_blank\" rel=\"noopener noreferrer\"><img loading=\"lazy\" decoding=\"async\" width=\"369\" height=\"138\" src=\"https:\/\/www.novaf.net\/wp-content\/uploads\/2023\/07\/logowallmart.png\" class=\"attachment-full size-full\" alt=\"\" srcset=\"https:\/\/www.novaf.net\/wp-content\/uploads\/2023\/07\/logowallmart.png 369w, https:\/\/www.novaf.net\/wp-content\/uploads\/2023\/07\/logowallmart-300x112.png 300w\" sizes=\"(max-width: 369px) 100vw, 369px\" \/><\/a>   <\/div><\/div>[\/vc_column_inner][\/vc_row_inner][\/vc_column][\/vc_row][vc_row disable_element=&#8221;yes&#8221; section_type=&#8221;fullwidth&#8221; padding_top_multiplier=&#8221;&#8221; padding_bottom_multiplier=&#8221;&#8221; columns_gap=&#8221;none&#8221; section_id=&#8221;galeria-prod&#8221;][vc_column]<div class=\"grve-element grve-carousel grve-layout-1\" style=\"\">  <div class=\"grve-carousel-wrapper\"><div class=\"grve-carousel-navigation grve-dark grve-navigation-1 grve-navigation-carousel\"><div class=\"grve-carousel-buttons\"><div class=\"grve-carousel-prev\"><i class=\"grve-icon-nav-left-small\"><\/i><span class=\"screen-reader-text\">Previous<\/span><\/div><div class=\"grve-carousel-next\"><i class=\"grve-icon-nav-right-small\"><\/i><span class=\"screen-reader-text\">Next<\/span><\/div><\/div><\/div>    <div class=\"grve-carousel-element grve-gallery-popup \" data-items=\"5\" data-items-tablet-landscape=\"4\" data-items-tablet-portrait=\"3\" data-items-mobile=\"1\" data-slider-autoplay=\"yes\" data-slider-speed=\"3000\" data-slider-pause=\"no\" data-pagination-speed=\"400\" data-pagination=\"no\" data-slider-loop=\"yes\"><div class=\"grve-carousel-item grve-hover-item grve-hover-style-none\">  <figure class=\"grve-image-hover\">    <a class=\"grve-item-url\" href=\"https:\/\/www.novaf.net\/wp-content\/uploads\/2023\/11\/novaf-easy-02.jpg\"><\/a>    <div class=\"grve-hover-overlay grve-bg-light grve-opacity-90\"><\/div><div class=\"grve-media\"><img loading=\"lazy\" decoding=\"async\" width=\"560\" height=\"560\" src=\"https:\/\/www.novaf.net\/wp-content\/uploads\/2023\/11\/novaf-easy-02-560x560.jpg\" class=\"attachment-movedo-grve-small-square size-movedo-grve-small-square\" alt=\"\" srcset=\"https:\/\/www.novaf.net\/wp-content\/uploads\/2023\/11\/novaf-easy-02-560x560.jpg 560w, https:\/\/www.novaf.net\/wp-content\/uploads\/2023\/11\/novaf-easy-02-150x150.jpg 150w, https:\/\/www.novaf.net\/wp-content\/uploads\/2023\/11\/novaf-easy-02-300x300.jpg 300w, https:\/\/www.novaf.net\/wp-content\/uploads\/2023\/11\/novaf-easy-02-600x600.jpg 600w, https:\/\/www.novaf.net\/wp-content\/uploads\/2023\/11\/novaf-easy-02-100x100.jpg 100w, https:\/\/www.novaf.net\/wp-content\/uploads\/2023\/11\/novaf-easy-02.jpg 700w\" sizes=\"(max-width: 560px) 100vw, 560px\" \/><\/div>  <\/figure><\/div><div class=\"grve-carousel-item grve-hover-item grve-hover-style-none\">  <figure class=\"grve-image-hover\">    <a class=\"grve-item-url\" href=\"https:\/\/www.novaf.net\/wp-content\/uploads\/2023\/11\/novaf-easy-03.jpg\"><\/a>    <div class=\"grve-hover-overlay grve-bg-light grve-opacity-90\"><\/div><div class=\"grve-media\"><img loading=\"lazy\" decoding=\"async\" width=\"560\" height=\"560\" src=\"https:\/\/www.novaf.net\/wp-content\/uploads\/2023\/11\/novaf-easy-03-560x560.jpg\" class=\"attachment-movedo-grve-small-square size-movedo-grve-small-square\" alt=\"\" srcset=\"https:\/\/www.novaf.net\/wp-content\/uploads\/2023\/11\/novaf-easy-03-560x560.jpg 560w, https:\/\/www.novaf.net\/wp-content\/uploads\/2023\/11\/novaf-easy-03-150x150.jpg 150w, https:\/\/www.novaf.net\/wp-content\/uploads\/2023\/11\/novaf-easy-03-300x300.jpg 300w, https:\/\/www.novaf.net\/wp-content\/uploads\/2023\/11\/novaf-easy-03-600x600.jpg 600w, https:\/\/www.novaf.net\/wp-content\/uploads\/2023\/11\/novaf-easy-03-100x100.jpg 100w, https:\/\/www.novaf.net\/wp-content\/uploads\/2023\/11\/novaf-easy-03.jpg 700w\" sizes=\"(max-width: 560px) 100vw, 560px\" \/><\/div>  <\/figure><\/div><div class=\"grve-carousel-item grve-hover-item grve-hover-style-none\">  <figure class=\"grve-image-hover\">    <a class=\"grve-item-url\" href=\"https:\/\/www.novaf.net\/wp-content\/uploads\/2023\/11\/novaf-easy-04.jpg\"><\/a>    <div class=\"grve-hover-overlay grve-bg-light grve-opacity-90\"><\/div><div class=\"grve-media\"><img loading=\"lazy\" decoding=\"async\" width=\"560\" height=\"560\" src=\"https:\/\/www.novaf.net\/wp-content\/uploads\/2023\/11\/novaf-easy-04-560x560.jpg\" class=\"attachment-movedo-grve-small-square size-movedo-grve-small-square\" alt=\"NOVAF EASY CINTAS\/CINTUR\u00d3N DE TRANSFERENCIA (2 UNIDADES)\" srcset=\"https:\/\/www.novaf.net\/wp-content\/uploads\/2023\/11\/novaf-easy-04-560x560.jpg 560w, https:\/\/www.novaf.net\/wp-content\/uploads\/2023\/11\/novaf-easy-04-150x150.jpg 150w, https:\/\/www.novaf.net\/wp-content\/uploads\/2023\/11\/novaf-easy-04-300x300.jpg 300w, https:\/\/www.novaf.net\/wp-content\/uploads\/2023\/11\/novaf-easy-04-600x600.jpg 600w, https:\/\/www.novaf.net\/wp-content\/uploads\/2023\/11\/novaf-easy-04-100x100.jpg 100w, https:\/\/www.novaf.net\/wp-content\/uploads\/2023\/11\/novaf-easy-04.jpg 700w\" sizes=\"(max-width: 560px) 100vw, 560px\" \/><\/div>  <\/figure><\/div>\t  <\/div>\t<\/div><\/div>[\/vc_column][\/vc_row][vc_row padding_top_multiplier=&#8221;3x&#8221; padding_bottom_multiplier=&#8221;3x&#8221; section_id=&#8221;detalleprod&#8221;][vc_column width=&#8221;1\/12&#8243;][\/vc_column][vc_column width=&#8221;5\/6&#8243;]<h2 class=\"grve-element grve-title grve-align-left grve-h1\" style=\"\"><span>Traslado sin dificultad<\/span><\/h2><div class=\"grve-empty-space grve-height-1x\" style=\"\"><\/div>[vc_column_text]<strong>NOVAF EASY CINTAS\/CINTUR\u00d3N DE TRANSFERENCIA<\/strong> sujeta a la persona con discapacidad entre el gl\u00fateo y el muslo para realizar la transferencia con ayuda de los asistentes. El producto sit\u00faa dos puntos de sujeci\u00f3n, uno en la espalda de la persona con discapacidad y otro en las piernas.<\/p>\n<p><img loading=\"lazy\" decoding=\"async\" class=\"alignnone size-medium wp-image-15359\" src=\"https:\/\/www.novaf.net\/wp-content\/uploads\/2023\/11\/novaf-easy-espanol-800x273.jpg\" alt=\"\" width=\"800\" height=\"273\" srcset=\"https:\/\/www.novaf.net\/wp-content\/uploads\/2023\/11\/novaf-easy-espanol-800x273.jpg 800w, https:\/\/www.novaf.net\/wp-content\/uploads\/2023\/11\/novaf-easy-espanol-1024x350.jpg 1024w, https:\/\/www.novaf.net\/wp-content\/uploads\/2023\/11\/novaf-easy-espanol-768x262.jpg 768w, https:\/\/www.novaf.net\/wp-content\/uploads\/2023\/11\/novaf-easy-espanol-600x205.jpg 600w, https:\/\/www.novaf.net\/wp-content\/uploads\/2023\/11\/novaf-easy-espanol.jpg 1113w\" sizes=\"(max-width: 800px) 100vw, 800px\" \/>[\/vc_column_text]<div class=\"grve-empty-space grve-height-1x\" style=\"\"><\/div>[\/vc_column][vc_column width=&#8221;1\/12&#8243;][\/vc_column][\/vc_row][vc_row columns_gap=&#8221;none&#8221; equal_column_height=&#8221;middle-content&#8221; section_id=&#8221;especif-fichatec&#8221;][vc_column width=&#8221;1\/6&#8243;][\/vc_column][vc_column width=&#8221;5\/12&#8243;][vc_row_inner el_class=&#8221;fichaprod-extra&#8221;][vc_column_inner]<h3 class=\"grve-element grve-title grve-align-left grve-h2\" style=\"\"><span>Especificaciones<\/span><\/h3><div class=\"grve-empty-space\" style=\"height: 15px;\"><\/div>[\/vc_column_inner][vc_column_inner width=&#8221;1\/2&#8243;][vc_column_text]<\/p>\n<ul>\n<li>Largo: 15 cm.<\/li>\n<li>Ancho: 5,5 cm.<\/li>\n<\/ul>\n<p>[\/vc_column_text][\/vc_column_inner][vc_column_inner width=&#8221;1\/2&#8243;][vc_column_text]<\/p>\n<ul>\n<li>Capacidad de carga: 150 Kg.<\/li>\n<li>Composici\u00f3n: Nylon &#8211; Algod\u00f3n<\/li>\n<\/ul>\n<p>[\/vc_column_text][\/vc_column_inner][\/vc_row_inner][\/vc_column][vc_column width=&#8221;1\/4&#8243; el_id=&#8221;descficha&#8221; css=&#8221;.vc_custom_1703248282923{background-color: #00dee8 !important;}&#8221;]<div class=\"grve-element grve-box-icon grve-medium grve-top-icon grve-align-center\" style=\"\"><a href=\"\/wp-content\/uploads\/pdf\/ficha-tecnica-novaf-easy.pdf\" target=\"_blank\" rel=\"noopener noreferrer\"><div class=\"grve-image-icon\"><img loading=\"lazy\" decoding=\"async\" width=\"363\" height=\"384\" src=\"https:\/\/www.novaf.net\/wp-content\/uploads\/2023\/10\/icono-descarga-ficha-white.png\" class=\"attachment-full size-full\" alt=\"\" \/><\/div><div class=\"grve-box-content\"><div class=\"grve-box-title-wrapper\"><h3 class=\"grve-box-title grve-h3\">Descargar la ficha del producto<\/h3><\/div>  <p class=\"grve-subtitle\">Formato PDF<\/p><\/div><\/a><\/div>[\/vc_column][vc_column width=&#8221;1\/6&#8243;][\/vc_column][\/vc_row][vc_row][vc_column][\/vc_column][\/vc_row][vc_row bg_type=&#8221;image&#8221; bg_image=&#8221;15357&#8243; bg_image_type=&#8221;fixed&#8221; color_overlay=&#8221;custom&#8221; color_overlay_custom=&#8221;rgba(72,81,96,0.94)&#8221; padding_top_multiplier=&#8221;3x&#8221; padding_bottom_multiplier=&#8221;3x&#8221;][vc_column width=&#8221;1\/12&#8243;][\/vc_column][vc_column width=&#8221;5\/6&#8243;]<div class=\"grve-element grve-video\" style=\"\"><iframe loading=\"lazy\" title=\"2024   NOVAF EASY\" width=\"1080\" height=\"608\" src=\"https:\/\/www.youtube.com\/embed\/MuGsUVAK5mE?feature=oembed\" frameborder=\"0\" allow=\"accelerometer; autoplay; clipboard-write; encrypted-media; gyroscope; picture-in-picture; web-share\" referrerpolicy=\"strict-origin-when-cross-origin\" allowfullscreen><\/iframe><\/div>[\/vc_column][vc_column width=&#8221;1\/12&#8243;][\/vc_column][\/vc_row][vc_row disable_element=&#8221;yes&#8221; padding_top_multiplier=&#8221;3x&#8221; padding_bottom_multiplier=&#8221;3x&#8221; section_id=&#8221;manualmante&#8221;][vc_column width=&#8221;1\/12&#8243;][\/vc_column][vc_column width=&#8221;5\/6&#8243;]<h2 class=\"grve-element grve-title grve-align-left grve-h1\" style=\"\"><span>Manual de mantenimiento<\/span><\/h2><div class=\"grve-empty-space grve-height-1x\" style=\"\"><\/div>[vc_column_text]<\/p>\n<ul>\n<li>Lavado con agua dulce del equipo en su totalidad de manera diaria.<\/li>\n<li>Desmontaje y lavado de todas las partes m\u00f3viles y sus tuercas cada 15 d\u00edas.<\/li>\n<li>Engrasar con aceite multiusos o vaselina l\u00edquida o vaselina todos los tornillos y tuercas cada 15 d\u00edas.<\/li>\n<li>Armado de nuevo de todos los tornillos y piezas m\u00f3viles.<\/li>\n<li>Desmontaje de ruedas traseras y lavados de ejes inoxidables cada 15 d\u00edas.<\/li>\n<\/ul>\n<p>[\/vc_column_text][\/vc_column][vc_column width=&#8221;1\/12&#8243;][\/vc_column][\/vc_row]<\/p>\n<\/section>","protected":false},"excerpt":{"rendered":"<p>\u00bfQu\u00e9 es <strong>NOVAF EASY CINTAS\/CINTUR\u00d3N DE TRANSFERENCIA<\/strong>?. Es un dispositivo que permite trasladar a la persona en posici\u00f3n de sedestaci\u00f3n desde la silla de ruedas a otro asiento, sin necesidad de sujetarla por los brazos y las piernas.<\/p>\n<p><strong>(Incluye IVA 10%)<\/strong><\/p>\n","protected":false},"featured_media":15352,"template":"","meta":[],"product_cat":[79,83],"product_tag":[],"_links":{"self":[{"href":"https:\/\/www.novaf.net\/es\/wp-json\/wp\/v2\/product\/15345"}],"collection":[{"href":"https:\/\/www.novaf.net\/es\/wp-json\/wp\/v2\/product"}],"about":[{"href":"https:\/\/www.novaf.net\/es\/wp-json\/wp\/v2\/types\/product"}],"wp:featuredmedia":[{"embeddable":true,"href":"https:\/\/www.novaf.net\/es\/wp-json\/wp\/v2\/media\/15352"}],"wp:attachment":[{"href":"https:\/\/www.novaf.net\/es\/wp-json\/wp\/v2\/media?parent=15345"}],"wp:term":[{"taxonomy":"product_cat","embeddable":true,"href":"https:\/\/www.novaf.net\/es\/wp-json\/wp\/v2\/product_cat?post=15345"},{"taxonomy":"product_tag","embeddable":true,"href":"https:\/\/www.novaf.net\/es\/wp-json\/wp\/v2\/product_tag?post=15345"}],"curies":[{"name":"wp","href":"https:\/\/api.w.org\/{rel}","templated":true}]}}