{"id":15301,"date":"2023-09-09T13:06:59","date_gmt":"2023-09-09T13:06:59","guid":{"rendered":"https:\/\/www.novaf.net\/?post_type=product&#038;p=15301"},"modified":"2025-11-20T08:24:25","modified_gmt":"2025-11-20T08:24:25","slug":"camilla-con-ruedas-para-playa-snorkel","status":"publish","type":"product","link":"https:\/\/www.novaf.net\/es\/product\/camilla-con-ruedas-para-playa-snorkel\/","title":{"rendered":"CAMILLA CON RUEDAS PARA PLAYA &#8220;SNORKEL&#8221;"},"content":{"rendered":"<section class=\"wpb-content-wrapper\"><p>[vc_row disable_element=&#8221;yes&#8221; section_type=&#8221;fullwidth&#8221; padding_top_multiplier=&#8221;&#8221; padding_bottom_multiplier=&#8221;&#8221; columns_gap=&#8221;none&#8221; section_id=&#8221;walmart-venta-directa&#8221;][vc_column width=&#8221;1\/2&#8243;][\/vc_column][vc_column width=&#8221;1\/2&#8243; css=&#8221;.vc_custom_1695307009962{background-color: #1280c3 !important;}&#8221; el_class=&#8221;col-der&#8221;][vc_row_inner][vc_column_inner width=&#8221;1\/2&#8243;][vc_column_text]Tambi\u00e9n en:[\/vc_column_text][\/vc_column_inner][vc_column_inner width=&#8221;1\/2&#8243;]<div class=\"grve-element grve-image walmart-product grve-align-center\" style=\"\">  <div class=\"grve-image-wrapper\"><a href=\"https:\/\/www.walmart.com\/ip\/Crutches-for-Beach-Amphibious-Crutches-Kit\/1697079948\" target=\"_blank\" rel=\"noopener noreferrer\"><img loading=\"lazy\" decoding=\"async\" width=\"369\" height=\"138\" src=\"https:\/\/www.novaf.net\/wp-content\/uploads\/2023\/07\/logowallmart.png\" class=\"attachment-full size-full\" alt=\"\" srcset=\"https:\/\/www.novaf.net\/wp-content\/uploads\/2023\/07\/logowallmart.png 369w, https:\/\/www.novaf.net\/wp-content\/uploads\/2023\/07\/logowallmart-300x112.png 300w\" sizes=\"(max-width: 369px) 100vw, 369px\" \/><\/a>   <\/div><\/div>[\/vc_column_inner][\/vc_row_inner][\/vc_column][\/vc_row][vc_row section_type=&#8221;fullwidth&#8221; padding_top_multiplier=&#8221;&#8221; padding_bottom_multiplier=&#8221;&#8221; columns_gap=&#8221;none&#8221; section_id=&#8221;galeria-prod&#8221;][vc_column][vc_column_text]<style id=\"wp_carousel_dynamic_css16715\">.sp-wp-carousel-free-id-16715.wpcf-fancybox-wrapper .fancybox-bg{background: #0b0b0b;opacity: 0.8;}.sp-wp-carousel-free-id-16715.wpcf-fancybox-wrapper .fancybox-navigation .fancybox-button .wpcp-fancybox-nav-arrow i {color: #ccc;}.sp-wp-carousel-free-id-16715.wpcf-fancybox-wrapper .fancybox-navigation .fancybox-button .wpcp-fancybox-nav-arrow i:hover {color: #fff;}.sp-wp-carousel-free-id-16715.wpcf-fancybox-wrapper .fancybox-navigation .fancybox-button {background: #1e1e1e;}.sp-wp-carousel-free-id-16715.wpcf-fancybox-wrapper .fancybox-navigation .fancybox-button:hover {background: #1e1e1e;}#sp-wp-carousel-free-id-16715 .wpcp-swiper-dots {margin: 40px 0px 0px 0px;}.wpcp-wrapper-16715 .swiper-wrapper .swiper-slide-kenburn, .wpcp-wrapper-16715 .swiper-wrapper, .wpcp-wrapper-16715 .wpcpro-row{align-items: center;}#sp-wp-carousel-free-id-16715 .wpcp-single-item {box-shadow: 0px 0px 0px 0px #dddddd;transition: all .3s;margin: 0px;}#sp-wp-carousel-free-id-16715.swiper-flip .wpcp-single-item{margin: 0!important;}#sp-wp-carousel-free-id-16715 .wpcp-single-item:hover {box-shadow: 0px 0px 0px 0px #dddddd;}#sp-wp-carousel-free-id-16715.sp-wpcp-16715 .wpcp-single-item {border: 1px solid #dddddd;}#sp-wp-carousel-free-id-16715.wpcp-carousel-section.sp-wpcp-16715 .swiper-button-prev,#sp-wp-carousel-free-id-16715.wpcp-carousel-section.sp-wpcp-16715 .swiper-button-next,#sp-wp-carousel-free-id-16715.wpcp-carousel-section.sp-wpcp-16715 .swiper-button-prev:hover,#sp-wp-carousel-free-id-16715.wpcp-carousel-section.sp-wpcp-16715 .swiper-button-next:hover {font-size: 18px ; font-weight: 400;}#sp-wp-carousel-free-id-16715.sp-wpcp-16715 .swiper-button-prev,#sp-wp-carousel-free-id-16715.sp-wpcp-16715 .swiper-button-next,#sp-wp-carousel-free-id-16715.sp-wpcp-16715 .swiper-button-prev:hover,#sp-wp-carousel-free-id-16715.sp-wpcp-16715 .swiper-button-next:hover {background: none;border: none;font-size: 30px;}#sp-wp-carousel-free-id-16715.sp-wpcp-16715 .swiper-button-prev i,#sp-wp-carousel-free-id-16715.sp-wpcp-16715 .swiper-button-next i {color: #aaa;}#sp-wp-carousel-free-id-16715.sp-wpcp-16715 .swiper-button-prev i:hover,#sp-wp-carousel-free-id-16715.sp-wpcp-16715 .swiper-button-next i:hover {color: #178087;}#sp-wp-carousel-free-id-16715.sp-wpcp-16715 .wpcp-swiper-dots .swiper-pagination-bullet {background-color: #cccccc;}#sp-wp-carousel-free-id-16715.sp-wpcp-16715 .wpcp-swiper-dots .swiper-pagination-bullet.swiper-pagination-bullet-active {background-color: #178087;} #sp-wp-carousel-free-id-16715.sp-wpcp-16715.wpcp-image-carousel .wpcp-single-item:hover img, #sp-wp-carousel-free-id-16715.sp-wpcp-16715.wpcp-post-carousel .wpcp-single-item:hover img, #sp-wp-carousel-free-id-16715.sp-wpcp-16715.wpcp-product-carousel .wpcp-single-item:hover img{-webkit-transform: scale(1.2);-moz-transform: scale(1.2);transform: scale(1.2);}#sp-wp-carousel-free-id-16715 .wpcpro-row>[class*=\"wpcpro-col-\"] { padding: 0 0px; padding-bottom: 0px;} #sp-wp-carousel-free-id-16715 .swiper-slide .single-item-fade:not(:last-child) { margin-right: 0px;}@media (min-width: 480px) { .wpcpro-row .wpcpro-col-sm-1 { flex: 0 0 100%; max-width: 100%; } .wpcpro-row .wpcpro-col-sm-2 { flex: 0 0 50%; max-width: 50%; } .wpcpro-row .wpcpro-col-sm-2-5 { flex: 0 0 75%; max-width: 75%; } .wpcpro-row .wpcpro-col-sm-3 { flex: 0 0 33.333%; max-width: 33.333%; } .wpcpro-row .wpcpro-col-sm-4 { flex: 0 0 25%; max-width: 25%; } .wpcpro-row .wpcpro-col-sm-5 { flex: 0 0 20%; max-width: 20%; } .wpcpro-row .wpcpro-col-sm-6 { flex: 0 0 16.66666666666667%; max-width: 16.66666666666667%; } .wpcpro-row .wpcpro-col-sm-7 { flex: 0 0 14.28571428%; max-width: 14.28571428%; } .wpcpro-row .wpcpro-col-sm-8 { flex: 0 0 12.5%; max-width: 12.5%; } } @media (max-width: 480px) { .wpcpro-row .wpcpro-col-xs-1 { flex: 0 0 100%; max-width: 100%; } .wpcpro-row .wpcpro-col-xs-2 { flex: 0 0 50%; max-width: 50%; } .wpcpro-row .wpcpro-col-xs-3 { flex: 0 0 33.222%; max-width: 33.222%; } .wpcpro-row .wpcpro-col-xs-4 { flex: 0 0 25%; max-width: 25%; } .wpcpro-row .wpcpro-col-xs-5 { flex: 0 0 20%; max-width: 20%; } .wpcpro-row .wpcpro-col-xs-6 { flex: 0 0 16.6667%; max-width: 16.6667%; } .wpcpro-row .wpcpro-col-xs-7 { flex: 0 0 14.28571428%; max-width: 14.28571428%; } .wpcpro-row .wpcpro-col-xs-8 { flex: 0 0 12.5%; max-width: 12.5%; } } @media (min-width: 736px) { .wpcpro-row .wpcpro-col-md-1 { flex: 0 0 100%; max-width: 100%; } .wpcpro-row .wpcpro-col-md-2 { flex: 0 0 50%; max-width: 50%; } .wpcpro-row .wpcpro-col-md-2-5 { flex: 0 0 75%; max-width: 75%; } .wpcpro-row .wpcpro-col-md-3 { flex: 0 0 33.333%; max-width: 33.333%; } .wpcpro-row .wpcpro-col-md-4 { flex: 0 0 25%; max-width: 25%; } .wpcpro-row .wpcpro-col-md-5 { flex: 0 0 20%; max-width: 20%; } .wpcpro-row .wpcpro-col-md-6 { flex: 0 0 16.66666666666667%; max-width: 16.66666666666667%; } .wpcpro-row .wpcpro-col-md-7 { flex: 0 0 14.28571428%; max-width: 14.28571428%; } .wpcpro-row .wpcpro-col-md-8 { flex: 0 0 12.5%; max-width: 12.5%; } } @media (min-width: 980px) { .wpcpro-row .wpcpro-col-lg-1 { flex: 0 0 100%; max-width: 100%; } .wpcpro-row .wpcpro-col-lg-2 { flex: 0 0 50%; max-width: 50%; } .wpcpro-row .wpcpro-col-lg-3 { flex: 0 0 33.222%; max-width: 33.222%; } .wpcpro-row .wpcpro-col-lg-4 { flex: 0 0 25%; max-width: 25%; } .wpcpro-row .wpcpro-col-lg-5 { flex: 0 0 20%; max-width: 20%; } .wpcpro-row .wpcpro-col-lg-6 { flex: 0 0 16.6667%; max-width: 16.6667%; } .wpcpro-row .wpcpro-col-lg-7 { flex: 0 0 14.28571428%; max-width: 14.28571428%; } .wpcpro-row .wpcpro-col-lg-8 { flex: 0 0 12.5%; max-width: 12.5%; } } @media (min-width: 1200px) { .wpcpro-row .wpcpro-col-xl-1 { flex: 0 0 100%; max-width: 100%; } .wpcpro-row .wpcpro-col-xl-2 { flex: 0 0 50%; max-width: 50%; } .wpcpro-row .wpcpro-col-xl-3 { flex: 0 0 33.22222222%; max-width: 33.22222222%; } .wpcpro-row .wpcpro-col-xl-4 { flex: 0 0 25%; max-width: 25%; } .wpcpro-row .wpcpro-col-xl-5 { flex: 0 0 20%; max-width: 20%; } .wpcpro-row .wpcpro-col-xl-6 { flex: 0 0 16.66667%; max-width: 16.66667%; } .wpcpro-row .wpcpro-col-xl-7 { flex: 0 0 14.28571428%; max-width: 14.28571428%; } .wpcpro-row .wpcpro-col-xl-8 { flex: 0 0 12.5%; max-width: 12.5%; } }<\/style><div class=\"wpcp-carousel-wrapper wpcp-wrapper-16715\">\n\t<div id=\"wpcp-preloader-16715\" class=\"wpcp-carousel-preloader\"><img decoding=\"async\" src=\"https:\/\/www.novaf.net\/wp-content\/plugins\/wp-carousel-free\/public\/css\/spinner.svg\" alt=\"Preloader Image\" \/><\/div>\t<div class=\"wpcp-carousel-content-wrapper\">\n\t<div id=\"sp-wp-carousel-free-id-16715\" class=\"wpcp-carousel-section sp-wpcp-16715  nav-vertical-center wpcp-image-carousel wpcp-preloader wpcp-standard\" data-swiper='{ &quot;pagination_type&quot;: &quot;dots&quot;,&quot;accessibility&quot;:true, &quot;spaceBetween&quot;:0, &quot;arrows&quot;:true, &quot;freeMode&quot;: false, &quot;autoplay&quot;:true, &quot;effect&quot;: &quot;&quot;, &quot;centerMode&quot;: false, &quot;autoplaySpeed&quot;:3000, &quot;dots&quot;:true, &quot;infinite&quot;:true, &quot;speed&quot;:600, &quot;pauseOnHover&quot;:true,\n\t\t\t&quot;slidesToShow&quot;:{&quot;lg_desktop&quot;:5, &quot;desktop&quot;: 4, &quot;laptop&quot;: 3, &quot;tablet&quot;: 2, &quot;mobile&quot;: 1}, &quot;responsive&quot;:{&quot;desktop&quot;:1200, &quot;laptop&quot;: 980, &quot;tablet&quot;: 736, &quot;mobile&quot;: 480}, &quot;rtl&quot;:false, &quot;lazyLoad&quot;: &quot;false&quot;, &quot;swipe&quot;: true, &quot;draggable&quot;: true, &quot;swipeToSlide&quot;:false }' dir=\"ltr\">\n\t\t<div class=\"swiper-wrapper\">\n\t\t<div class=\"swiper-slide\">\n\t<div class=\"wpcp-single-item\">\n\t\t\t<a class=\"wcp-light-box\" data-buttons=\"[&quot;close&quot;]\" data-wpc_url=\"https:\/\/www.novaf.net\/wp-content\/uploads\/2023\/11\/snorkel08-1024x1024.jpg\" href=\"https:\/\/www.novaf.net\/wp-content\/uploads\/2023\/11\/snorkel08.jpg\" data-fancybox=\"wpcp_view\">\n\t\t<figure>\n\t\t\t<img loading=\"lazy\" decoding=\"async\" class=\"skip-lazy\" src=\"https:\/\/www.novaf.net\/wp-content\/uploads\/2023\/11\/snorkel08-1024x1024.jpg\" alt=\"snorkel08\" width=\"1024\" height=\"1024\">\t\t<\/figure>\n\t<\/a>\n\t\t<\/div>\n<\/div>\n\t<div class=\"swiper-slide\">\n\t<div class=\"wpcp-single-item\">\n\t\t\t<a class=\"wcp-light-box\" data-buttons=\"[&quot;close&quot;]\" data-wpc_url=\"https:\/\/www.novaf.net\/wp-content\/uploads\/2023\/11\/snorkel06-1024x1024.jpg\" href=\"https:\/\/www.novaf.net\/wp-content\/uploads\/2023\/11\/snorkel06.jpg\" data-fancybox=\"wpcp_view\">\n\t\t<figure>\n\t\t\t<img loading=\"lazy\" decoding=\"async\" class=\"skip-lazy\" src=\"https:\/\/www.novaf.net\/wp-content\/uploads\/2023\/11\/snorkel06-1024x1024.jpg\" alt=\"snorkel06\" width=\"1024\" height=\"1024\">\t\t<\/figure>\n\t<\/a>\n\t\t<\/div>\n<\/div>\n\t<div class=\"swiper-slide\">\n\t<div class=\"wpcp-single-item\">\n\t\t\t<a class=\"wcp-light-box\" data-buttons=\"[&quot;close&quot;]\" data-wpc_url=\"https:\/\/www.novaf.net\/wp-content\/uploads\/2023\/11\/snorkel05-1024x1024.jpg\" href=\"https:\/\/www.novaf.net\/wp-content\/uploads\/2023\/11\/snorkel05.jpg\" data-fancybox=\"wpcp_view\">\n\t\t<figure>\n\t\t\t<img loading=\"lazy\" decoding=\"async\" class=\"skip-lazy\" src=\"https:\/\/www.novaf.net\/wp-content\/uploads\/2023\/11\/snorkel05-1024x1024.jpg\" alt=\"snorkel05\" width=\"1024\" height=\"1024\">\t\t<\/figure>\n\t<\/a>\n\t\t<\/div>\n<\/div>\n\t<div class=\"swiper-slide\">\n\t<div class=\"wpcp-single-item\">\n\t\t\t<a class=\"wcp-light-box\" data-buttons=\"[&quot;close&quot;]\" data-wpc_url=\"https:\/\/www.novaf.net\/wp-content\/uploads\/2023\/11\/snorkel04-1024x1024.jpg\" href=\"https:\/\/www.novaf.net\/wp-content\/uploads\/2023\/11\/snorkel04.jpg\" data-fancybox=\"wpcp_view\">\n\t\t<figure>\n\t\t\t<img loading=\"lazy\" decoding=\"async\" class=\"skip-lazy\" src=\"https:\/\/www.novaf.net\/wp-content\/uploads\/2023\/11\/snorkel04-1024x1024.jpg\" alt=\"snorkel04\" width=\"1024\" height=\"1024\">\t\t<\/figure>\n\t<\/a>\n\t\t<\/div>\n<\/div>\n\t<div class=\"swiper-slide\">\n\t<div class=\"wpcp-single-item\">\n\t\t\t<a class=\"wcp-light-box\" data-buttons=\"[&quot;close&quot;]\" data-wpc_url=\"https:\/\/www.novaf.net\/wp-content\/uploads\/2023\/11\/snorkel03-1024x1024.jpg\" href=\"https:\/\/www.novaf.net\/wp-content\/uploads\/2023\/11\/snorkel03.jpg\" data-fancybox=\"wpcp_view\">\n\t\t<figure>\n\t\t\t<img loading=\"lazy\" decoding=\"async\" class=\"skip-lazy\" src=\"https:\/\/www.novaf.net\/wp-content\/uploads\/2023\/11\/snorkel03-1024x1024.jpg\" alt=\"snorkel03\" width=\"1024\" height=\"1024\">\t\t<\/figure>\n\t<\/a>\n\t\t<\/div>\n<\/div>\n\t<div class=\"swiper-slide\">\n\t<div class=\"wpcp-single-item\">\n\t\t\t<a class=\"wcp-light-box\" data-buttons=\"[&quot;close&quot;]\" data-wpc_url=\"https:\/\/www.novaf.net\/wp-content\/uploads\/2023\/11\/snorkel02-1024x1024.jpg\" href=\"https:\/\/www.novaf.net\/wp-content\/uploads\/2023\/11\/snorkel02.jpg\" data-fancybox=\"wpcp_view\">\n\t\t<figure>\n\t\t\t<img loading=\"lazy\" decoding=\"async\" class=\"skip-lazy\" src=\"https:\/\/www.novaf.net\/wp-content\/uploads\/2023\/11\/snorkel02-1024x1024.jpg\" alt=\"snorkel02\" width=\"1024\" height=\"1024\">\t\t<\/figure>\n\t<\/a>\n\t\t<\/div>\n<\/div>\n\t\t\t<\/div>\n\t\t\t\t\t<div class=\"wpcp-swiper-dots swiper-pagination\"><\/div>\n\t\t\t\t<!-- If we need navigation buttons -->\n\t\t\t\t\t<div class=\"wpcp-prev-button swiper-button-prev\"><i class=\"fa fa-angle-left\"><\/i><\/div>\n\t\t\t<div class=\"wpcp-next-button swiper-button-next\"><i class=\"fa fa-angle-right\"><\/i><\/div>\n\t\t\t<\/div>\n\t<\/div>\n<\/div>\n[\/vc_column_text][\/vc_column][\/vc_row][vc_row padding_top_multiplier=&#8221;3x&#8221; padding_bottom_multiplier=&#8221;3x&#8221; section_id=&#8221;detalleprod&#8221;][vc_column width=&#8221;1\/12&#8243;][\/vc_column][vc_column width=&#8221;5\/6&#8243;]<h2 class=\"grve-element grve-title grve-align-left grve-h1\" style=\"\"><span>Lona microperforada e hipoal\u00e9rgica y materiales anticorrosivos<\/span><\/h2><div class=\"grve-empty-space grve-height-1x\" style=\"\"><\/div>[vc_column_text]La <strong>CAMILLA CON RUEDAS PARA PLAYA &#8220;SNORKEL&#8221;<\/strong> cuenta con dos flotadores abatibles. Los flotadores abatibles est\u00e1n colocados en los laterales del dispositivo.<\/p>\n<p>Cuando la <strong>CAMILLA CON RUEDAS PARA PLAYA &#8220;SNORKEL&#8221;<\/strong> entra en el agua los flotadores laterales se van levantando hasta quedar colocadas de manera horizontal, consiguiendo la total estabilidad del dispositivo dentro del agua.<\/p>\n<p>Los dos flotadores centrales contribuyen tambi\u00e9n a la estabilizaci\u00f3n y la horizontalidad de la <strong>CAMILLA CON RUEDAS PARA PLAYA &#8220;SNORKEL&#8221;<\/strong><\/p>\n<p>Los flotadores laterales de la <strong>CAMILLA CON RUEDAS PARA PLAYA &#8220;SNORKEL&#8221;<\/strong> se quedan plegados para mejorar el acceso a la zona donde el usuario ir\u00e1 tumbado.<\/p>\n<p>La superficie donde el usuario se puede sentar o colocarse en posici\u00f3n horizontal est\u00e1 elaborada en <strong>lona microperforada hipoal\u00e9rgica<\/strong> y <strong>materiales anticorrosivos<\/strong> para alargar la vida de la <strong>CAMILLA CON RUEDAS PARA PLAYA &#8220;SNORKEL&#8221;<\/strong><\/p>\n<p>La <strong>CAMILLA CON RUEDAS PARA PLAYA &#8220;SNORKEL&#8221;<\/strong> cuenta con <strong>cuatro ruedas impinchables<\/strong> fijas sin posibilidad de giro para aportar mayor seguridad a la hora de cualquier desplazamiento por la arena.<\/p>\n<p>Tambi\u00e9n cuenta con un asidero para que otra persona pueda ayudar al desplazamiento del dispositivo.<\/p>\n<p>Aunque\u00a0la <strong>CAMILLA CON RUEDAS PARA PLAYA &#8220;SNORKEL&#8221;<\/strong> flota <strong>NO ES UN BARCO<\/strong> y no debe utilizarse para navegar, ni debe ser remolcado por ning\u00fan veh\u00edculo o embarcaci\u00f3n.<\/p>\n<p><strong>\u00bfPOR QU\u00c9 SE LLAMA SNORKEL?<\/strong><\/p>\n<p>Es el primer elemento que sirve adem\u00e1s de camilla para desplazamiento por la playa para que cualquier persona discapacitada o no pueda disfrutar y realizar un deporte tan maravilloso como es el <strong>Snorkel<\/strong> sin tener que bajarse del dispositivo.<\/p>\n<p>Lo podr\u00e1 realizar en cualquier lugar, mar, lago, rio, siempre que se permita y sea un lugar vigilado y con personal de asistencia para este tipo de deporte.[\/vc_column_text]<div class=\"grve-empty-space grve-height-1x\" style=\"\"><\/div>[\/vc_column][vc_column width=&#8221;1\/12&#8243;][\/vc_column][\/vc_row][vc_row columns_gap=&#8221;none&#8221; equal_column_height=&#8221;middle-content&#8221; section_id=&#8221;especif-fichatec&#8221;][vc_column width=&#8221;1\/6&#8243;][\/vc_column][vc_column width=&#8221;5\/12&#8243;][vc_row_inner el_class=&#8221;fichaprod-extra&#8221;][vc_column_inner]<h3 class=\"grve-element grve-title grve-align-left grve-h2\" style=\"\"><span>Especificaciones<\/span><\/h3><div class=\"grve-empty-space\" style=\"height: 15px;\"><\/div>[\/vc_column_inner][vc_column_inner width=&#8221;1\/2&#8243;][vc_column_text]<\/p>\n<ul>\n<li>Largo: 140 cm.<\/li>\n<li>Anchura: 96 cm. &#8211; 115 cm. (Abierto)<\/li>\n<li>Altura: 52 cm.<\/li>\n<\/ul>\n<p>[\/vc_column_text][\/vc_column_inner][vc_column_inner width=&#8221;1\/2&#8243;][vc_column_text]<\/p>\n<ul>\n<li>Peso: 32 Kg.<\/li>\n<li>Capacidad de carga: 125 Kg.<\/li>\n<\/ul>\n<p>[\/vc_column_text][\/vc_column_inner][\/vc_row_inner][\/vc_column][vc_column width=&#8221;1\/4&#8243; el_id=&#8221;descficha&#8221; css=&#8221;.vc_custom_1703248282923{background-color: #00dee8 !important;}&#8221;]<div class=\"grve-element grve-box-icon grve-medium grve-top-icon grve-align-center\" style=\"\"><a href=\"\/wp-content\/uploads\/pdf\/ficha-tecnica-snorkel.pdf\" target=\"_blank\" rel=\"noopener noreferrer\"><div class=\"grve-image-icon\"><img loading=\"lazy\" decoding=\"async\" width=\"363\" height=\"384\" src=\"https:\/\/www.novaf.net\/wp-content\/uploads\/2023\/10\/icono-descarga-ficha-white.png\" class=\"attachment-full size-full\" alt=\"\" \/><\/div><div class=\"grve-box-content\"><div class=\"grve-box-title-wrapper\"><h3 class=\"grve-box-title grve-h3\">Descargar la ficha del producto<\/h3><\/div>  <p class=\"grve-subtitle\">Formato PDF<\/p><\/div><\/a><\/div>[\/vc_column][vc_column width=&#8221;1\/6&#8243;][\/vc_column][\/vc_row][vc_row][vc_column][\/vc_column][\/vc_row][vc_row bg_type=&#8221;image&#8221; bg_image=&#8221;15317&#8243; bg_image_type=&#8221;fixed&#8221; color_overlay=&#8221;custom&#8221; color_overlay_custom=&#8221;rgba(72,81,96,0.94)&#8221; padding_top_multiplier=&#8221;3x&#8221; padding_bottom_multiplier=&#8221;3x&#8221;][vc_column width=&#8221;1\/12&#8243;][\/vc_column][vc_column width=&#8221;5\/6&#8243;][\/vc_column][vc_column width=&#8221;1\/12&#8243;][\/vc_column][\/vc_row][vc_row padding_top_multiplier=&#8221;3x&#8221; padding_bottom_multiplier=&#8221;3x&#8221; section_id=&#8221;manualmante&#8221;][vc_column width=&#8221;1\/12&#8243;][\/vc_column][vc_column width=&#8221;5\/6&#8243;]<h2 class=\"grve-element grve-title grve-align-left grve-h1\" style=\"\"><span>Manual de mantenimiento<\/span><\/h2><div class=\"grve-empty-space grve-height-1x\" style=\"\"><\/div>[vc_column_text]<\/p>\n<ul>\n<li>Lavado con agua dulce del equipo en su totalidad de manera diaria.<\/li>\n<li>Desmontaje y lavado de todas las partes m\u00f3viles y sus tuercas cada 15 d\u00edas.<\/li>\n<li>Engrasar con aceite multiusos o vaselina l\u00edquida o vaselina todos los tornillos y tuercas cada 15 d\u00edas.<\/li>\n<li>Armado de nuevo de todos los tornillos y piezas m\u00f3viles.<\/li>\n<li>Desmontaje de ruedas traseras y lavados de ejes inoxidables cada 15 d\u00edas.<\/li>\n<\/ul>\n<p>[\/vc_column_text][\/vc_column][vc_column width=&#8221;1\/12&#8243;][\/vc_column][\/vc_row]<\/p>\n<\/section>","protected":false},"excerpt":{"rendered":"<p>La <strong>CAMILLA CON RUEDAS PARA PLAYA &#8220;SNORKEL&#8221;<\/strong> es un dispositivo multiusos que permite desde <strong>trasladar a un paciente o un herido<\/strong> desde el agua hasta tierra firme de forma m\u00e1s c\u00f3moda como <strong>proporcionarle facilidad en el ba\u00f1o a una persona con movilidad reducida<\/strong>. Todo esto gracias a sus <strong>ruedas grandes adaptadas<\/strong> para terrenos como la arena y a sus <strong>flotadores laterales<\/strong>.<\/p>\n<p><strong>(IVA aplicable 10%)<\/strong><\/p>\n<div class=\"nopricetable\">Si desea comprar este art\u00edculo p\u00f3ngase en contacto a trav\u00e9s de nuestro email o mediante llamada telef\u00f3nica para conocer precios y condiciones de env\u00edo<\/div>\n<div class=\"tab-noprices-cont\"><\/div>\n","protected":false},"featured_media":15313,"template":"","meta":[],"product_cat":[79],"product_tag":[],"_links":{"self":[{"href":"https:\/\/www.novaf.net\/es\/wp-json\/wp\/v2\/product\/15301"}],"collection":[{"href":"https:\/\/www.novaf.net\/es\/wp-json\/wp\/v2\/product"}],"about":[{"href":"https:\/\/www.novaf.net\/es\/wp-json\/wp\/v2\/types\/product"}],"wp:featuredmedia":[{"embeddable":true,"href":"https:\/\/www.novaf.net\/es\/wp-json\/wp\/v2\/media\/15313"}],"wp:attachment":[{"href":"https:\/\/www.novaf.net\/es\/wp-json\/wp\/v2\/media?parent=15301"}],"wp:term":[{"taxonomy":"product_cat","embeddable":true,"href":"https:\/\/www.novaf.net\/es\/wp-json\/wp\/v2\/product_cat?post=15301"},{"taxonomy":"product_tag","embeddable":true,"href":"https:\/\/www.novaf.net\/es\/wp-json\/wp\/v2\/product_tag?post=15301"}],"curies":[{"name":"wp","href":"https:\/\/api.w.org\/{rel}","templated":true}]}}