{"id":15195,"date":"2024-02-04T07:22:02","date_gmt":"2024-02-04T07:22:02","guid":{"rendered":"https:\/\/www.novaf.net\/?post_type=product&#038;p=15195"},"modified":"2026-02-12T12:16:14","modified_gmt":"2026-02-12T12:16:14","slug":"pasarela-de-playa-flexipasarela-ancho-150","status":"publish","type":"product","link":"https:\/\/www.novaf.net\/es\/product\/pasarela-de-playa-flexipasarela-ancho-150\/","title":{"rendered":"PASARELA DE PLAYA &#8220;FLEXIPASARELA ANCHO 150 cm&#8221;"},"content":{"rendered":"<section class=\"wpb-content-wrapper\"><p>[vc_row disable_element=&#8221;yes&#8221; section_type=&#8221;fullwidth&#8221; padding_top_multiplier=&#8221;&#8221; padding_bottom_multiplier=&#8221;&#8221; columns_gap=&#8221;none&#8221; section_id=&#8221;walmart-venta-directa&#8221;][vc_column width=&#8221;1\/2&#8243;][\/vc_column][vc_column width=&#8221;1\/2&#8243; css=&#8221;.vc_custom_1695307009962{background-color: #1280c3 !important;}&#8221; el_class=&#8221;col-der&#8221;][vc_row_inner][vc_column_inner width=&#8221;1\/2&#8243;][vc_column_text]Tambi\u00e9n en:[\/vc_column_text][\/vc_column_inner][vc_column_inner width=&#8221;1\/2&#8243;]<div class=\"grve-element grve-image walmart-product grve-align-center\" style=\"\">  <div class=\"grve-image-wrapper\"><a href=\"#\" target=\"_blank\" rel=\"noopener noreferrer\"><img loading=\"lazy\" decoding=\"async\" width=\"369\" height=\"138\" src=\"https:\/\/www.novaf.net\/wp-content\/uploads\/2023\/07\/logowallmart.png\" class=\"attachment-full size-full\" alt=\"\" srcset=\"https:\/\/www.novaf.net\/wp-content\/uploads\/2023\/07\/logowallmart.png 369w, https:\/\/www.novaf.net\/wp-content\/uploads\/2023\/07\/logowallmart-300x112.png 300w\" sizes=\"(max-width: 369px) 100vw, 369px\" \/><\/a>   <\/div><\/div>[\/vc_column_inner][\/vc_row_inner][\/vc_column][\/vc_row][vc_row section_type=&#8221;fullwidth&#8221; padding_top_multiplier=&#8221;&#8221; padding_bottom_multiplier=&#8221;&#8221; columns_gap=&#8221;none&#8221; section_id=&#8221;galeria-prod&#8221;][vc_column][vc_column_text]<style id=\"wp_carousel_dynamic_css16726\">.sp-wp-carousel-free-id-16726.wpcf-fancybox-wrapper .fancybox-bg{background: #0b0b0b;opacity: 0.8;}.sp-wp-carousel-free-id-16726.wpcf-fancybox-wrapper .fancybox-navigation .fancybox-button .wpcp-fancybox-nav-arrow i {color: #ccc;}.sp-wp-carousel-free-id-16726.wpcf-fancybox-wrapper .fancybox-navigation .fancybox-button .wpcp-fancybox-nav-arrow i:hover {color: #fff;}.sp-wp-carousel-free-id-16726.wpcf-fancybox-wrapper .fancybox-navigation .fancybox-button {background: #1e1e1e;}.sp-wp-carousel-free-id-16726.wpcf-fancybox-wrapper .fancybox-navigation .fancybox-button:hover {background: #1e1e1e;}#sp-wp-carousel-free-id-16726 .wpcp-swiper-dots {margin: 40px 0px 0px 0px;}.wpcp-wrapper-16726 .swiper-wrapper .swiper-slide-kenburn, .wpcp-wrapper-16726 .swiper-wrapper, .wpcp-wrapper-16726 .wpcpro-row{align-items: center;}#sp-wp-carousel-free-id-16726 .wpcp-single-item {box-shadow: 0px 0px 0px 0px #dddddd;transition: all .3s;margin: 0px;}#sp-wp-carousel-free-id-16726.swiper-flip .wpcp-single-item{margin: 0!important;}#sp-wp-carousel-free-id-16726 .wpcp-single-item:hover {box-shadow: 0px 0px 0px 0px #dddddd;}#sp-wp-carousel-free-id-16726.sp-wpcp-16726 .wpcp-single-item {border: 1px solid #dddddd;}#sp-wp-carousel-free-id-16726.wpcp-carousel-section.sp-wpcp-16726 .swiper-button-prev,#sp-wp-carousel-free-id-16726.wpcp-carousel-section.sp-wpcp-16726 .swiper-button-next,#sp-wp-carousel-free-id-16726.wpcp-carousel-section.sp-wpcp-16726 .swiper-button-prev:hover,#sp-wp-carousel-free-id-16726.wpcp-carousel-section.sp-wpcp-16726 .swiper-button-next:hover {font-size: 18px ; font-weight: 400;}#sp-wp-carousel-free-id-16726.sp-wpcp-16726 .swiper-button-prev,#sp-wp-carousel-free-id-16726.sp-wpcp-16726 .swiper-button-next,#sp-wp-carousel-free-id-16726.sp-wpcp-16726 .swiper-button-prev:hover,#sp-wp-carousel-free-id-16726.sp-wpcp-16726 .swiper-button-next:hover {background: none;border: none;font-size: 30px;}#sp-wp-carousel-free-id-16726.sp-wpcp-16726 .swiper-button-prev i,#sp-wp-carousel-free-id-16726.sp-wpcp-16726 .swiper-button-next i {color: #aaa;}#sp-wp-carousel-free-id-16726.sp-wpcp-16726 .swiper-button-prev i:hover,#sp-wp-carousel-free-id-16726.sp-wpcp-16726 .swiper-button-next i:hover {color: #178087;}#sp-wp-carousel-free-id-16726.sp-wpcp-16726 .wpcp-swiper-dots .swiper-pagination-bullet {background-color: #cccccc;}#sp-wp-carousel-free-id-16726.sp-wpcp-16726 .wpcp-swiper-dots .swiper-pagination-bullet.swiper-pagination-bullet-active {background-color: #178087;} #sp-wp-carousel-free-id-16726.sp-wpcp-16726.wpcp-image-carousel .wpcp-single-item:hover img, #sp-wp-carousel-free-id-16726.sp-wpcp-16726.wpcp-post-carousel .wpcp-single-item:hover img, #sp-wp-carousel-free-id-16726.sp-wpcp-16726.wpcp-product-carousel .wpcp-single-item:hover img{-webkit-transform: scale(1.2);-moz-transform: scale(1.2);transform: scale(1.2);}#sp-wp-carousel-free-id-16726 .wpcpro-row>[class*=\"wpcpro-col-\"] { padding: 0 0px; padding-bottom: 0px;} #sp-wp-carousel-free-id-16726 .swiper-slide .single-item-fade:not(:last-child) { margin-right: 0px;}@media (min-width: 480px) { .wpcpro-row .wpcpro-col-sm-1 { flex: 0 0 100%; max-width: 100%; } .wpcpro-row .wpcpro-col-sm-2 { flex: 0 0 50%; max-width: 50%; } .wpcpro-row .wpcpro-col-sm-2-5 { flex: 0 0 75%; max-width: 75%; } .wpcpro-row .wpcpro-col-sm-3 { flex: 0 0 33.333%; max-width: 33.333%; } .wpcpro-row .wpcpro-col-sm-4 { flex: 0 0 25%; max-width: 25%; } .wpcpro-row .wpcpro-col-sm-5 { flex: 0 0 20%; max-width: 20%; } .wpcpro-row .wpcpro-col-sm-6 { flex: 0 0 16.66666666666667%; max-width: 16.66666666666667%; } .wpcpro-row .wpcpro-col-sm-7 { flex: 0 0 14.28571428%; max-width: 14.28571428%; } .wpcpro-row .wpcpro-col-sm-8 { flex: 0 0 12.5%; max-width: 12.5%; } } @media (max-width: 480px) { .wpcpro-row .wpcpro-col-xs-1 { flex: 0 0 100%; max-width: 100%; } .wpcpro-row .wpcpro-col-xs-2 { flex: 0 0 50%; max-width: 50%; } .wpcpro-row .wpcpro-col-xs-3 { flex: 0 0 33.222%; max-width: 33.222%; } .wpcpro-row .wpcpro-col-xs-4 { flex: 0 0 25%; max-width: 25%; } .wpcpro-row .wpcpro-col-xs-5 { flex: 0 0 20%; max-width: 20%; } .wpcpro-row .wpcpro-col-xs-6 { flex: 0 0 16.6667%; max-width: 16.6667%; } .wpcpro-row .wpcpro-col-xs-7 { flex: 0 0 14.28571428%; max-width: 14.28571428%; } .wpcpro-row .wpcpro-col-xs-8 { flex: 0 0 12.5%; max-width: 12.5%; } } @media (min-width: 736px) { .wpcpro-row .wpcpro-col-md-1 { flex: 0 0 100%; max-width: 100%; } .wpcpro-row .wpcpro-col-md-2 { flex: 0 0 50%; max-width: 50%; } .wpcpro-row .wpcpro-col-md-2-5 { flex: 0 0 75%; max-width: 75%; } .wpcpro-row .wpcpro-col-md-3 { flex: 0 0 33.333%; max-width: 33.333%; } .wpcpro-row .wpcpro-col-md-4 { flex: 0 0 25%; max-width: 25%; } .wpcpro-row .wpcpro-col-md-5 { flex: 0 0 20%; max-width: 20%; } .wpcpro-row .wpcpro-col-md-6 { flex: 0 0 16.66666666666667%; max-width: 16.66666666666667%; } .wpcpro-row .wpcpro-col-md-7 { flex: 0 0 14.28571428%; max-width: 14.28571428%; } .wpcpro-row .wpcpro-col-md-8 { flex: 0 0 12.5%; max-width: 12.5%; } } @media (min-width: 980px) { .wpcpro-row .wpcpro-col-lg-1 { flex: 0 0 100%; max-width: 100%; } .wpcpro-row .wpcpro-col-lg-2 { flex: 0 0 50%; max-width: 50%; } .wpcpro-row .wpcpro-col-lg-3 { flex: 0 0 33.222%; max-width: 33.222%; } .wpcpro-row .wpcpro-col-lg-4 { flex: 0 0 25%; max-width: 25%; } .wpcpro-row .wpcpro-col-lg-5 { flex: 0 0 20%; max-width: 20%; } .wpcpro-row .wpcpro-col-lg-6 { flex: 0 0 16.6667%; max-width: 16.6667%; } .wpcpro-row .wpcpro-col-lg-7 { flex: 0 0 14.28571428%; max-width: 14.28571428%; } .wpcpro-row .wpcpro-col-lg-8 { flex: 0 0 12.5%; max-width: 12.5%; } } @media (min-width: 1200px) { .wpcpro-row .wpcpro-col-xl-1 { flex: 0 0 100%; max-width: 100%; } .wpcpro-row .wpcpro-col-xl-2 { flex: 0 0 50%; max-width: 50%; } .wpcpro-row .wpcpro-col-xl-3 { flex: 0 0 33.22222222%; max-width: 33.22222222%; } .wpcpro-row .wpcpro-col-xl-4 { flex: 0 0 25%; max-width: 25%; } .wpcpro-row .wpcpro-col-xl-5 { flex: 0 0 20%; max-width: 20%; } .wpcpro-row .wpcpro-col-xl-6 { flex: 0 0 16.66667%; max-width: 16.66667%; } .wpcpro-row .wpcpro-col-xl-7 { flex: 0 0 14.28571428%; max-width: 14.28571428%; } .wpcpro-row .wpcpro-col-xl-8 { flex: 0 0 12.5%; max-width: 12.5%; } }<\/style><div class=\"wpcp-carousel-wrapper wpcp-wrapper-16726\">\n\t<div id=\"wpcp-preloader-16726\" class=\"wpcp-carousel-preloader\"><img decoding=\"async\" src=\"https:\/\/www.novaf.net\/wp-content\/plugins\/wp-carousel-free\/public\/css\/spinner.svg\" alt=\"Preloader Image\" \/><\/div>\t<div class=\"wpcp-carousel-content-wrapper\">\n\t<div id=\"sp-wp-carousel-free-id-16726\" class=\"wpcp-carousel-section sp-wpcp-16726  nav-vertical-center wpcp-image-carousel wpcp-preloader wpcp-standard\" data-swiper='{ &quot;pagination_type&quot;: &quot;dots&quot;,&quot;accessibility&quot;:true, &quot;spaceBetween&quot;:0, &quot;arrows&quot;:true, &quot;freeMode&quot;: false, &quot;autoplay&quot;:true, &quot;effect&quot;: &quot;&quot;, &quot;centerMode&quot;: false, &quot;autoplaySpeed&quot;:3000, &quot;dots&quot;:true, &quot;infinite&quot;:true, &quot;speed&quot;:600, &quot;pauseOnHover&quot;:true,\n\t\t\t&quot;slidesToShow&quot;:{&quot;lg_desktop&quot;:5, &quot;desktop&quot;: 4, &quot;laptop&quot;: 3, &quot;tablet&quot;: 2, &quot;mobile&quot;: 1}, &quot;responsive&quot;:{&quot;desktop&quot;:1200, &quot;laptop&quot;: 980, &quot;tablet&quot;: 736, &quot;mobile&quot;: 480}, &quot;rtl&quot;:false, &quot;lazyLoad&quot;: &quot;false&quot;, &quot;swipe&quot;: true, &quot;draggable&quot;: true, &quot;swipeToSlide&quot;:false }' dir=\"ltr\">\n\t\t<div class=\"swiper-wrapper\">\n\t\t<div class=\"swiper-slide\">\n\t<div class=\"wpcp-single-item\">\n\t\t\t<a class=\"wcp-light-box\" data-buttons='[\"close\"]' data-wpc_url='https:\/\/www.novaf.net\/wp-content\/uploads\/2024\/09\/flexipasarela-pasarela-flexible-playa-02.jpg-1024x768.jpg' href=\"https:\/\/www.novaf.net\/wp-content\/uploads\/2024\/09\/flexipasarela-pasarela-flexible-playa-02.jpg-scaled.jpg\" data-fancybox=\"wpcp_view\">\n\t\t<figure>\n\t\t\t<img loading=\"lazy\" decoding=\"async\" class=\"skip-lazy\" src=\"https:\/\/www.novaf.net\/wp-content\/uploads\/2024\/09\/flexipasarela-pasarela-flexible-playa-02.jpg-1024x768.jpg\" alt=\"flexipasarela-pasarela-flexible-playa-02.jpg\" width=\"1024\" height=\"768\">\t\t<\/figure>\n\t<\/a>\n\t\t<\/div>\n<\/div>\n\t<div class=\"swiper-slide\">\n\t<div class=\"wpcp-single-item\">\n\t\t\t<a class=\"wcp-light-box\" data-buttons='[\"close\"]' data-wpc_url='https:\/\/www.novaf.net\/wp-content\/uploads\/2024\/09\/flexipasarela-pasarela-flexible-playa-05.jpg-1024x768.jpg' href=\"https:\/\/www.novaf.net\/wp-content\/uploads\/2024\/09\/flexipasarela-pasarela-flexible-playa-05.jpg-scaled.jpg\" data-fancybox=\"wpcp_view\">\n\t\t<figure>\n\t\t\t<img loading=\"lazy\" decoding=\"async\" class=\"skip-lazy\" src=\"https:\/\/www.novaf.net\/wp-content\/uploads\/2024\/09\/flexipasarela-pasarela-flexible-playa-05.jpg-1024x768.jpg\" alt=\"flexipasarela-pasarela-flexible-playa-05.jpg\" width=\"1024\" height=\"768\">\t\t<\/figure>\n\t<\/a>\n\t\t<\/div>\n<\/div>\n\t<div class=\"swiper-slide\">\n\t<div class=\"wpcp-single-item\">\n\t\t\t<a class=\"wcp-light-box\" data-buttons='[\"close\"]' data-wpc_url='https:\/\/www.novaf.net\/wp-content\/uploads\/2024\/09\/flexipasarela-pasarela-flexible-playa-06.jpg-1024x768.jpg' href=\"https:\/\/www.novaf.net\/wp-content\/uploads\/2024\/09\/flexipasarela-pasarela-flexible-playa-06.jpg-scaled.jpg\" data-fancybox=\"wpcp_view\">\n\t\t<figure>\n\t\t\t<img loading=\"lazy\" decoding=\"async\" class=\"skip-lazy\" src=\"https:\/\/www.novaf.net\/wp-content\/uploads\/2024\/09\/flexipasarela-pasarela-flexible-playa-06.jpg-1024x768.jpg\" alt=\"flexipasarela-pasarela-flexible-playa-06.jpg\" width=\"1024\" height=\"768\">\t\t<\/figure>\n\t<\/a>\n\t\t<\/div>\n<\/div>\n\t<div class=\"swiper-slide\">\n\t<div class=\"wpcp-single-item\">\n\t\t\t<a class=\"wcp-light-box\" data-buttons='[\"close\"]' data-wpc_url='https:\/\/www.novaf.net\/wp-content\/uploads\/2024\/09\/flexipasarela-pasarela-flexible-playa-01.jpg-1024x768.jpg' href=\"https:\/\/www.novaf.net\/wp-content\/uploads\/2024\/09\/flexipasarela-pasarela-flexible-playa-01.jpg-scaled.jpg\" data-fancybox=\"wpcp_view\">\n\t\t<figure>\n\t\t\t<img loading=\"lazy\" decoding=\"async\" class=\"skip-lazy\" src=\"https:\/\/www.novaf.net\/wp-content\/uploads\/2024\/09\/flexipasarela-pasarela-flexible-playa-01.jpg-1024x768.jpg\" alt=\"flexipasarela-pasarela-flexible-playa-01.jpg\" width=\"1024\" height=\"768\">\t\t<\/figure>\n\t<\/a>\n\t\t<\/div>\n<\/div>\n\t<div class=\"swiper-slide\">\n\t<div class=\"wpcp-single-item\">\n\t\t\t<a class=\"wcp-light-box\" data-buttons='[\"close\"]' data-wpc_url='https:\/\/www.novaf.net\/wp-content\/uploads\/2024\/09\/flexipasarela-pasarela-flexible-playa-03.jpg-1024x768.jpg' href=\"https:\/\/www.novaf.net\/wp-content\/uploads\/2024\/09\/flexipasarela-pasarela-flexible-playa-03.jpg-scaled.jpg\" data-fancybox=\"wpcp_view\">\n\t\t<figure>\n\t\t\t<img loading=\"lazy\" decoding=\"async\" class=\"skip-lazy\" src=\"https:\/\/www.novaf.net\/wp-content\/uploads\/2024\/09\/flexipasarela-pasarela-flexible-playa-03.jpg-1024x768.jpg\" alt=\"flexipasarela-pasarela-flexible-playa-03.jpg\" width=\"1024\" height=\"768\">\t\t<\/figure>\n\t<\/a>\n\t\t<\/div>\n<\/div>\n\t<div class=\"swiper-slide\">\n\t<div class=\"wpcp-single-item\">\n\t\t\t<a class=\"wcp-light-box\" data-buttons='[\"close\"]' data-wpc_url='https:\/\/www.novaf.net\/wp-content\/uploads\/2024\/09\/flexipasarela-pasarela-flexible-playa-07.jpg-1024x768.jpg' href=\"https:\/\/www.novaf.net\/wp-content\/uploads\/2024\/09\/flexipasarela-pasarela-flexible-playa-07.jpg-scaled.jpg\" data-fancybox=\"wpcp_view\">\n\t\t<figure>\n\t\t\t<img loading=\"lazy\" decoding=\"async\" class=\"skip-lazy\" src=\"https:\/\/www.novaf.net\/wp-content\/uploads\/2024\/09\/flexipasarela-pasarela-flexible-playa-07.jpg-1024x768.jpg\" alt=\"flexipasarela-pasarela-flexible-playa-07.jpg\" width=\"1024\" height=\"768\">\t\t<\/figure>\n\t<\/a>\n\t\t<\/div>\n<\/div>\n\t<div class=\"swiper-slide\">\n\t<div class=\"wpcp-single-item\">\n\t\t\t<a class=\"wcp-light-box\" data-buttons='[\"close\"]' data-wpc_url='https:\/\/www.novaf.net\/wp-content\/uploads\/2024\/09\/flexipasarela-pasarela-flexible-playa-08.jpg-1024x768.jpg' href=\"https:\/\/www.novaf.net\/wp-content\/uploads\/2024\/09\/flexipasarela-pasarela-flexible-playa-08.jpg-scaled.jpg\" data-fancybox=\"wpcp_view\">\n\t\t<figure>\n\t\t\t<img loading=\"lazy\" decoding=\"async\" class=\"skip-lazy\" src=\"https:\/\/www.novaf.net\/wp-content\/uploads\/2024\/09\/flexipasarela-pasarela-flexible-playa-08.jpg-1024x768.jpg\" alt=\"flexipasarela-pasarela-flexible-playa-08.jpg\" width=\"1024\" height=\"768\">\t\t<\/figure>\n\t<\/a>\n\t\t<\/div>\n<\/div>\n\t<div class=\"swiper-slide\">\n\t<div class=\"wpcp-single-item\">\n\t\t\t<a class=\"wcp-light-box\" data-buttons='[\"close\"]' data-wpc_url='https:\/\/www.novaf.net\/wp-content\/uploads\/2024\/09\/flexipasarela-pasarela-flexible-playa-04.jpg-1024x769.jpg' href=\"https:\/\/www.novaf.net\/wp-content\/uploads\/2024\/09\/flexipasarela-pasarela-flexible-playa-04.jpg-scaled.jpg\" data-fancybox=\"wpcp_view\">\n\t\t<figure>\n\t\t\t<img loading=\"lazy\" decoding=\"async\" class=\"skip-lazy\" src=\"https:\/\/www.novaf.net\/wp-content\/uploads\/2024\/09\/flexipasarela-pasarela-flexible-playa-04.jpg-1024x769.jpg\" alt=\"flexipasarela-pasarela-flexible-playa-04.jpg\" width=\"1024\" height=\"769\">\t\t<\/figure>\n\t<\/a>\n\t\t<\/div>\n<\/div>\n\t<div class=\"swiper-slide\">\n\t<div class=\"wpcp-single-item\">\n\t\t\t<a class=\"wcp-light-box\" data-buttons='[\"close\"]' data-wpc_url='https:\/\/www.novaf.net\/wp-content\/uploads\/2024\/09\/flexipasarela-pasarela-flexible-playa-09.jpg-768x1024.jpg' href=\"https:\/\/www.novaf.net\/wp-content\/uploads\/2024\/09\/flexipasarela-pasarela-flexible-playa-09.jpg-scaled.jpg\" data-fancybox=\"wpcp_view\">\n\t\t<figure>\n\t\t\t<img loading=\"lazy\" decoding=\"async\" class=\"skip-lazy\" src=\"https:\/\/www.novaf.net\/wp-content\/uploads\/2024\/09\/flexipasarela-pasarela-flexible-playa-09.jpg-768x1024.jpg\" alt=\"flexipasarela-pasarela-flexible-playa-09.jpg\" width=\"768\" height=\"1024\">\t\t<\/figure>\n\t<\/a>\n\t\t<\/div>\n<\/div>\n\t\t\t<\/div>\n\t\t\t\t\t<div class=\"wpcp-swiper-dots swiper-pagination\"><\/div>\n\t\t\t\t<!-- If we need navigation buttons -->\n\t\t\t\t\t<div class=\"wpcp-prev-button swiper-button-prev\"><i class=\"fa fa-angle-left\"><\/i><\/div>\n\t\t\t<div class=\"wpcp-next-button swiper-button-next\"><i class=\"fa fa-angle-right\"><\/i><\/div>\n\t\t\t<\/div>\n\t<\/div>\n<\/div>\n[\/vc_column_text][\/vc_column][\/vc_row][vc_row padding_top_multiplier=&#8221;3x&#8221; padding_bottom_multiplier=&#8221;3x&#8221; section_id=&#8221;detalleprod&#8221;][vc_column width=&#8221;1\/12&#8243;][\/vc_column][vc_column width=&#8221;5\/6&#8243;]<h2 class=\"grve-element grve-title grve-align-left grve-h1\" style=\"\"><span>Estructura flexible, permeable, sin clavos y sin astillas.<\/span><\/h2><div class=\"grve-empty-space grve-height-1x\" style=\"\"><\/div>[vc_column_text]La <strong>PASARELA DE PLAYA &#8220;FLEXIPASARELA ANCHO 150 cm&#8221;<\/strong>\u00a0es una\u00a0<strong>Pasarela Flexible <\/strong>100% fabricada con material ligero y resistente que permite la creaci\u00f3n de v\u00edas temporales de acceso para peatones y personas con movilidad reducida en superficies dif\u00edciles.<\/p>\n<p>Dise\u00f1ada para la accesibilidad de P.M.R. en las playas, carritos de bebes, bicicletas, etc.. y con una estructura flexible, permeable, sin clavos y sin astillas para la seguridad de los usuarios.<\/p>\n<p><b>PASARELA DE PLAYA <\/b>de 150 cm de ancho (color azul, marr\u00f3n y nuevo color Arena sin impacto ambiental y m\u00e1s confortable visualmente).<\/p>\n<p><strong>VENTAJAS DE LA PASARELA DE PLAYA &#8220;FLEXIPASARELA ANCHO 150 cm&#8221;:<\/strong><\/p>\n<ul>\n<li>Superficie con relieve antideslizante y de baja conductividad t\u00e9rmica.<\/li>\n<li>Material agradable para andar con pies descalzos.<\/li>\n<li>Ning\u00fan riesgo que el material se deshilache.<\/li>\n<li>Instalaci\u00f3n r\u00e1pida.<\/li>\n<li>No detiene la arena.<\/li>\n<li>Reciclable.<\/li>\n<li>Personalizable.<\/li>\n<li>Mayor visibilidad.<\/li>\n<li>Resistente.<\/li>\n<li>Instalaci\u00f3n y desinstalaci\u00f3n r\u00e1pida.<\/li>\n<li>Valoriza su compromiso de accesibilidad.<\/li>\n<li>Rentabiliza su inversi\u00f3n.<\/li>\n<li>Resistente al agua salada y a los rayos U.V.<\/li>\n<li>Imputrescible.<\/li>\n<\/ul>\n<p><strong>MONTAJE<\/strong>:<\/p>\n<ul>\n<li>F\u00e1cil y sencillo. Incluye material para su anclaje a la arena.<\/li>\n<\/ul>\n<p>A la entrega del material se entregar\u00e1 manual de instalaci\u00f3n.<\/p>\n<p><strong>PERSONALIZACI\u00d3N<\/strong>:<\/p>\n<p>Posibilidad de entregar piezas especiales de UNION para realizar diferentes accesos[\/vc_column_text]<div class=\"grve-empty-space grve-height-1x\" style=\"\"><\/div>[\/vc_column][vc_column width=&#8221;1\/12&#8243;][\/vc_column][\/vc_row][vc_row columns_gap=&#8221;none&#8221; equal_column_height=&#8221;middle-content&#8221; section_id=&#8221;especif-fichatec&#8221;][vc_column width=&#8221;1\/6&#8243;][\/vc_column][vc_column width=&#8221;5\/12&#8243;][vc_row_inner el_class=&#8221;fichaprod-extra&#8221;][vc_column_inner]<h3 class=\"grve-element grve-title grve-align-left grve-h2\" style=\"\"><span>Especificaciones<\/span><\/h3><div class=\"grve-empty-space\" style=\"height: 15px;\"><\/div>[\/vc_column_inner][vc_column_inner width=&#8221;1\/2&#8243;][vc_column_text]<\/p>\n<ul>\n<li>Largo: En tramos de 10 mts. (tramos a medidas, consultar)<\/li>\n<li>Anchura: 150 cm.<\/li>\n<\/ul>\n<p>[\/vc_column_text][\/vc_column_inner][vc_column_inner width=&#8221;1\/2&#8243;][vc_column_text]<\/p>\n<ul>\n<li>Peso: 2 Kg. \/ m2<\/li>\n<li>Color: Azul o Marr\u00f3n<\/li>\n<\/ul>\n<p>[\/vc_column_text][\/vc_column_inner][\/vc_row_inner][\/vc_column][vc_column width=&#8221;1\/4&#8243; el_id=&#8221;descficha&#8221; css=&#8221;.vc_custom_1703248282923{background-color: #00dee8 !important;}&#8221;]<div class=\"grve-element grve-box-icon grve-medium grve-top-icon grve-align-center\" style=\"\"><a href=\"\/wp-content\/uploads\/pdf\/ficha-tecnica-flexipasarela.pdf\" target=\"_blank\" rel=\"noopener noreferrer\"><div class=\"grve-image-icon\"><img loading=\"lazy\" decoding=\"async\" width=\"363\" height=\"384\" src=\"https:\/\/www.novaf.net\/wp-content\/uploads\/2023\/10\/icono-descarga-ficha-white.png\" class=\"attachment-full size-full\" alt=\"\" \/><\/div><div class=\"grve-box-content\"><div class=\"grve-box-title-wrapper\"><h3 class=\"grve-box-title grve-h3\">Descargar la ficha del producto<\/h3><\/div>  <p class=\"grve-subtitle\">Formato PDF<\/p><\/div><\/a><\/div>[\/vc_column][vc_column width=&#8221;1\/6&#8243;][\/vc_column][\/vc_row][vc_row][vc_column][\/vc_column][\/vc_row][vc_row bg_type=&#8221;image&#8221; bg_image=&#8221;15218&#8243; bg_image_type=&#8221;fixed&#8221; color_overlay=&#8221;custom&#8221; color_overlay_custom=&#8221;rgba(72,81,96,0.94)&#8221; padding_top_multiplier=&#8221;3x&#8221; padding_bottom_multiplier=&#8221;3x&#8221;][vc_column width=&#8221;1\/12&#8243;][\/vc_column][vc_column width=&#8221;5\/6&#8243;]<div class=\"grve-element grve-video\" style=\"\"><iframe loading=\"lazy\" title=\"Novaf   Flexipasarela 2024\" width=\"1080\" height=\"608\" src=\"https:\/\/www.youtube.com\/embed\/wAUzeejpVH8?feature=oembed\" frameborder=\"0\" allow=\"accelerometer; autoplay; clipboard-write; encrypted-media; gyroscope; picture-in-picture; web-share\" referrerpolicy=\"strict-origin-when-cross-origin\" allowfullscreen><\/iframe><\/div>[\/vc_column][vc_column width=&#8221;1\/12&#8243;][\/vc_column][\/vc_row][vc_row padding_top_multiplier=&#8221;3x&#8221; padding_bottom_multiplier=&#8221;3x&#8221; section_id=&#8221;manualmante&#8221;][vc_column width=&#8221;1\/12&#8243;][\/vc_column][vc_column width=&#8221;5\/6&#8243;]<h2 class=\"grve-element grve-title grve-align-left grve-h1\" style=\"\"><span>Manual de mantenimiento<\/span><\/h2><div class=\"grve-empty-space grve-height-1x\" style=\"\"><\/div>[vc_column_text]<\/p>\n<ul>\n<li>Lavado con agua dulce del equipo al finalizar su uso .<\/li>\n<li>Desmontaje y lavado de todas las partes al finalizar su uso.<\/li>\n<\/ul>\n<p>[\/vc_column_text][\/vc_column][vc_column width=&#8221;1\/12&#8243;][\/vc_column][\/vc_row]<\/p>\n<\/section>","protected":false},"excerpt":{"rendered":"<p><img loading=\"lazy\" decoding=\"async\" class=\"alignnone wp-image-17945\" src=\"https:\/\/www.novaf.net\/wp-content\/uploads\/2024\/02\/Logotipo-flexipasarela-800x333.jpg\" alt=\"\" width=\"397\" height=\"177\" \/><\/p>\n<p>La <strong>PASARELA DE PLAYA &#8220;FLEXIPASARELA ANCHO 150 cm&#8221;<\/strong>\u00a0es una\u00a0<strong>Pasarela Flexible<\/strong> para la playa con un ancho de 150 cm. Una alfombra flexible 100% fabricada con material ligero y resistente que permite la creaci\u00f3n de v\u00edas temporales de acceso para peatones y personas con movilidad reducida en superficies dif\u00edciles.<\/p>\n<p>Cada tramo cubre una <strong>distancia de 10 metros<\/strong> y el <strong>precio es por metro lineal<\/strong>.<\/p>\n<p><strong>(IVA incluido 21%)<\/strong><\/p>\n<div class=\"nopricetable\">Si desea comprar este art\u00edculo p\u00f3ngase en contacto a trav\u00e9s de nuestro email o mediante llamada telef\u00f3nica para conocer precios y condiciones de env\u00edo<\/div>\n<div class=\"tab-noprices-cont\"><\/div>\n","protected":false},"featured_media":17412,"template":"","meta":[],"product_cat":[79,82],"product_tag":[],"_links":{"self":[{"href":"https:\/\/www.novaf.net\/es\/wp-json\/wp\/v2\/product\/15195"}],"collection":[{"href":"https:\/\/www.novaf.net\/es\/wp-json\/wp\/v2\/product"}],"about":[{"href":"https:\/\/www.novaf.net\/es\/wp-json\/wp\/v2\/types\/product"}],"wp:featuredmedia":[{"embeddable":true,"href":"https:\/\/www.novaf.net\/es\/wp-json\/wp\/v2\/media\/17412"}],"wp:attachment":[{"href":"https:\/\/www.novaf.net\/es\/wp-json\/wp\/v2\/media?parent=15195"}],"wp:term":[{"taxonomy":"product_cat","embeddable":true,"href":"https:\/\/www.novaf.net\/es\/wp-json\/wp\/v2\/product_cat?post=15195"},{"taxonomy":"product_tag","embeddable":true,"href":"https:\/\/www.novaf.net\/es\/wp-json\/wp\/v2\/product_tag?post=15195"}],"curies":[{"name":"wp","href":"https:\/\/api.w.org\/{rel}","templated":true}]}}