{"id":14801,"date":"2023-09-05T03:33:04","date_gmt":"2023-09-05T03:33:04","guid":{"rendered":"https:\/\/www.novaf.net\/?post_type=product&#038;p=14801"},"modified":"2025-11-20T08:43:23","modified_gmt":"2025-11-20T08:43:23","slug":"tumbona-de-aluminio-oceanic-comfort","status":"publish","type":"product","link":"https:\/\/www.novaf.net\/es\/product\/tumbona-de-aluminio-oceanic-comfort\/","title":{"rendered":"TUMBONA DE ALUMINIO OCEANIC COMFORT"},"content":{"rendered":"<section class=\"wpb-content-wrapper\"><p>[vc_row disable_element=&#8221;yes&#8221; section_type=&#8221;fullwidth&#8221; padding_top_multiplier=&#8221;&#8221; padding_bottom_multiplier=&#8221;&#8221; columns_gap=&#8221;none&#8221; section_id=&#8221;walmart-venta-directa&#8221;][vc_column width=&#8221;1\/2&#8243;][\/vc_column][vc_column width=&#8221;1\/2&#8243; css=&#8221;.vc_custom_1695307009962{background-color: #1280c3 !important;}&#8221; el_class=&#8221;col-der&#8221;][vc_row_inner][vc_column_inner width=&#8221;1\/2&#8243;][vc_column_text]Tambi\u00e9n en:[\/vc_column_text][\/vc_column_inner][vc_column_inner width=&#8221;1\/2&#8243;]<div class=\"grve-element grve-image walmart-product grve-align-center\" style=\"\">  <div class=\"grve-image-wrapper\"><a href=\"#\"><img loading=\"lazy\" decoding=\"async\" width=\"369\" height=\"138\" src=\"https:\/\/www.novaf.net\/wp-content\/uploads\/2023\/07\/logowallmart.png\" class=\"attachment-full size-full\" alt=\"\" srcset=\"https:\/\/www.novaf.net\/wp-content\/uploads\/2023\/07\/logowallmart.png 369w, https:\/\/www.novaf.net\/wp-content\/uploads\/2023\/07\/logowallmart-300x112.png 300w\" sizes=\"(max-width: 369px) 100vw, 369px\" \/><\/a>   <\/div><\/div>[\/vc_column_inner][\/vc_row_inner][\/vc_column][\/vc_row][vc_row section_type=&#8221;fullwidth&#8221; padding_top_multiplier=&#8221;&#8221; padding_bottom_multiplier=&#8221;&#8221; columns_gap=&#8221;none&#8221; section_id=&#8221;galeria-prod&#8221;][vc_column][vc_column_text]<style id=\"wp_carousel_dynamic_css16713\">.sp-wp-carousel-free-id-16713.wpcf-fancybox-wrapper .fancybox-bg{background: #0b0b0b;opacity: 0.8;}.sp-wp-carousel-free-id-16713.wpcf-fancybox-wrapper .fancybox-navigation .fancybox-button .wpcp-fancybox-nav-arrow i {color: #ccc;}.sp-wp-carousel-free-id-16713.wpcf-fancybox-wrapper .fancybox-navigation .fancybox-button .wpcp-fancybox-nav-arrow i:hover {color: #fff;}.sp-wp-carousel-free-id-16713.wpcf-fancybox-wrapper .fancybox-navigation .fancybox-button {background: #1e1e1e;}.sp-wp-carousel-free-id-16713.wpcf-fancybox-wrapper .fancybox-navigation .fancybox-button:hover {background: #1e1e1e;}#sp-wp-carousel-free-id-16713 .wpcp-swiper-dots {margin: 40px 0px 0px 0px;}.wpcp-wrapper-16713 .swiper-wrapper .swiper-slide-kenburn, .wpcp-wrapper-16713 .swiper-wrapper, .wpcp-wrapper-16713 .wpcpro-row{align-items: center;}#sp-wp-carousel-free-id-16713 .wpcp-single-item {box-shadow: 0px 0px 0px 0px #dddddd;transition: all .3s;margin: 0px;}#sp-wp-carousel-free-id-16713.swiper-flip .wpcp-single-item{margin: 0!important;}#sp-wp-carousel-free-id-16713 .wpcp-single-item:hover {box-shadow: 0px 0px 0px 0px #dddddd;}#sp-wp-carousel-free-id-16713.sp-wpcp-16713 .wpcp-single-item {border: 1px solid #dddddd;}#sp-wp-carousel-free-id-16713.wpcp-carousel-section.sp-wpcp-16713 .swiper-button-prev,#sp-wp-carousel-free-id-16713.wpcp-carousel-section.sp-wpcp-16713 .swiper-button-next,#sp-wp-carousel-free-id-16713.wpcp-carousel-section.sp-wpcp-16713 .swiper-button-prev:hover,#sp-wp-carousel-free-id-16713.wpcp-carousel-section.sp-wpcp-16713 .swiper-button-next:hover {font-size: 18px ; font-weight: 400;}#sp-wp-carousel-free-id-16713.sp-wpcp-16713 .swiper-button-prev,#sp-wp-carousel-free-id-16713.sp-wpcp-16713 .swiper-button-next,#sp-wp-carousel-free-id-16713.sp-wpcp-16713 .swiper-button-prev:hover,#sp-wp-carousel-free-id-16713.sp-wpcp-16713 .swiper-button-next:hover {background: none;border: none;font-size: 30px;}#sp-wp-carousel-free-id-16713.sp-wpcp-16713 .swiper-button-prev i,#sp-wp-carousel-free-id-16713.sp-wpcp-16713 .swiper-button-next i {color: #aaa;}#sp-wp-carousel-free-id-16713.sp-wpcp-16713 .swiper-button-prev i:hover,#sp-wp-carousel-free-id-16713.sp-wpcp-16713 .swiper-button-next i:hover {color: #178087;}#sp-wp-carousel-free-id-16713.sp-wpcp-16713 .wpcp-swiper-dots .swiper-pagination-bullet {background-color: #cccccc;}#sp-wp-carousel-free-id-16713.sp-wpcp-16713 .wpcp-swiper-dots .swiper-pagination-bullet.swiper-pagination-bullet-active {background-color: #178087;} #sp-wp-carousel-free-id-16713.sp-wpcp-16713.wpcp-image-carousel .wpcp-single-item:hover img, #sp-wp-carousel-free-id-16713.sp-wpcp-16713.wpcp-post-carousel .wpcp-single-item:hover img, #sp-wp-carousel-free-id-16713.sp-wpcp-16713.wpcp-product-carousel .wpcp-single-item:hover img{-webkit-transform: scale(1.2);-moz-transform: scale(1.2);transform: scale(1.2);}#sp-wp-carousel-free-id-16713 .wpcpro-row>[class*=\"wpcpro-col-\"] { padding: 0 0px; padding-bottom: 0px;} #sp-wp-carousel-free-id-16713 .swiper-slide .single-item-fade:not(:last-child) { margin-right: 0px;}@media (min-width: 480px) { .wpcpro-row .wpcpro-col-sm-1 { flex: 0 0 100%; max-width: 100%; } .wpcpro-row .wpcpro-col-sm-2 { flex: 0 0 50%; max-width: 50%; } .wpcpro-row .wpcpro-col-sm-2-5 { flex: 0 0 75%; max-width: 75%; } .wpcpro-row .wpcpro-col-sm-3 { flex: 0 0 33.333%; max-width: 33.333%; } .wpcpro-row .wpcpro-col-sm-4 { flex: 0 0 25%; max-width: 25%; } .wpcpro-row .wpcpro-col-sm-5 { flex: 0 0 20%; max-width: 20%; } .wpcpro-row .wpcpro-col-sm-6 { flex: 0 0 16.66666666666667%; max-width: 16.66666666666667%; } .wpcpro-row .wpcpro-col-sm-7 { flex: 0 0 14.28571428%; max-width: 14.28571428%; } .wpcpro-row .wpcpro-col-sm-8 { flex: 0 0 12.5%; max-width: 12.5%; } } @media (max-width: 480px) { .wpcpro-row .wpcpro-col-xs-1 { flex: 0 0 100%; max-width: 100%; } .wpcpro-row .wpcpro-col-xs-2 { flex: 0 0 50%; max-width: 50%; } .wpcpro-row .wpcpro-col-xs-3 { flex: 0 0 33.222%; max-width: 33.222%; } .wpcpro-row .wpcpro-col-xs-4 { flex: 0 0 25%; max-width: 25%; } .wpcpro-row .wpcpro-col-xs-5 { flex: 0 0 20%; max-width: 20%; } .wpcpro-row .wpcpro-col-xs-6 { flex: 0 0 16.6667%; max-width: 16.6667%; } .wpcpro-row .wpcpro-col-xs-7 { flex: 0 0 14.28571428%; max-width: 14.28571428%; } .wpcpro-row .wpcpro-col-xs-8 { flex: 0 0 12.5%; max-width: 12.5%; } } @media (min-width: 736px) { .wpcpro-row .wpcpro-col-md-1 { flex: 0 0 100%; max-width: 100%; } .wpcpro-row .wpcpro-col-md-2 { flex: 0 0 50%; max-width: 50%; } .wpcpro-row .wpcpro-col-md-2-5 { flex: 0 0 75%; max-width: 75%; } .wpcpro-row .wpcpro-col-md-3 { flex: 0 0 33.333%; max-width: 33.333%; } .wpcpro-row .wpcpro-col-md-4 { flex: 0 0 25%; max-width: 25%; } .wpcpro-row .wpcpro-col-md-5 { flex: 0 0 20%; max-width: 20%; } .wpcpro-row .wpcpro-col-md-6 { flex: 0 0 16.66666666666667%; max-width: 16.66666666666667%; } .wpcpro-row .wpcpro-col-md-7 { flex: 0 0 14.28571428%; max-width: 14.28571428%; } .wpcpro-row .wpcpro-col-md-8 { flex: 0 0 12.5%; max-width: 12.5%; } } @media (min-width: 980px) { .wpcpro-row .wpcpro-col-lg-1 { flex: 0 0 100%; max-width: 100%; } .wpcpro-row .wpcpro-col-lg-2 { flex: 0 0 50%; max-width: 50%; } .wpcpro-row .wpcpro-col-lg-3 { flex: 0 0 33.222%; max-width: 33.222%; } .wpcpro-row .wpcpro-col-lg-4 { flex: 0 0 25%; max-width: 25%; } .wpcpro-row .wpcpro-col-lg-5 { flex: 0 0 20%; max-width: 20%; } .wpcpro-row .wpcpro-col-lg-6 { flex: 0 0 16.6667%; max-width: 16.6667%; } .wpcpro-row .wpcpro-col-lg-7 { flex: 0 0 14.28571428%; max-width: 14.28571428%; } .wpcpro-row .wpcpro-col-lg-8 { flex: 0 0 12.5%; max-width: 12.5%; } } @media (min-width: 1200px) { .wpcpro-row .wpcpro-col-xl-1 { flex: 0 0 100%; max-width: 100%; } .wpcpro-row .wpcpro-col-xl-2 { flex: 0 0 50%; max-width: 50%; } .wpcpro-row .wpcpro-col-xl-3 { flex: 0 0 33.22222222%; max-width: 33.22222222%; } .wpcpro-row .wpcpro-col-xl-4 { flex: 0 0 25%; max-width: 25%; } .wpcpro-row .wpcpro-col-xl-5 { flex: 0 0 20%; max-width: 20%; } .wpcpro-row .wpcpro-col-xl-6 { flex: 0 0 16.66667%; max-width: 16.66667%; } .wpcpro-row .wpcpro-col-xl-7 { flex: 0 0 14.28571428%; max-width: 14.28571428%; } .wpcpro-row .wpcpro-col-xl-8 { flex: 0 0 12.5%; max-width: 12.5%; } }<\/style><div class=\"wpcp-carousel-wrapper wpcp-wrapper-16713\">\n\t<div id=\"wpcp-preloader-16713\" class=\"wpcp-carousel-preloader\"><img decoding=\"async\" src=\"https:\/\/www.novaf.net\/wp-content\/plugins\/wp-carousel-free\/public\/css\/spinner.svg\" alt=\"Preloader Image\" \/><\/div>\t<div class=\"wpcp-carousel-content-wrapper\">\n\t<div id=\"sp-wp-carousel-free-id-16713\" class=\"wpcp-carousel-section sp-wpcp-16713  nav-vertical-center wpcp-image-carousel wpcp-preloader wpcp-standard\" data-swiper='{ &quot;pagination_type&quot;: &quot;dots&quot;,&quot;accessibility&quot;:true, &quot;spaceBetween&quot;:0, &quot;arrows&quot;:true, &quot;freeMode&quot;: false, &quot;autoplay&quot;:true, &quot;effect&quot;: &quot;&quot;, &quot;centerMode&quot;: false, &quot;autoplaySpeed&quot;:3000, &quot;dots&quot;:true, &quot;infinite&quot;:true, &quot;speed&quot;:600, &quot;pauseOnHover&quot;:true,\n\t\t\t&quot;slidesToShow&quot;:{&quot;lg_desktop&quot;:5, &quot;desktop&quot;: 4, &quot;laptop&quot;: 3, &quot;tablet&quot;: 2, &quot;mobile&quot;: 1}, &quot;responsive&quot;:{&quot;desktop&quot;:1200, &quot;laptop&quot;: 980, &quot;tablet&quot;: 736, &quot;mobile&quot;: 480}, &quot;rtl&quot;:false, &quot;lazyLoad&quot;: &quot;false&quot;, &quot;swipe&quot;: true, &quot;draggable&quot;: true, &quot;swipeToSlide&quot;:false }' dir=\"ltr\">\n\t\t<div class=\"swiper-wrapper\">\n\t\t<div class=\"swiper-slide\">\n\t<div class=\"wpcp-single-item\">\n\t\t\t<a class=\"wcp-light-box\" data-buttons='[\"close\"]' data-wpc_url='https:\/\/www.novaf.net\/wp-content\/uploads\/2023\/10\/OCEANIC-COMFORT-DSC_0364-1024x1024.jpg' href=\"https:\/\/www.novaf.net\/wp-content\/uploads\/2023\/10\/OCEANIC-COMFORT-DSC_0364.jpg\" data-fancybox=\"wpcp_view\">\n\t\t<figure>\n\t\t\t<img loading=\"lazy\" decoding=\"async\" class=\"skip-lazy\" src=\"https:\/\/www.novaf.net\/wp-content\/uploads\/2023\/10\/OCEANIC-COMFORT-DSC_0364-1024x1024.jpg\" alt=\"OCEANIC-COMFORT-DSC_0364\" width=\"1024\" height=\"1024\">\t\t<\/figure>\n\t<\/a>\n\t\t<\/div>\n<\/div>\n\t<div class=\"swiper-slide\">\n\t<div class=\"wpcp-single-item\">\n\t\t\t<a class=\"wcp-light-box\" data-buttons='[\"close\"]' data-wpc_url='https:\/\/www.novaf.net\/wp-content\/uploads\/2023\/10\/OCEANIC-COMFORT-IMG_20230705_085026-1024x1024.jpg' href=\"https:\/\/www.novaf.net\/wp-content\/uploads\/2023\/10\/OCEANIC-COMFORT-IMG_20230705_085026.jpg\" data-fancybox=\"wpcp_view\">\n\t\t<figure>\n\t\t\t<img loading=\"lazy\" decoding=\"async\" class=\"skip-lazy\" src=\"https:\/\/www.novaf.net\/wp-content\/uploads\/2023\/10\/OCEANIC-COMFORT-IMG_20230705_085026-1024x1024.jpg\" alt=\"OCEANIC-COMFORT-IMG_20230705_085026\" width=\"1024\" height=\"1024\">\t\t<\/figure>\n\t<\/a>\n\t\t<\/div>\n<\/div>\n\t<div class=\"swiper-slide\">\n\t<div class=\"wpcp-single-item\">\n\t\t\t<a class=\"wcp-light-box\" data-buttons='[\"close\"]' data-wpc_url='https:\/\/www.novaf.net\/wp-content\/uploads\/2023\/10\/OCEANIC-COMFORT-DSC_0374-1024x1024.jpg' href=\"https:\/\/www.novaf.net\/wp-content\/uploads\/2023\/10\/OCEANIC-COMFORT-DSC_0374.jpg\" data-fancybox=\"wpcp_view\">\n\t\t<figure>\n\t\t\t<img loading=\"lazy\" decoding=\"async\" class=\"skip-lazy\" src=\"https:\/\/www.novaf.net\/wp-content\/uploads\/2023\/10\/OCEANIC-COMFORT-DSC_0374-1024x1024.jpg\" alt=\"OCEANIC-COMFORT-DSC_0374\" width=\"1024\" height=\"1024\">\t\t<\/figure>\n\t<\/a>\n\t\t<\/div>\n<\/div>\n\t<div class=\"swiper-slide\">\n\t<div class=\"wpcp-single-item\">\n\t\t\t<a class=\"wcp-light-box\" data-buttons='[\"close\"]' data-wpc_url='https:\/\/www.novaf.net\/wp-content\/uploads\/2023\/10\/OCEANIC-COMFORT-DSC_0370-1024x1024.jpg' href=\"https:\/\/www.novaf.net\/wp-content\/uploads\/2023\/10\/OCEANIC-COMFORT-DSC_0370.jpg\" data-fancybox=\"wpcp_view\">\n\t\t<figure>\n\t\t\t<img loading=\"lazy\" decoding=\"async\" class=\"skip-lazy\" src=\"https:\/\/www.novaf.net\/wp-content\/uploads\/2023\/10\/OCEANIC-COMFORT-DSC_0370-1024x1024.jpg\" alt=\"OCEANIC-COMFORT-DSC_0370\" width=\"1024\" height=\"1024\">\t\t<\/figure>\n\t<\/a>\n\t\t<\/div>\n<\/div>\n\t\t\t<\/div>\n\t\t\t\t\t<div class=\"wpcp-swiper-dots swiper-pagination\"><\/div>\n\t\t\t\t<!-- If we need navigation buttons -->\n\t\t\t\t\t<div class=\"wpcp-prev-button swiper-button-prev\"><i class=\"fa fa-angle-left\"><\/i><\/div>\n\t\t\t<div class=\"wpcp-next-button swiper-button-next\"><i class=\"fa fa-angle-right\"><\/i><\/div>\n\t\t\t<\/div>\n\t<\/div>\n<\/div>\n[\/vc_column_text][\/vc_column][\/vc_row][vc_row padding_top_multiplier=&#8221;3x&#8221; padding_bottom_multiplier=&#8221;3x&#8221; section_id=&#8221;detalleprod&#8221;][vc_column width=&#8221;1\/12&#8243;][\/vc_column][vc_column width=&#8221;5\/6&#8243;]<h2 class=\"grve-element grve-title grve-align-left grve-h1\" style=\"\"><span>Lev\u00e1ntate y \u00e9chate c\u00f3modamente<\/span><\/h2><div class=\"grve-empty-space grve-height-1x\" style=\"\"><\/div>[vc_column_text]La <strong>TUMBONA DE ALUMINIO OCEANIC COMFORT<\/strong> est\u00e1 totalmente adaptada para que la transferencia desde la silla de ruedas sea sencilla y segura.<\/p>\n<p>Adem\u00e1s, la <strong>TUMBONA DE ALUMINIO OCEANIC COMFORT<\/strong> , cuenta con patas de gomas antideslizante para que no se resbale en superficies de cemento o lisas.<\/p>\n<p>Tela microperforada, hipoal\u00e9rgica para evitar microorganismo perjudiciales para la salud.<\/p>\n<p>Ahora ponte c\u00f3modo en tu playa, piscina o jard\u00edn, lev\u00e1ntate y \u00e9chate c\u00f3modamente a disfrutar del sol.<\/p>\n<ul>\n<li><strong>Fabricado en Aluminio con patas de goma reforzadas.<\/strong><\/li>\n<li><strong>Tela microperforada-Hipoalerg\u00e9nica<\/strong><\/li>\n<\/ul>\n<p>[\/vc_column_text]<div class=\"grve-empty-space grve-height-1x\" style=\"\"><\/div>[\/vc_column][vc_column width=&#8221;1\/12&#8243;][\/vc_column][\/vc_row][vc_row columns_gap=&#8221;none&#8221; equal_column_height=&#8221;middle-content&#8221; section_id=&#8221;especif-fichatec&#8221;][vc_column width=&#8221;1\/6&#8243;][\/vc_column][vc_column width=&#8221;5\/12&#8243;][vc_row_inner el_class=&#8221;fichaprod-extra&#8221;][vc_column_inner]<h3 class=\"grve-element grve-title grve-align-left grve-h2\" style=\"\"><span>Especificaciones<\/span><\/h3><div class=\"grve-empty-space\" style=\"height: 15px;\"><\/div>[\/vc_column_inner][vc_column_inner width=&#8221;1\/2&#8243;][vc_column_text]<\/p>\n<ul>\n<li>Largo: 190 cm.<\/li>\n<li>Anchura: 60 cm.<\/li>\n<li>Altura: 50 cm.<\/li>\n<\/ul>\n<p>[\/vc_column_text][\/vc_column_inner][vc_column_inner width=&#8221;1\/2&#8243;][vc_column_text]<\/p>\n<ul>\n<li>Peso: 5,5 Kg.<\/li>\n<li>Capacidad de carga: 125 Kg.<\/li>\n<li>Medidas plegadas: 160 x 60 x 40 cm.<\/li>\n<\/ul>\n<p>[\/vc_column_text][\/vc_column_inner][\/vc_row_inner][\/vc_column][vc_column width=&#8221;1\/4&#8243; el_id=&#8221;descficha&#8221; css=&#8221;.vc_custom_1703248282923{background-color: #00dee8 !important;}&#8221;]<div class=\"grve-element grve-box-icon grve-medium grve-top-icon grve-align-center\" style=\"\"><a href=\"\/wp-content\/uploads\/pdf\/ficha-tecnica-oceanic-comfort.pdf\" target=\"_blank\" rel=\"noopener noreferrer\"><div class=\"grve-image-icon\"><img loading=\"lazy\" decoding=\"async\" width=\"363\" height=\"384\" src=\"https:\/\/www.novaf.net\/wp-content\/uploads\/2023\/10\/icono-descarga-ficha-white.png\" class=\"attachment-full size-full\" alt=\"\" \/><\/div><div class=\"grve-box-content\"><div class=\"grve-box-title-wrapper\"><h3 class=\"grve-box-title grve-h3\">Descargar la ficha del producto<\/h3><\/div>  <p class=\"grve-subtitle\">Formato PDF<\/p><\/div><\/a><\/div>[\/vc_column][vc_column width=&#8221;1\/6&#8243;][\/vc_column][\/vc_row][vc_row][vc_column][\/vc_column][\/vc_row][vc_row bg_type=&#8221;image&#8221; bg_image=&#8221;14810&#8243; bg_image_type=&#8221;fixed&#8221; color_overlay=&#8221;custom&#8221; color_overlay_custom=&#8221;rgba(72,81,96,0.94)&#8221; padding_top_multiplier=&#8221;3x&#8221; padding_bottom_multiplier=&#8221;3x&#8221;][vc_column width=&#8221;1\/12&#8243;][\/vc_column][vc_column width=&#8221;5\/6&#8243;][\/vc_column][vc_column width=&#8221;1\/12&#8243;][\/vc_column][\/vc_row][vc_row padding_top_multiplier=&#8221;3x&#8221; padding_bottom_multiplier=&#8221;3x&#8221; section_id=&#8221;manualmante&#8221;][vc_column width=&#8221;1\/12&#8243;][\/vc_column][vc_column width=&#8221;5\/6&#8243;]<h2 class=\"grve-element grve-title grve-align-left grve-h1\" style=\"\"><span>Manual de mantenimiento<\/span><\/h2><div class=\"grve-empty-space grve-height-1x\" style=\"\"><\/div>[vc_column_text]<\/p>\n<ul>\n<li>Lavado con agua dulce del equipo en su totalidad de manera diaria.<\/li>\n<li>Desmontaje y lavado de todas las partes m\u00f3viles y sus tuercas cada 15 d\u00edas.<\/li>\n<li>Engrasar con aceite multiusos o vaselina l\u00edquida o vaselina todos los tornillos y tuercas cada 15 d\u00edas.<\/li>\n<li>Armado de nuevo de todos los tornillos y piezas m\u00f3viles.<\/li>\n<li>Desmontaje de ruedas traseras y lavados de ejes inoxidables cada 15 d\u00edas.<\/li>\n<\/ul>\n<p>[\/vc_column_text][\/vc_column][vc_column width=&#8221;1\/12&#8243;][\/vc_column][\/vc_row]<\/p>\n<\/section>","protected":false},"excerpt":{"rendered":"<p>La <strong>TUMBONA DE ALUMINIO OCEANIC COMFORT<\/strong>\u00a0es la primera tumbona adaptada del mercado para lugares de gran afluencia de p\u00fablico. Para todos los p\u00fablicos y muy confortable por sus caracter\u00edsticas t\u00e9cnicas como su altura desde el suelo, su anchura, su regulaci\u00f3n de inclinaci\u00f3n del respaldo y su estabilidad.<\/p>\n<p><strong>(Incluye IVA 10%)<\/strong><\/p>\n","protected":false},"featured_media":14806,"template":"","meta":[],"product_cat":[79],"product_tag":[],"_links":{"self":[{"href":"https:\/\/www.novaf.net\/es\/wp-json\/wp\/v2\/product\/14801"}],"collection":[{"href":"https:\/\/www.novaf.net\/es\/wp-json\/wp\/v2\/product"}],"about":[{"href":"https:\/\/www.novaf.net\/es\/wp-json\/wp\/v2\/types\/product"}],"wp:featuredmedia":[{"embeddable":true,"href":"https:\/\/www.novaf.net\/es\/wp-json\/wp\/v2\/media\/14806"}],"wp:attachment":[{"href":"https:\/\/www.novaf.net\/es\/wp-json\/wp\/v2\/media?parent=14801"}],"wp:term":[{"taxonomy":"product_cat","embeddable":true,"href":"https:\/\/www.novaf.net\/es\/wp-json\/wp\/v2\/product_cat?post=14801"},{"taxonomy":"product_tag","embeddable":true,"href":"https:\/\/www.novaf.net\/es\/wp-json\/wp\/v2\/product_tag?post=14801"}],"curies":[{"name":"wp","href":"https:\/\/api.w.org\/{rel}","templated":true}]}}