{"id":14747,"date":"2023-09-01T08:17:00","date_gmt":"2023-09-01T08:17:00","guid":{"rendered":"https:\/\/www.novaf.net\/?post_type=product&#038;p=14747"},"modified":"2025-11-20T08:35:19","modified_gmt":"2025-11-20T08:35:19","slug":"silla-anfibia-oceanic-atlantic","status":"publish","type":"product","link":"https:\/\/www.novaf.net\/es\/product\/silla-anfibia-oceanic-atlantic\/","title":{"rendered":"SILLA ANFIBIA OCEANIC ATLANTIC"},"content":{"rendered":"<section class=\"wpb-content-wrapper\"><p>[vc_row section_type=&#8221;fullwidth&#8221; padding_top_multiplier=&#8221;&#8221; padding_bottom_multiplier=&#8221;&#8221; columns_gap=&#8221;none&#8221; section_id=&#8221;walmart-venta-directa&#8221;][vc_column width=&#8221;1\/2&#8243;][\/vc_column][vc_column width=&#8221;1\/2&#8243; css=&#8221;.vc_custom_1695307009962{background-color: #1280c3 !important;}&#8221; el_class=&#8221;col-der&#8221;][vc_row_inner][vc_column_inner width=&#8221;1\/2&#8243;][vc_column_text]Tambi\u00e9n en:[\/vc_column_text][\/vc_column_inner][vc_column_inner width=&#8221;1\/2&#8243;]<div class=\"grve-element grve-image walmart-product grve-align-center\" style=\"\">  <div class=\"grve-image-wrapper\"><a href=\"https:\/\/www.walmart.com\/ip\/Crutches-for-Beach-Amphibious-Crutches-Kit\/1697079948\" target=\"_blank\" rel=\"noopener noreferrer\"><img loading=\"lazy\" decoding=\"async\" width=\"369\" height=\"138\" src=\"https:\/\/www.novaf.net\/wp-content\/uploads\/2023\/07\/logowallmart.png\" class=\"attachment-full size-full\" alt=\"\" srcset=\"https:\/\/www.novaf.net\/wp-content\/uploads\/2023\/07\/logowallmart.png 369w, https:\/\/www.novaf.net\/wp-content\/uploads\/2023\/07\/logowallmart-300x112.png 300w\" sizes=\"(max-width: 369px) 100vw, 369px\" \/><\/a>   <\/div><\/div>[\/vc_column_inner][\/vc_row_inner][\/vc_column][\/vc_row][vc_row section_type=&#8221;fullwidth&#8221; padding_top_multiplier=&#8221;&#8221; padding_bottom_multiplier=&#8221;&#8221; columns_gap=&#8221;none&#8221; section_id=&#8221;galeria-prod&#8221;][vc_column][vc_column_text]<style id=\"wp_carousel_dynamic_css16706\">.sp-wp-carousel-free-id-16706.wpcf-fancybox-wrapper .fancybox-bg{background: #0b0b0b;opacity: 0.8;}.sp-wp-carousel-free-id-16706.wpcf-fancybox-wrapper .fancybox-navigation .fancybox-button .wpcp-fancybox-nav-arrow i {color: #ccc;}.sp-wp-carousel-free-id-16706.wpcf-fancybox-wrapper .fancybox-navigation .fancybox-button .wpcp-fancybox-nav-arrow i:hover {color: #fff;}.sp-wp-carousel-free-id-16706.wpcf-fancybox-wrapper .fancybox-navigation .fancybox-button {background: #1e1e1e;}.sp-wp-carousel-free-id-16706.wpcf-fancybox-wrapper .fancybox-navigation .fancybox-button:hover {background: #1e1e1e;}#sp-wp-carousel-free-id-16706 .wpcp-swiper-dots {margin: 40px 0px 0px 0px;}.wpcp-wrapper-16706 .swiper-wrapper .swiper-slide-kenburn, .wpcp-wrapper-16706 .swiper-wrapper, .wpcp-wrapper-16706 .wpcpro-row{align-items: center;}#sp-wp-carousel-free-id-16706 .wpcp-single-item {box-shadow: 0px 0px 0px 0px #dddddd;transition: all .3s;margin: 0px;}#sp-wp-carousel-free-id-16706.swiper-flip .wpcp-single-item{margin: 0!important;}#sp-wp-carousel-free-id-16706 .wpcp-single-item:hover {box-shadow: 0px 0px 0px 0px #dddddd;}#sp-wp-carousel-free-id-16706.sp-wpcp-16706 .wpcp-single-item {border: 1px solid #dddddd;}#sp-wp-carousel-free-id-16706.wpcp-carousel-section.sp-wpcp-16706 .swiper-button-prev,#sp-wp-carousel-free-id-16706.wpcp-carousel-section.sp-wpcp-16706 .swiper-button-next,#sp-wp-carousel-free-id-16706.wpcp-carousel-section.sp-wpcp-16706 .swiper-button-prev:hover,#sp-wp-carousel-free-id-16706.wpcp-carousel-section.sp-wpcp-16706 .swiper-button-next:hover {font-size: 18px ; font-weight: 400;}#sp-wp-carousel-free-id-16706.sp-wpcp-16706 .swiper-button-prev,#sp-wp-carousel-free-id-16706.sp-wpcp-16706 .swiper-button-next,#sp-wp-carousel-free-id-16706.sp-wpcp-16706 .swiper-button-prev:hover,#sp-wp-carousel-free-id-16706.sp-wpcp-16706 .swiper-button-next:hover {background: none;border: none;font-size: 30px;}#sp-wp-carousel-free-id-16706.sp-wpcp-16706 .swiper-button-prev i,#sp-wp-carousel-free-id-16706.sp-wpcp-16706 .swiper-button-next i {color: #aaa;}#sp-wp-carousel-free-id-16706.sp-wpcp-16706 .swiper-button-prev i:hover,#sp-wp-carousel-free-id-16706.sp-wpcp-16706 .swiper-button-next i:hover {color: #178087;}#sp-wp-carousel-free-id-16706.sp-wpcp-16706 .wpcp-swiper-dots .swiper-pagination-bullet {background-color: #cccccc;}#sp-wp-carousel-free-id-16706.sp-wpcp-16706 .wpcp-swiper-dots .swiper-pagination-bullet.swiper-pagination-bullet-active {background-color: #178087;} #sp-wp-carousel-free-id-16706.sp-wpcp-16706.wpcp-image-carousel .wpcp-single-item:hover img, #sp-wp-carousel-free-id-16706.sp-wpcp-16706.wpcp-post-carousel .wpcp-single-item:hover img, #sp-wp-carousel-free-id-16706.sp-wpcp-16706.wpcp-product-carousel .wpcp-single-item:hover img{-webkit-transform: scale(1.2);-moz-transform: scale(1.2);transform: scale(1.2);}#sp-wp-carousel-free-id-16706 .wpcpro-row>[class*=\"wpcpro-col-\"] { padding: 0 0px; padding-bottom: 0px;} #sp-wp-carousel-free-id-16706 .swiper-slide .single-item-fade:not(:last-child) { margin-right: 0px;}@media (min-width: 480px) { .wpcpro-row .wpcpro-col-sm-1 { flex: 0 0 100%; max-width: 100%; } .wpcpro-row .wpcpro-col-sm-2 { flex: 0 0 50%; max-width: 50%; } .wpcpro-row .wpcpro-col-sm-2-5 { flex: 0 0 75%; max-width: 75%; } .wpcpro-row .wpcpro-col-sm-3 { flex: 0 0 33.333%; max-width: 33.333%; } .wpcpro-row .wpcpro-col-sm-4 { flex: 0 0 25%; max-width: 25%; } .wpcpro-row .wpcpro-col-sm-5 { flex: 0 0 20%; max-width: 20%; } .wpcpro-row .wpcpro-col-sm-6 { flex: 0 0 16.66666666666667%; max-width: 16.66666666666667%; } .wpcpro-row .wpcpro-col-sm-7 { flex: 0 0 14.28571428%; max-width: 14.28571428%; } .wpcpro-row .wpcpro-col-sm-8 { flex: 0 0 12.5%; max-width: 12.5%; } } @media (max-width: 480px) { .wpcpro-row .wpcpro-col-xs-1 { flex: 0 0 100%; max-width: 100%; } .wpcpro-row .wpcpro-col-xs-2 { flex: 0 0 50%; max-width: 50%; } .wpcpro-row .wpcpro-col-xs-3 { flex: 0 0 33.222%; max-width: 33.222%; } .wpcpro-row .wpcpro-col-xs-4 { flex: 0 0 25%; max-width: 25%; } .wpcpro-row .wpcpro-col-xs-5 { flex: 0 0 20%; max-width: 20%; } .wpcpro-row .wpcpro-col-xs-6 { flex: 0 0 16.6667%; max-width: 16.6667%; } .wpcpro-row .wpcpro-col-xs-7 { flex: 0 0 14.28571428%; max-width: 14.28571428%; } .wpcpro-row .wpcpro-col-xs-8 { flex: 0 0 12.5%; max-width: 12.5%; } } @media (min-width: 736px) { .wpcpro-row .wpcpro-col-md-1 { flex: 0 0 100%; max-width: 100%; } .wpcpro-row .wpcpro-col-md-2 { flex: 0 0 50%; max-width: 50%; } .wpcpro-row .wpcpro-col-md-2-5 { flex: 0 0 75%; max-width: 75%; } .wpcpro-row .wpcpro-col-md-3 { flex: 0 0 33.333%; max-width: 33.333%; } .wpcpro-row .wpcpro-col-md-4 { flex: 0 0 25%; max-width: 25%; } .wpcpro-row .wpcpro-col-md-5 { flex: 0 0 20%; max-width: 20%; } .wpcpro-row .wpcpro-col-md-6 { flex: 0 0 16.66666666666667%; max-width: 16.66666666666667%; } .wpcpro-row .wpcpro-col-md-7 { flex: 0 0 14.28571428%; max-width: 14.28571428%; } .wpcpro-row .wpcpro-col-md-8 { flex: 0 0 12.5%; max-width: 12.5%; } } @media (min-width: 980px) { .wpcpro-row .wpcpro-col-lg-1 { flex: 0 0 100%; max-width: 100%; } .wpcpro-row .wpcpro-col-lg-2 { flex: 0 0 50%; max-width: 50%; } .wpcpro-row .wpcpro-col-lg-3 { flex: 0 0 33.222%; max-width: 33.222%; } .wpcpro-row .wpcpro-col-lg-4 { flex: 0 0 25%; max-width: 25%; } .wpcpro-row .wpcpro-col-lg-5 { flex: 0 0 20%; max-width: 20%; } .wpcpro-row .wpcpro-col-lg-6 { flex: 0 0 16.6667%; max-width: 16.6667%; } .wpcpro-row .wpcpro-col-lg-7 { flex: 0 0 14.28571428%; max-width: 14.28571428%; } .wpcpro-row .wpcpro-col-lg-8 { flex: 0 0 12.5%; max-width: 12.5%; } } @media (min-width: 1200px) { .wpcpro-row .wpcpro-col-xl-1 { flex: 0 0 100%; max-width: 100%; } .wpcpro-row .wpcpro-col-xl-2 { flex: 0 0 50%; max-width: 50%; } .wpcpro-row .wpcpro-col-xl-3 { flex: 0 0 33.22222222%; max-width: 33.22222222%; } .wpcpro-row .wpcpro-col-xl-4 { flex: 0 0 25%; max-width: 25%; } .wpcpro-row .wpcpro-col-xl-5 { flex: 0 0 20%; max-width: 20%; } .wpcpro-row .wpcpro-col-xl-6 { flex: 0 0 16.66667%; max-width: 16.66667%; } .wpcpro-row .wpcpro-col-xl-7 { flex: 0 0 14.28571428%; max-width: 14.28571428%; } .wpcpro-row .wpcpro-col-xl-8 { flex: 0 0 12.5%; max-width: 12.5%; } }<\/style><div class=\"wpcp-carousel-wrapper wpcp-wrapper-16706\">\n\t<div id=\"wpcp-preloader-16706\" class=\"wpcp-carousel-preloader\"><img decoding=\"async\" src=\"https:\/\/www.novaf.net\/wp-content\/plugins\/wp-carousel-free\/public\/css\/spinner.svg\" alt=\"Preloader Image\" \/><\/div>\t<div class=\"wpcp-carousel-content-wrapper\">\n\t<div id=\"sp-wp-carousel-free-id-16706\" class=\"wpcp-carousel-section sp-wpcp-16706  nav-vertical-center wpcp-image-carousel wpcp-preloader wpcp-standard\" data-swiper='{ &quot;pagination_type&quot;: &quot;dots&quot;,&quot;accessibility&quot;:true, &quot;spaceBetween&quot;:0, &quot;arrows&quot;:true, &quot;freeMode&quot;: false, &quot;autoplay&quot;:true, &quot;effect&quot;: &quot;&quot;, &quot;centerMode&quot;: false, &quot;autoplaySpeed&quot;:3000, &quot;dots&quot;:true, &quot;infinite&quot;:true, &quot;speed&quot;:600, &quot;pauseOnHover&quot;:true,\n\t\t\t&quot;slidesToShow&quot;:{&quot;lg_desktop&quot;:5, &quot;desktop&quot;: 4, &quot;laptop&quot;: 3, &quot;tablet&quot;: 2, &quot;mobile&quot;: 1}, &quot;responsive&quot;:{&quot;desktop&quot;:1200, &quot;laptop&quot;: 980, &quot;tablet&quot;: 736, &quot;mobile&quot;: 480}, &quot;rtl&quot;:false, &quot;lazyLoad&quot;: &quot;false&quot;, &quot;swipe&quot;: true, &quot;draggable&quot;: true, &quot;swipeToSlide&quot;:false }' dir=\"ltr\">\n\t\t<div class=\"swiper-wrapper\">\n\t\t<div class=\"swiper-slide\">\n\t<div class=\"wpcp-single-item\">\n\t\t\t<a class=\"wcp-light-box\" data-buttons=\"[&quot;close&quot;]\" data-wpc_url=\"https:\/\/www.novaf.net\/wp-content\/uploads\/2023\/09\/silla-anfibia-oceanic-atlantic-01-1024x768.jpg\" href=\"https:\/\/www.novaf.net\/wp-content\/uploads\/2023\/09\/silla-anfibia-oceanic-atlantic-01-scaled.jpg\" data-fancybox=\"wpcp_view\">\n\t\t<figure>\n\t\t\t<img loading=\"lazy\" decoding=\"async\" class=\"skip-lazy\" src=\"https:\/\/www.novaf.net\/wp-content\/uploads\/2023\/09\/silla-anfibia-oceanic-atlantic-01-1024x768.jpg\" alt=\"Silla Anfibia Oceanic Atlantic\" width=\"1024\" height=\"768\">\t\t<\/figure>\n\t<\/a>\n\t\t<\/div>\n<\/div>\n\t<div class=\"swiper-slide\">\n\t<div class=\"wpcp-single-item\">\n\t\t\t<a class=\"wcp-light-box\" data-buttons=\"[&quot;close&quot;]\" data-wpc_url=\"https:\/\/www.novaf.net\/wp-content\/uploads\/2023\/09\/silla-anfibia-oceanic-atlantic-02-1024x768.jpg\" href=\"https:\/\/www.novaf.net\/wp-content\/uploads\/2023\/09\/silla-anfibia-oceanic-atlantic-02-scaled.jpg\" data-fancybox=\"wpcp_view\">\n\t\t<figure>\n\t\t\t<img loading=\"lazy\" decoding=\"async\" class=\"skip-lazy\" src=\"https:\/\/www.novaf.net\/wp-content\/uploads\/2023\/09\/silla-anfibia-oceanic-atlantic-02-1024x768.jpg\" alt=\"Silla Anfibia Oceanic Atlantic 02\" width=\"1024\" height=\"768\">\t\t<\/figure>\n\t<\/a>\n\t\t<\/div>\n<\/div>\n\t<div class=\"swiper-slide\">\n\t<div class=\"wpcp-single-item\">\n\t\t\t<a class=\"wcp-light-box\" data-buttons=\"[&quot;close&quot;]\" data-wpc_url=\"https:\/\/www.novaf.net\/wp-content\/uploads\/2023\/09\/silla-anfibia-oceanic-atlantic-03-1024x768.jpg\" href=\"https:\/\/www.novaf.net\/wp-content\/uploads\/2023\/09\/silla-anfibia-oceanic-atlantic-03-scaled.jpg\" data-fancybox=\"wpcp_view\">\n\t\t<figure>\n\t\t\t<img loading=\"lazy\" decoding=\"async\" class=\"skip-lazy\" src=\"https:\/\/www.novaf.net\/wp-content\/uploads\/2023\/09\/silla-anfibia-oceanic-atlantic-03-1024x768.jpg\" alt=\"Silla Anfibia Oceanic Atlantic 03\" width=\"1024\" height=\"768\">\t\t<\/figure>\n\t<\/a>\n\t\t<\/div>\n<\/div>\n\t<div class=\"swiper-slide\">\n\t<div class=\"wpcp-single-item\">\n\t\t\t<a class=\"wcp-light-box\" data-buttons=\"[&quot;close&quot;]\" data-wpc_url=\"https:\/\/www.novaf.net\/wp-content\/uploads\/2023\/09\/silla-anfibia-oceanic-atlantic-04-1024x768.jpg\" href=\"https:\/\/www.novaf.net\/wp-content\/uploads\/2023\/09\/silla-anfibia-oceanic-atlantic-04-scaled.jpg\" data-fancybox=\"wpcp_view\">\n\t\t<figure>\n\t\t\t<img loading=\"lazy\" decoding=\"async\" class=\"skip-lazy\" src=\"https:\/\/www.novaf.net\/wp-content\/uploads\/2023\/09\/silla-anfibia-oceanic-atlantic-04-1024x768.jpg\" alt=\"Silla Anfibia Oceanic Atlantic 04\" width=\"1024\" height=\"768\">\t\t<\/figure>\n\t<\/a>\n\t\t<\/div>\n<\/div>\n\t<div class=\"swiper-slide\">\n\t<div class=\"wpcp-single-item\">\n\t\t\t<a class=\"wcp-light-box\" data-buttons=\"[&quot;close&quot;]\" data-wpc_url=\"https:\/\/www.novaf.net\/wp-content\/uploads\/2023\/09\/silla-anfibia-oceanic-atlantic-06-1024x768.jpg\" href=\"https:\/\/www.novaf.net\/wp-content\/uploads\/2023\/09\/silla-anfibia-oceanic-atlantic-06-scaled.jpg\" data-fancybox=\"wpcp_view\">\n\t\t<figure>\n\t\t\t<img loading=\"lazy\" decoding=\"async\" class=\"skip-lazy\" src=\"https:\/\/www.novaf.net\/wp-content\/uploads\/2023\/09\/silla-anfibia-oceanic-atlantic-06-1024x768.jpg\" alt=\"Silla Anfibia Oceanic Atlantic 06\" width=\"1024\" height=\"768\">\t\t<\/figure>\n\t<\/a>\n\t\t<\/div>\n<\/div>\n\t<div class=\"swiper-slide\">\n\t<div class=\"wpcp-single-item\">\n\t\t\t<a class=\"wcp-light-box\" data-buttons=\"[&quot;close&quot;]\" data-wpc_url=\"https:\/\/www.novaf.net\/wp-content\/uploads\/2023\/09\/silla-anfibia-oceanic-atlantic-05-1024x769.jpg\" href=\"https:\/\/www.novaf.net\/wp-content\/uploads\/2023\/09\/silla-anfibia-oceanic-atlantic-05-scaled.jpg\" data-fancybox=\"wpcp_view\">\n\t\t<figure>\n\t\t\t<img loading=\"lazy\" decoding=\"async\" class=\"skip-lazy\" src=\"https:\/\/www.novaf.net\/wp-content\/uploads\/2023\/09\/silla-anfibia-oceanic-atlantic-05-1024x769.jpg\" alt=\"Silla Anfibia Oceanic Atlantic 05\" width=\"1024\" height=\"769\">\t\t<\/figure>\n\t<\/a>\n\t\t<\/div>\n<\/div>\n\t<div class=\"swiper-slide\">\n\t<div class=\"wpcp-single-item\">\n\t\t\t<a class=\"wcp-light-box\" data-buttons=\"[&quot;close&quot;]\" data-wpc_url=\"https:\/\/www.novaf.net\/wp-content\/uploads\/2024\/08\/silla-anfibia-oceanic-atlantic-07-2.jpg\" href=\"https:\/\/www.novaf.net\/wp-content\/uploads\/2024\/08\/silla-anfibia-oceanic-atlantic-07-2.jpg\" data-fancybox=\"wpcp_view\">\n\t\t<figure>\n\t\t\t<img loading=\"lazy\" decoding=\"async\" class=\"skip-lazy\" src=\"https:\/\/www.novaf.net\/wp-content\/uploads\/2024\/08\/silla-anfibia-oceanic-atlantic-07-2.jpg\" alt=\"Silla Anfibia Oceanic Atlantic 07\" width=\"1024\" height=\"768\">\t\t<\/figure>\n\t<\/a>\n\t\t<\/div>\n<\/div>\n\t\t\t<\/div>\n\t\t\t\t\t<div class=\"wpcp-swiper-dots swiper-pagination\"><\/div>\n\t\t\t\t<!-- If we need navigation buttons -->\n\t\t\t\t\t<div class=\"wpcp-prev-button swiper-button-prev\"><i class=\"fa fa-angle-left\"><\/i><\/div>\n\t\t\t<div class=\"wpcp-next-button swiper-button-next\"><i class=\"fa fa-angle-right\"><\/i><\/div>\n\t\t\t<\/div>\n\t<\/div>\n<\/div>\n[\/vc_column_text][\/vc_column][\/vc_row][vc_row padding_top_multiplier=&#8221;3x&#8221; padding_bottom_multiplier=&#8221;3x&#8221; section_id=&#8221;detalleprod&#8221;][vc_column width=&#8221;1\/12&#8243;][\/vc_column][vc_column width=&#8221;5\/6&#8243;]<h2 class=\"grve-element grve-title grve-align-left grve-h1\" style=\"\"><span>Ligera y desmontable<\/span><\/h2><div class=\"grve-empty-space grve-height-1x\" style=\"\"><\/div>[vc_column_text]La\u00a0<strong>Silla Anfibia Oceanic Atlantic\u00a0<\/strong>es\u00a0la primera\u00a0<strong>silla anfibia<\/strong>\u00a0totalmente\u00a0<strong>accesible<\/strong>, por su dise\u00f1o innovador, tanto para el usuario final como para el acompa\u00f1ante, as\u00ed como para el personal de asistencia especializado, que no tendr\u00e1 que realizar grandes esfuerzos para su utilizaci\u00f3n.<\/p>\n<p><span class=\"highlight-orange\"><strong>Silla<\/strong><\/span>\u00a0ligera y desmontable para su almacenamiento y embalaje gracias a sus reducidas dimensiones.<\/p>\n<ul>\n<li><strong>Chasis ergon\u00f3mico para mayor accesibilidad y reposapi\u00e9s abatible.<\/strong><\/li>\n<li><strong>Brazos con asas y abatibles para mayor confort y accesibilidad.<\/strong><\/li>\n<li><strong>Barra de direcci\u00f3n y tracci\u00f3n con dise\u00f1o ergon\u00f3mico para\u00a0realizar un menor esfuerzo.<\/strong><\/li>\n<li><strong>Ruedas con suficiente di\u00e1metro para mejorar su manejo por la playa.<\/strong><\/li>\n<li><strong>Chasis de aluminio reforzado de 5 mm en las estructura y de 8 mm en algunas partes espec\u00edficas<\/strong><\/li>\n<\/ul>\n<p>[\/vc_column_text]<div class=\"grve-empty-space grve-height-1x\" style=\"\"><\/div>[\/vc_column][vc_column width=&#8221;1\/12&#8243;][\/vc_column][\/vc_row][vc_row columns_gap=&#8221;none&#8221; equal_column_height=&#8221;middle-content&#8221; section_id=&#8221;especif-fichatec&#8221;][vc_column width=&#8221;1\/6&#8243;][\/vc_column][vc_column width=&#8221;5\/12&#8243;][vc_row_inner el_class=&#8221;fichaprod-extra&#8221;][vc_column_inner]<h3 class=\"grve-element grve-title grve-align-left grve-h2\" style=\"\"><span>Especificaciones<\/span><\/h3><div class=\"grve-empty-space\" style=\"height: 15px;\"><\/div>[\/vc_column_inner][\/vc_row_inner][vc_row_inner el_class=&#8221;fichaprod-extra&#8221;][vc_column_inner width=&#8221;1\/2&#8243;][vc_column_text]<\/p>\n<ul class=\"special-7\">\n<li>Largo: 180 cm<\/li>\n<li>Anchura: 120 cm<\/li>\n<li>Altura: 105 cm<\/li>\n<li>Di\u00e1metro de ruedas: 40 cm<\/li>\n<li>Anchura de ruedas: 18 cm<\/li>\n<li>Peso Ruedas: 90 grs. (Unidad)<\/li>\n<li><\/li>\n<\/ul>\n<p>[\/vc_column_text][\/vc_column_inner][vc_column_inner width=&#8221;1\/2&#8243;][vc_column_text]<\/p>\n<ul class=\"special-7\">\n<li>Medidas plegadas: 145 x 80 x 25 cm<\/li>\n<li>Peso: 23 Kg<\/li>\n<li>Capacidad de carga: 125 Kg<\/li>\n<\/ul>\n<p>[\/vc_column_text][\/vc_column_inner][\/vc_row_inner][\/vc_column][vc_column width=&#8221;1\/4&#8243; el_id=&#8221;descficha&#8221; css=&#8221;.vc_custom_1703248282923{background-color: #00dee8 !important;}&#8221;]<div class=\"grve-element grve-box-icon grve-medium grve-top-icon grve-align-center\" style=\"\"><a href=\"https:\/\/www.novaf.net\/wp-content\/uploads\/pdf\/ficha-tecnica-oceanic-atlantic.pdf\"><div class=\"grve-image-icon\"><img loading=\"lazy\" decoding=\"async\" width=\"363\" height=\"384\" src=\"https:\/\/www.novaf.net\/wp-content\/uploads\/2023\/10\/icono-descarga-ficha-white.png\" class=\"attachment-full size-full\" alt=\"\" \/><\/div><div class=\"grve-box-content\"><div class=\"grve-box-title-wrapper\"><h3 class=\"grve-box-title grve-h3\">Descargar la ficha del producto<\/h3><\/div>  <p class=\"grve-subtitle\">Formato PDF<\/p><\/div><\/a><\/div>[\/vc_column][vc_column width=&#8221;1\/6&#8243;][\/vc_column][\/vc_row][vc_row][vc_column][\/vc_column][\/vc_row][vc_row bg_type=&#8221;image&#8221; bg_image=&#8221;14776&#8243; bg_image_type=&#8221;fijo&#8221; color_overlay=&#8221;personalizado&#8221; padding_top_multiplier=&#8221;3x&#8221; padding_bottom_multiplier=&#8221;3x&#8221;][vc_column width=&#8221;1 \/12&#8243;][\/vc_column][vc_column width=&#8221;5\/6&#8243;]<div class=\"grve-element grve-video\" style=\"\"><iframe loading=\"lazy\" title=\"2024   SILLA OCEANIC\" width=\"1080\" height=\"608\" src=\"https:\/\/www.youtube.com\/embed\/Iy45R31ekoQ?feature=oembed\" frameborder=\"0\" allow=\"accelerometer; autoplay; clipboard-write; encrypted-media; gyroscope; picture-in-picture; web-share\" referrerpolicy=\"strict-origin-when-cross-origin\" allowfullscreen><\/iframe><\/div>[\/vc_column][vc_column width=&#8221;1\/12&#8243;][vc_column_text] [\/vc_column_text][\/vc_column][\/vc_row][vc_row bg_type=&#8221;image&#8221; bg_image=&#8221;14776&#8243; bg_image_type=&#8221;fijo&#8221; color_overlay=&#8221;personalizado&#8221; padding_top_multiplier=&#8221;3x&#8221; padding_bottom_multiplier=&#8221;3x&#8221;][vc_column width=&#8221;1 \/12&#8243;][\/vc_column][vc_column width=&#8221;5\/6&#8243;]<div class=\"grve-element grve-video\" style=\"\"><iframe loading=\"lazy\" title=\"2024 video montaje silla anfibia oceanic atlantic\" width=\"1080\" height=\"608\" src=\"https:\/\/www.youtube.com\/embed\/das7FqVjGHQ?feature=oembed\" frameborder=\"0\" allow=\"accelerometer; autoplay; clipboard-write; encrypted-media; gyroscope; picture-in-picture; web-share\" referrerpolicy=\"strict-origin-when-cross-origin\" allowfullscreen><\/iframe><\/div>[\/vc_column][vc_column width=&#8221;1\/12&#8243;][vc_column_text] [\/vc_column_text][\/vc_column][\/vc_row][vc_row padding_top_multiplier=&#8221;3x&#8221; padding_bottom_multiplier=&#8221;3x&#8221; section_id=&#8221;manualmante&#8221;][vc_column width=&#8221;1\/12&#8243;][\/vc_column][vc_column width=&#8221;5\/6&#8243;]<h3 class=\"grve-element grve-title grve-align-left grve-h3\" style=\"\"><span>Manual de mantenimiento<\/span><\/h3><div class=\"grve-empty-space grve-height-1x\" style=\"\"><\/div>[vc_column_text]<\/p>\n<ul>\n<li>Lavado con agua dulce del equipo en su totalidad de manera diaria.<\/li>\n<li>Desmontaje y lavado de todas las partes m\u00f3viles y sus tuercas cada 15 d\u00edas.<\/li>\n<li>Engrasar con aceite multiusos o vaselina l\u00edquida o vaselina todos los tornillos y tuercas cada 15 d\u00edas.<\/li>\n<li>Armado de nuevo de todos los tornillos y piezas m\u00f3viles.<\/li>\n<li>Desmontaje de ruedas traseras y lavados de ejes inoxidables cada 15 d\u00edas.<\/li>\n<\/ul>\n<p><span style=\"vertical-align: inherit;\"><span style=\"vertical-align: inherit;\">[\/vc_column_text][\/vc_column][vc_column width=&#8221;1\/12&#8243;][\/vc_column][\/vc_row][vc_row][vc_column][vc_column_text]<\/span><\/span>[\/vc_column_text][\/vc_column][\/vc_row]<\/p>\n<\/section>","protected":false},"excerpt":{"rendered":"<h2>La Silla Anfibia m\u00e1s ligera del mundo<\/h2>\n<p><strong>Novaf<\/strong> presenta la <strong>Silla Anfibia Oceanic Atlantic<\/strong>, una nueva y revolucionaria silla anfibia <strong>para el ba\u00f1o de personas con movilidad reducida.<\/strong><\/p>\n","protected":false},"featured_media":17012,"template":"","meta":[],"product_cat":[79],"product_tag":[],"_links":{"self":[{"href":"https:\/\/www.novaf.net\/es\/wp-json\/wp\/v2\/product\/14747"}],"collection":[{"href":"https:\/\/www.novaf.net\/es\/wp-json\/wp\/v2\/product"}],"about":[{"href":"https:\/\/www.novaf.net\/es\/wp-json\/wp\/v2\/types\/product"}],"wp:featuredmedia":[{"embeddable":true,"href":"https:\/\/www.novaf.net\/es\/wp-json\/wp\/v2\/media\/17012"}],"wp:attachment":[{"href":"https:\/\/www.novaf.net\/es\/wp-json\/wp\/v2\/media?parent=14747"}],"wp:term":[{"taxonomy":"product_cat","embeddable":true,"href":"https:\/\/www.novaf.net\/es\/wp-json\/wp\/v2\/product_cat?post=14747"},{"taxonomy":"product_tag","embeddable":true,"href":"https:\/\/www.novaf.net\/es\/wp-json\/wp\/v2\/product_tag?post=14747"}],"curies":[{"name":"wp","href":"https:\/\/api.w.org\/{rel}","templated":true}]}}