{"id":3,"date":"2023-06-29T10:56:07","date_gmt":"2023-06-29T10:56:07","guid":{"rendered":"https:\/\/www.novaf.net\/?page_id=3"},"modified":"2024-04-12T11:22:47","modified_gmt":"2024-04-12T11:22:47","slug":"politica-de-privacidad","status":"publish","type":"page","link":"https:\/\/www.novaf.net\/es\/politica-de-privacidad\/","title":{"rendered":"Pol\u00edtica de Privacidad"},"content":{"rendered":"<section class=\"wpb-content-wrapper\"><p>[vc_row][vc_column][vc_column_text]<\/p>\r\n<h2 class=\"wp-block-heading\">Pol\u00edtica de Privacidad<\/h2>\r\n\r\n<p>De conformidad con lo establecido en los art\u00edculos 5 y 6 de la Ley Org\u00e1nica 15\/1999\u00a0de\u00a013 de diciembre de Protecci\u00f3n\u00a0de\u00a0Datos de Car\u00e1cter Personal, le informamos que los datos de car\u00e1cter personal que voluntariamente nos facilite a trav\u00e9s\u00a0de\u00a0los distintos formularios de entrada dispuestos al efecto en la web\u00a0<strong><a href=\"https:\/\/www.novaf.net\">https:\/\/www.novaf.net<\/a>\u00a0<\/strong>o en cualquier otro canal\u00a0de\u00a0recogida de los mismos, ser\u00e1n incorporados al fichero denominado USUARIOS\u00a0DE\u00a0LA WEB responsabilidad de (\u00a0<strong>Novaf Andaluc\u00eda 2007,S.L.<\/strong>), con domicilio en (\u00a0<strong>C\/ Los Aprendices 3, 11130,\u00a0Chiclana de la Frontera,\u00a0C\u00e1diz\u00a0<\/strong>) y n\u00ba de CIF\u00a0\u00a0<strong>B-91675272\u00a0<\/strong>con las siguientes finalidades:<\/p>\r\n\r\n<p>&#8211;\u00a0\u00a0La resoluci\u00f3n de consultas\/dudas.<\/p>\r\n\r\n<p>&#8211;\u00a0\u00a0Responder de forma eficaz a su solicitud de compra de nuestros productos.<\/p>\r\n\r\n<p>As\u00ed mismo, EL USUARIO de la web\u00a0<strong><a href=\"https:\/\/www.novaf.net\">https:\/\/www.novaf.net<\/a>\u00a0<\/strong>al facilitar voluntariamente sus datos de car\u00e1cter personal a trav\u00e9s de los distintos formularios de entrada dispuestos al efecto en la web, autoriza de manera expresa a que sus datos puedan ser utilizados en el env\u00edo de comunicaciones comerciales y ofertas publicitarias por e-mail, fax o cualquier otro medio electr\u00f3nico o f\u00edsico, presente o futuro.<\/p>\r\n\r\n<p>Todos los datos solicitados a trav\u00e9s\u00a0de\u00a0la Web son obligatorios. En caso de no ser facilitados,\u00a0<strong>NOVAF\u00a0<\/strong>no garantiza que los servicios prestados se ajusten completamente a sus necesidades.<\/p>\r\n\r\n<p>El consentimiento se entender\u00e1 prestado en tanto no nos comunique expresamente la revocaci\u00f3n del mismo a alguno de los tratamientos indicados anteriormente.<\/p>\r\n\r\n<p>A tal efecto, EL USUARIO podr\u00e1 darse de baja de cualquiera de los servicios contratados enviando un correo electr\u00f3nico a la direcci\u00f3n:<strong> <a href=\"mailto:b2b@novaf.es\" target=\"_blank\" rel=\"noreferrer noopener\">b2b@novaf.es<\/a><\/strong><\/p>\r\n\r\n<p>EL USUARIO de la web\u00a0<strong><a href=\"https:\/\/www.novaf.net\">https:\/\/www.novaf.net<\/a>\u00a0<\/strong>ser\u00e1 el \u00fanico responsable de la veracidad y exactitud de los datos aportados, actuando\u00a0<strong>NOVAF\u00a0<\/strong>de buena fe como mero prestador del servicio.<\/p>\r\n\r\n<p>En caso de haber facilitado datos falsos o\u00a0de\u00a0terceras personas\u00a0sin\u00a0mediar su consentimiento para ello,\u00a0<strong>NOVAF\u00a0<\/strong>se\u00a0reserva el derecho a la destrucci\u00f3n inmediata\u00a0de\u00a0los citados datos a fin\u00a0de\u00a0proteger el derecho del titular o titulares de los mismos.<\/p>\r\n\r\n<p><strong>NOVAF\u00a0<\/strong>se compromete al cumplimiento de su obligaci\u00f3n de secreto de los datos de car\u00e1cter personal y de su deber de guardarlos y adoptar\u00e1 todas las medidas de \u00edndole t\u00e9cnica y organizativa para garantizar la seguridad de los datos de car\u00e1cter personal y evitar su alteraci\u00f3n, p\u00e9rdida, tratamiento o acceso no autorizado, habida cuenta del estado de la tecnolog\u00eda, la naturaleza de los datos almacenados y los riesgos a que est\u00e9n expuestos, todo ello de conformidad con lo establecido en el Real Decreto 1720\/2007.<\/p>\r\n\r\n<p>El sitio Web dispone de las medidas\u00a0de\u00a0seguridad\u00a0de\u00a0la informaci\u00f3n generalmente\u00a0\u00a0utilizadas para evitar el acceso\u00a0no\u00a0autorizado a los datos personales, por ejemplo: firewalls, procedimientos de control\u00a0de\u00a0acceso.<\/p>\r\n\r\n<p>EL USUARIO\u00a0de\u00a0la web\u00a0<strong><a href=\"https:\/\/www.novaf.net\">https:\/\/www.novaf.net<\/a>\u00a0<\/strong>podr\u00e1 en cualquier momento ejercer sus derechos de acceso, rectificaci\u00f3n, cancelaci\u00f3n y oposici\u00f3n en los t\u00e9rminos establecidos en\u00a0\u00a0la\u00a0Ley\u00a0Org\u00e1nica 15\/1999, dirigi\u00e9ndose al responsable del fichero, en la siguiente direcci\u00f3n, adjuntando copia del DNI.<\/p>\r\n\r\n<p>&nbsp;<\/p>\r\n\r\n<p>Empresa:\u00a0<strong>Novaf Andaluc\u00eda 2007,S.L.<br \/><\/strong><\/p>\r\n\r\n<p>&nbsp;<\/p>\r\n\r\n<p>Direcci\u00f3n:\u00a0<strong>C\/ Los Aprendices 3<br \/><\/strong><\/p>\r\n\r\n<p>&nbsp;<\/p>\r\n\r\n<p>C.P.:\u00a0<strong>11130<br \/><\/strong><\/p>\r\n\r\n<p>&nbsp;<\/p>\r\n\r\n<p>Localidad:\u00a0<strong>Chiclana de la Frontera<br \/><\/strong><\/p>\r\n\r\n<p>&nbsp;<\/p>\r\n\r\n<p>Provincia:\u00a0<strong>C\u00e1diz<br \/><\/strong><\/p>\r\n\r\n<p>Pa\u00eds:\u00a0<strong>Espa\u00f1a<br \/><\/strong><\/p>\r\n\r\n<p>EL USUARIO certifica que es mayor de 18 a\u00f1os y que por lo tanto posee la capacidad legal necesaria para la prestaci\u00f3n del consentimiento en cuanto al tratamiento de sus datos de car\u00e1cter personal y todo ello, de conformidad con lo establecido en la presente Pol\u00edtica de Privacidad. Ning\u00fan menor de 18 a\u00f1os puede proporcionar informaci\u00f3n personal a\u00a0<strong>NOVAF\u00a0<\/strong>en el caso de tener conocimiento del registro de un menor de edad, la informaci\u00f3n ser\u00e1 eliminada.<\/p>\r\n\r\n<p>EL USUARIO autoriza al tratamiento automatizado de los datos personales suministrados en los t\u00e9rminos indicados.<\/p>\r\n\r\n<p>&nbsp;<\/p>\r\n<p>[\/vc_column_text][\/vc_column][\/vc_row]<\/p><\/section>","protected":false},"excerpt":{"rendered":"<p>[vc_row][vc_column][vc_column_text] Pol\u00edtica de Privacidad De conformidad con lo establecido en los art\u00edculos 5 y 6 de la Ley Org\u00e1nica 15\/1999\u00a0de\u00a013 de diciembre de Protecci\u00f3n\u00a0de\u00a0Datos de Car\u00e1cter Personal, le informamos que los datos de car\u00e1cter personal que voluntariamente nos facilite a trav\u00e9s\u00a0de\u00a0los distintos formularios de entrada dispuestos al efecto en la web\u00a0https:\/\/www.novaf.net\u00a0o en cualquier otro canal\u00a0de\u00a0recogida [&hellip;]<\/p>\n","protected":false},"author":1,"featured_media":0,"parent":0,"menu_order":0,"comment_status":"closed","ping_status":"closed","template":"","meta":{"footnotes":""},"_links":{"self":[{"href":"https:\/\/www.novaf.net\/es\/wp-json\/wp\/v2\/pages\/3"}],"collection":[{"href":"https:\/\/www.novaf.net\/es\/wp-json\/wp\/v2\/pages"}],"about":[{"href":"https:\/\/www.novaf.net\/es\/wp-json\/wp\/v2\/types\/page"}],"author":[{"embeddable":true,"href":"https:\/\/www.novaf.net\/es\/wp-json\/wp\/v2\/users\/1"}],"replies":[{"embeddable":true,"href":"https:\/\/www.novaf.net\/es\/wp-json\/wp\/v2\/comments?post=3"}],"version-history":[{"count":12,"href":"https:\/\/www.novaf.net\/es\/wp-json\/wp\/v2\/pages\/3\/revisions"}],"predecessor-version":[{"id":16899,"href":"https:\/\/www.novaf.net\/es\/wp-json\/wp\/v2\/pages\/3\/revisions\/16899"}],"wp:attachment":[{"href":"https:\/\/www.novaf.net\/es\/wp-json\/wp\/v2\/media?parent=3"}],"curies":[{"name":"wp","href":"https:\/\/api.w.org\/{rel}","templated":true}]}}