{"id":16340,"date":"2024-02-19T08:55:25","date_gmt":"2024-02-19T08:55:25","guid":{"rendered":"https:\/\/www.novaf.net\/?page_id=16340"},"modified":"2024-04-08T16:09:30","modified_gmt":"2024-04-08T16:09:30","slug":"sobre-nosotros","status":"publish","type":"page","link":"https:\/\/www.novaf.net\/es\/sobre-nosotros\/","title":{"rendered":"Sobre nosotros"},"content":{"rendered":"<section class=\"wpb-content-wrapper\"><p>[vc_row bg_type=&#8221;color&#8221; padding_top_multiplier=&#8221;&#8221; padding_bottom_multiplier=&#8221;&#8221; bg_color=&#8221;#f0f6f9&#8243; section_id=&#8221;about-header&#8221;][vc_column column_custom_position=&#8221;yes&#8221; position_top=&#8221;6x&#8221; width=&#8221;5\/12&#8243; el_class=&#8221;col-left&#8221;]<div class=\"grve-element grve-image pc-ver grve-align-center\" style=\"\">  <div class=\"grve-image-wrapper\"><img loading=\"lazy\" decoding=\"async\" width=\"470\" height=\"637\" src=\"https:\/\/www.novaf.net\/wp-content\/uploads\/2023\/07\/novaf-quienes-somos.jpg\" class=\"attachment-full size-full\" alt=\"\" srcset=\"https:\/\/www.novaf.net\/wp-content\/uploads\/2023\/07\/novaf-quienes-somos.jpg 470w, https:\/\/www.novaf.net\/wp-content\/uploads\/2023\/07\/novaf-quienes-somos-221x300.jpg 221w\" sizes=\"(max-width: 470px) 100vw, 470px\" \/>   <\/div><\/div><div class=\"grve-element grve-image resp-ver grve-align-center grve-full-image grve-image-space-100\" style=\"\">  <div class=\"grve-image-wrapper\"><img loading=\"lazy\" decoding=\"async\" width=\"768\" height=\"675\" src=\"https:\/\/www.novaf.net\/wp-content\/uploads\/2023\/07\/novaf-quienes-somos-resp.jpg\" class=\"attachment-full size-full\" alt=\"\" srcset=\"https:\/\/www.novaf.net\/wp-content\/uploads\/2023\/07\/novaf-quienes-somos-resp.jpg 768w, https:\/\/www.novaf.net\/wp-content\/uploads\/2023\/07\/novaf-quienes-somos-resp-300x264.jpg 300w, https:\/\/www.novaf.net\/wp-content\/uploads\/2023\/07\/novaf-quienes-somos-resp-600x527.jpg 600w\" sizes=\"(max-width: 768px) 100vw, 768px\" \/>   <\/div><\/div>[\/vc_column][vc_column width=&#8221;7\/12&#8243; el_class=&#8221;col-right&#8221;]<div class=\"grve-empty-space grve-height-6x\" style=\"\"><\/div><h1 class=\"grve-element grve-title grve-align-left grve-h1\" style=\"margin-bottom: 0px;\"><span>Desde 2007 facilitando la vida<\/span><\/h1><div class=\"grve-empty-space\" style=\"height: 32px;\"><\/div>[vc_row_inner][vc_column_inner][vc_column_text]<strong>Novaf<\/strong> naci\u00f3 a mediados de 2007 con el objetivo de <strong>facilitar la vida a las personas con problemas de movilidad reducida<\/strong> desde el convencimiento de que si alguien desea realizar cualquier tipo de actividad, puede y debe hacerlo.<\/p>\n<p>Ante esta situaci\u00f3n, desarrollamos productos capaces de <strong>mejorar la calidad de vida<\/strong>, fundamentalmente de su tiempo de ocio, tanto de las <strong>personas con movilidad reducida<\/strong> como la de sus familiares y amigos.[\/vc_column_text][\/vc_column_inner][\/vc_row_inner][vc_row_inner el_id=&#8221;iconos-hedaer&#8221;][vc_column_inner width=&#8221;1\/3&#8243;]<div class=\"grve-element grve-box-icon grve-large grve-side-icon grve-align-left ico-playa\" style=\"\"><div class=\"grve-wrapper-icon grve-no-shape\" style=\" color: #485160;\"><div id=\"grve-svg-69eba9146ecfc\" data-file=\"https:\/\/www.novaf.net\/wp-content\/uploads\/2023\/07\/ico-novaf-playa.svg\" data-duration=\"100\" class=\"grve-svg-icon grve-text-custom\"><\/div><\/div><div class=\"grve-box-content\"><div class=\"grve-box-title-wrapper\"><h3 class=\"grve-box-title grve-h3\">Playa<\/h3><\/div><\/div><\/div>[\/vc_column_inner][vc_column_inner width=&#8221;1\/3&#8243;]<div class=\"grve-element grve-box-icon grve-large grve-side-icon grve-align-left ico-monta\u00f1a\" style=\"\"><div class=\"grve-wrapper-icon grve-no-shape\" style=\" color: #485160;\"><div id=\"grve-svg-69eba9146f0d5\" data-file=\"https:\/\/www.novaf.net\/wp-content\/uploads\/2023\/07\/ico-novaf-montana.svg\" data-duration=\"100\" class=\"grve-svg-icon grve-text-custom\"><\/div><\/div><div class=\"grve-box-content\"><div class=\"grve-box-title-wrapper\"><h3 class=\"grve-box-title grve-h3\">Monta\u00f1a<\/h3><\/div><\/div><\/div>[\/vc_column_inner][vc_column_inner width=&#8221;1\/3&#8243;]<div class=\"grve-element grve-box-icon grve-large grve-side-icon grve-align-left ico-submarinismo\" style=\"\"><div class=\"grve-wrapper-icon grve-no-shape\" style=\" color: #485160;\"><div id=\"grve-svg-69eba9146f5f6\" data-file=\"https:\/\/www.novaf.net\/wp-content\/uploads\/2023\/07\/ico-novaf-submarinismo.svg\" data-duration=\"100\" class=\"grve-svg-icon grve-text-custom\"><\/div><\/div><div class=\"grve-box-content\"><div class=\"grve-box-title-wrapper\"><h3 class=\"grve-box-title grve-h3\">Submarinismo<\/h3><\/div><\/div><\/div>[\/vc_column_inner][vc_column_inner width=&#8221;1\/6&#8243;][\/vc_column_inner][vc_column_inner width=&#8221;1\/3&#8243;]<div class=\"grve-element grve-box-icon grve-large grve-side-icon grve-align-left ico-natacion\" style=\"\"><div class=\"grve-wrapper-icon grve-no-shape\" style=\" color: #485160;\"><div id=\"grve-svg-69eba9146f85f\" data-file=\"https:\/\/www.novaf.net\/wp-content\/uploads\/2023\/07\/ico-novaf-natacion.svg\" data-duration=\"100\" class=\"grve-svg-icon grve-text-custom\"><\/div><\/div><div class=\"grve-box-content\"><div class=\"grve-box-title-wrapper\"><h3 class=\"grve-box-title grve-h3\">Nataci\u00f3n<\/h3><\/div><\/div><\/div>[\/vc_column_inner][vc_column_inner width=&#8221;1\/3&#8243;]<div class=\"grve-element grve-box-icon grve-large grve-side-icon grve-align-left ico-senderismo\" style=\"\"><div class=\"grve-wrapper-icon grve-no-shape\" style=\" color: #485160;\"><div id=\"grve-svg-69eba9146fa70\" data-file=\"https:\/\/www.novaf.net\/wp-content\/uploads\/2023\/07\/ico-novaf-senderismo.svg\" data-duration=\"100\" class=\"grve-svg-icon grve-text-custom\"><\/div><\/div><div class=\"grve-box-content\"><div class=\"grve-box-title-wrapper\"><h3 class=\"grve-box-title grve-h3\">Senderismo<\/h3><\/div><\/div><\/div>[\/vc_column_inner][vc_column_inner width=&#8221;1\/6&#8243;][\/vc_column_inner][\/vc_row_inner][\/vc_column][\/vc_row][vc_row padding_top_multiplier=&#8221;&#8221; padding_bottom_multiplier=&#8221;6x&#8221; section_id=&#8221;about-secon&#8221;][vc_column width=&#8221;1\/2&#8243;]<div class=\"grve-empty-space grve-height-4x resp-ver\" style=\"\"><\/div><div class=\"grve-element grve-image resp-ver grve-align-center\" style=\"\">  <div class=\"grve-image-wrapper\"><img loading=\"lazy\" decoding=\"async\" width=\"768\" height=\"675\" src=\"https:\/\/www.novaf.net\/wp-content\/uploads\/2023\/07\/novaf-quienes-somos-02-resp.jpg\" class=\"attachment-full size-full\" alt=\"\" srcset=\"https:\/\/www.novaf.net\/wp-content\/uploads\/2023\/07\/novaf-quienes-somos-02-resp.jpg 768w, https:\/\/www.novaf.net\/wp-content\/uploads\/2023\/07\/novaf-quienes-somos-02-resp-300x264.jpg 300w, https:\/\/www.novaf.net\/wp-content\/uploads\/2023\/07\/novaf-quienes-somos-02-resp-600x527.jpg 600w\" sizes=\"(max-width: 768px) 100vw, 768px\" \/>   <\/div><\/div><div class=\"grve-empty-space grve-height-4x\" style=\"\"><\/div>[vc_column_text]<strong>Novaf<\/strong> es una empresa din\u00e1mica que se supera d\u00eda a d\u00eda ofreciendo al mercado productos innovadores y mejor\u00e1ndolos en cada nueva versi\u00f3n que se lanza al mercado.<\/p>\n<p>Los productos <strong>Novaf<\/strong>\u00a0 cubren necesidades y carencias de un gran colectivo de personas que aumenta a\u00f1o tras a\u00f1o, lo que nos permite tener la ilusi\u00f3n de seguir dise\u00f1ando y desarrollando productos para personas con movilidad reducida y tener una trayectoria ascendente y una gran\u00a0 capacidad de crecimiento[\/vc_column_text]<div class=\"grve-empty-space grve-height-1x\" style=\"\"><\/div>[vc_column_text]En la actualidad nuestra cartera de productos est\u00e1 compuesta por productos tan diversos como la <a href=\"https:\/\/www.novaf.net\/producto\/silla-anfibia-oceanic-atlantic\/\"><strong>Silla Anfibia Oceanic Atlantic<\/strong><\/a> para facilitar el ba\u00f1o en la playa o en lagos, como el <a href=\"https:\/\/www.novaf.net\/producto\/vehiculo-oruga-mri-1e\/\"><strong>Veh\u00edculo Oruga MRI-1e<\/strong><\/a>, que permite facilitar el traslado y la integraci\u00f3n de personas con movilidad reducida por lugares de dif\u00edcil acceso y poder disfrutar de muchas otras actividades.[\/vc_column_text][\/vc_column][vc_column width=&#8221;1\/6&#8243;][\/vc_column][vc_column width=&#8221;1\/3&#8243;]<div class=\"grve-element grve-image pc-ver grve-align-center\" style=\"\">  <div class=\"grve-image-wrapper\"><img loading=\"lazy\" decoding=\"async\" width=\"370\" height=\"460\" src=\"https:\/\/www.novaf.net\/wp-content\/uploads\/2023\/07\/novaf-quienes-somos-02.jpg\" class=\"attachment-full size-full\" alt=\"\" srcset=\"https:\/\/www.novaf.net\/wp-content\/uploads\/2023\/07\/novaf-quienes-somos-02.jpg 370w, https:\/\/www.novaf.net\/wp-content\/uploads\/2023\/07\/novaf-quienes-somos-02-241x300.jpg 241w\" sizes=\"(max-width: 370px) 100vw, 370px\" \/>   <\/div><\/div>[\/vc_column][\/vc_row][vc_row bg_type=&#8221;image&#8221; bg_image=&#8221;14768&#8243; bg_image_type=&#8221;fixed&#8221; padding_top_multiplier=&#8221;6x&#8221; padding_bottom_multiplier=&#8221;6x&#8221; el_class=&#8221;pc-ver&#8221;][vc_column]<div class=\"grve-empty-space grve-height-4x\" style=\"\"><\/div><div class=\"grve-empty-space grve-height-4x\" style=\"\"><\/div>[\/vc_column][\/vc_row][vc_row section_type=&#8221;fullwidth&#8221; padding_top_multiplier=&#8221;6x&#8221; padding_bottom_multiplier=&#8221;6x&#8221; el_class=&#8221;resp-ver&#8221; section_id=&#8221;about-bl3&#8243;][vc_column]<div class=\"grve-element grve-image grve-align-center\" style=\"\">  <div class=\"grve-image-wrapper\"><img loading=\"lazy\" decoding=\"async\" width=\"2048\" height=\"1536\" src=\"https:\/\/www.novaf.net\/wp-content\/uploads\/2023\/10\/Extenda-USA-Agosto-2023-10.jpg\" class=\"attachment-full size-full\" alt=\"\" srcset=\"https:\/\/www.novaf.net\/wp-content\/uploads\/2023\/10\/Extenda-USA-Agosto-2023-10.jpg 2048w, https:\/\/www.novaf.net\/wp-content\/uploads\/2023\/10\/Extenda-USA-Agosto-2023-10-800x600.jpg 800w, https:\/\/www.novaf.net\/wp-content\/uploads\/2023\/10\/Extenda-USA-Agosto-2023-10-1024x768.jpg 1024w, https:\/\/www.novaf.net\/wp-content\/uploads\/2023\/10\/Extenda-USA-Agosto-2023-10-768x576.jpg 768w, https:\/\/www.novaf.net\/wp-content\/uploads\/2023\/10\/Extenda-USA-Agosto-2023-10-1536x1152.jpg 1536w, https:\/\/www.novaf.net\/wp-content\/uploads\/2023\/10\/Extenda-USA-Agosto-2023-10-560x420.jpg 560w, https:\/\/www.novaf.net\/wp-content\/uploads\/2023\/10\/Extenda-USA-Agosto-2023-10-900x675.jpg 900w, https:\/\/www.novaf.net\/wp-content\/uploads\/2023\/10\/Extenda-USA-Agosto-2023-10-1920x1440.jpg 1920w, https:\/\/www.novaf.net\/wp-content\/uploads\/2023\/10\/Extenda-USA-Agosto-2023-10-600x450.jpg 600w\" sizes=\"(max-width: 2048px) 100vw, 2048px\" \/>   <\/div><\/div>[\/vc_column][\/vc_row][vc_row padding_top_multiplier=&#8221;3x&#8221; padding_bottom_multiplier=&#8221;3x&#8221;][vc_column]<div class=\"grve-empty-space grve-height-1x\" style=\"\"><\/div>[vc_column_text]<\/p>\n<p style=\"text-align: left;\">Actualmente nuestros productos est\u00e1n situados en numerosos puntos en Espa\u00f1a, han obtenido grandes resultados y han recibido una gran aceptaci\u00f3n tanto por parte de los usuarios finales como por parte de organismos\u00a0 e instituciones\u00a0 como\u00a0 Ayuntamientos, Comunidades aut\u00f3nomas etc., \u00a0por el cual, iniciamos nuestra expansi\u00f3n en el mercado internacional avalados por la experiencia acumulada en el sector y el apoyo de La Junta de Andaluc\u00eda, mediante Extenda.<\/p>\n<p><strong>Fernando Enr\u00edquez S\u00e1enz de Santa Mar\u00eda<\/strong><\/p>\n<p><em>Director Gerente<\/em>[\/vc_column_text][\/vc_column][\/vc_row][vc_row bg_type=&#8221;color&#8221; padding_top_multiplier=&#8221;3x&#8221; padding_bottom_multiplier=&#8221;3x&#8221; equal_column_height=&#8221;equal-column&#8221; awb_type=&#8221;yt_vm_video&#8221; awb_video=&#8221;&#8221; section_id=&#8221;about-video&#8221; bg_color=&#8221;#f0f6f9&#8243;][vc_column el_class=&#8221;col-left&#8221;][vc_custom_heading text=&#8221;Todos nuestros productos se elaboran \u00edntegramente en nuestros Talleres, desde el proceso de boceto y dise\u00f1o hasta la producci\u00f3n y los posteriores controles de calidad.&#8221;][\/vc_column][\/vc_row][vc_row padding_top_multiplier=&#8221;3x&#8221; padding_bottom_multiplier=&#8221;3x&#8221;][vc_column width=&#8221;1\/12&#8243;][\/vc_column][vc_column width=&#8221;5\/6&#8243;]<div class=\"grve-element grve-video\" style=\"\"><iframe loading=\"lazy\" title=\"La gaditana Novaf refuerza su posici\u00f3n en EEUU con un nuevo acuerdo con Walmart Marketplaces\" width=\"1080\" height=\"608\" src=\"https:\/\/www.youtube.com\/embed\/yrsArtncKOo?feature=oembed\" frameborder=\"0\" allow=\"accelerometer; autoplay; clipboard-write; encrypted-media; gyroscope; picture-in-picture; web-share\" allowfullscreen><\/iframe><\/div>[\/vc_column][vc_column width=&#8221;1\/12&#8243;][\/vc_column][\/vc_row]<\/p>\n<\/section>","protected":false},"excerpt":{"rendered":"<p>[vc_row bg_type=&#8221;color&#8221; padding_top_multiplier=&#8221;&#8221; padding_bottom_multiplier=&#8221;&#8221; bg_color=&#8221;#f0f6f9&#8243; section_id=&#8221;about-header&#8221;][vc_column column_custom_position=&#8221;yes&#8221; position_top=&#8221;6x&#8221; width=&#8221;5\/12&#8243; el_class=&#8221;col-left&#8221;][\/vc_column][vc_column width=&#8221;7\/12&#8243; el_class=&#8221;col-right&#8221;][vc_row_inner][vc_column_inner][vc_column_text]Novaf naci\u00f3 a mediados de 2007 con el objetivo de facilitar la vida a las personas con problemas de movilidad reducida desde el convencimiento de que si alguien desea realizar cualquier tipo de actividad, puede y debe hacerlo. Ante esta situaci\u00f3n, desarrollamos productos capaces [&hellip;]<\/p>\n","protected":false},"author":1,"featured_media":0,"parent":0,"menu_order":0,"comment_status":"closed","ping_status":"closed","template":"","meta":{"footnotes":""},"_links":{"self":[{"href":"https:\/\/www.novaf.net\/es\/wp-json\/wp\/v2\/pages\/16340"}],"collection":[{"href":"https:\/\/www.novaf.net\/es\/wp-json\/wp\/v2\/pages"}],"about":[{"href":"https:\/\/www.novaf.net\/es\/wp-json\/wp\/v2\/types\/page"}],"author":[{"embeddable":true,"href":"https:\/\/www.novaf.net\/es\/wp-json\/wp\/v2\/users\/1"}],"replies":[{"embeddable":true,"href":"https:\/\/www.novaf.net\/es\/wp-json\/wp\/v2\/comments?post=16340"}],"version-history":[{"count":3,"href":"https:\/\/www.novaf.net\/es\/wp-json\/wp\/v2\/pages\/16340\/revisions"}],"predecessor-version":[{"id":16842,"href":"https:\/\/www.novaf.net\/es\/wp-json\/wp\/v2\/pages\/16340\/revisions\/16842"}],"wp:attachment":[{"href":"https:\/\/www.novaf.net\/es\/wp-json\/wp\/v2\/media?parent=16340"}],"curies":[{"name":"wp","href":"https:\/\/api.w.org\/{rel}","templated":true}]}}