{"id":14200,"date":"2023-07-18T07:57:13","date_gmt":"2023-07-18T07:57:13","guid":{"rendered":"https:\/\/www.novaf.net\/?page_id=14200"},"modified":"2024-08-01T12:00:31","modified_gmt":"2024-08-01T12:00:31","slug":"terminos-y-condiciones","status":"publish","type":"page","link":"https:\/\/www.novaf.net\/es\/terminos-y-condiciones\/","title":{"rendered":"T\u00e9rminos y Condiciones"},"content":{"rendered":"<section class=\"wpb-content-wrapper\"><p>[vc_row][vc_column][vc_column_text]<\/p>\r\n<h2 class=\"wp-block-heading\">T\u00e9rminos y Condiciones<\/h2>\r\n\r\n<p><strong>CONDICIONES GENERALES DE CONTRATACION<\/strong><\/p>\r\n\r\n<p>De acuerdo a lo dispuesto en la Ley 34\/2002, de Servicios de la Sociedad de la Informaci\u00f3n y del Comercio Electr\u00f3nico le informamos que la titularidad del dominio de nuestra tienda virtual <a href=\"http:\/\/www.novaf.net\">www.novaf.net<\/a>\u00a0corresponde a\u00a0<strong>NOVAF\u00a0S.L.<\/strong><\/p>\r\n<p>\u00a0<strong>1. OBJETO<\/strong><\/p>\r\n\r\n<p>Las presentes Condiciones Generales de Contrataci\u00f3n y utilizaci\u00f3n tienen como objeto regular la puesta a disposici\u00f3n de la informaci\u00f3n suministrada en la tienda online de <strong>NOVAF<\/strong>\u00a0as\u00ed las transacciones comerciales que surjan entre\u00a0<strong>NOVAF\u00a0<\/strong>y los usuarios del dominio <a href=\"http:\/\/www.novaf.net\">www.novaf.net<\/a> Tanto la navegaci\u00f3n por la tienda online como la adquisici\u00f3n de cualquiera de los productos ofertados en ella, suponen la aceptaci\u00f3n como usuario, sin reservas de ninguna clase, de todas y cada una de las presentes condiciones generales de contrataci\u00f3n y utilizaci\u00f3n. <strong>NOVAF<\/strong>\u00a0podr\u00e1 en todo momento y sin previo aviso, modificar las presentes condiciones generales de contrataci\u00f3n y uso, as\u00ed como las condiciones particulares que, en su caso, se incluyan, mediante la publicaci\u00f3n de dichas modificaciones en la tienda con el fin de que puedan ser conocidas por los usuarios, y quedando constancia de la fecha de dichas modificaciones. En consecuencia, ser\u00e1 responsabilidad de todo Usuario, la atenta lectura de las presentes Condiciones Generales de Contrataci\u00f3n y utilizaci\u00f3n vigente en cada una de las ocasiones en que acceda a este Sitio Web, por lo que si \u00e9ste no est\u00e1 de acuerdo con cualquiera de los mismos aqu\u00ed dispuestos, deber\u00e1 abstenerse respecto al uso del presente Sitio Web.<\/p>\r\n<p>\u00a0<strong>2. SERVICIOS<\/strong><\/p>\r\n\r\n<p>&nbsp;<\/p>\r\n\r\n<p>A trav\u00e9s del Sitio Web,\u00a0<strong>NOVAF\u00a0<\/strong>ofrece a los Usuarios la posibilidad de acceder a todas las soluciones que pueda necesitar en lo relacionado a la compra de art\u00edculos y accesorios\u00a0que permitan la integraci\u00f3n de las personas discapacitadas en terrenos de dif\u00edcil tr\u00e1nsito como es el caso de la playa, la nieve, la monta\u00f1a, etc&#8230;<\/p>\r\n<p>\u00a0<strong>3. PRIVACIDAD Y TRATAMIENTO DE DATOS<\/strong><\/p>\r\n\r\n<p>Cuando para el acceso a determinados contenidos o servicios sea necesario facilitar datos de car\u00e1cter personal, los Usuarios garantizar\u00e1n su veracidad, exactitud, autenticidad y vigencia. <strong>NOVAF<\/strong>\u00a0dar\u00e1 a dichos datos el tratamiento automatizado que corresponda en funci\u00f3n de su naturaleza o finalidad, en los t\u00e9rminos indicados en la secci\u00f3n de Pol\u00edtica de Protecci\u00f3n de Datos (Link \u201cHe le\u00eddo y acepto la Pol\u00edtica de Privacidad)<\/p>\r\n<p>\u00a0<strong>4. REALIZACI\u00d3N DEL PEDIDO.<\/strong><\/p>\r\n\r\n<p>&nbsp;<\/p>\r\n\r\n<p>Para realizar un pedido es necesario conectarse a <a href=\"http:\/\/www.novaf.net\">www.novaf.net<\/a>\u00a0y toda vez hemos decidido el\/los productos que nos interesan deber\u00e1s a\u00f1adir el producto que deseas adquirir a la cesta, seg\u00fan las indicaciones recogidas en pantalla. Una vez hemos decidido formalizar la compra, procederemos a cumplimentar los datos solicitados.<\/p>\r\n\r\n<p>Los precios y ofertas presentadas en el Website son v\u00e1lidos \u00fanica y exclusivamente para pedidos online realizados en <a href=\"http:\/\/www.novaf.net\">www.novaf.net<\/a> y pueden no coincidir con los precios y ofertas vigentes en otras tiendas de <strong>NOVAF<\/strong><\/p>\r\n\r\n<p>La validaci\u00f3n del pedido por parte del cliente supone expresamente el conocimiento y aceptaci\u00f3n de estas condiciones generales de contrataci\u00f3n como parte de la celebraci\u00f3n del contrato. Salvo prueba en contrario, los datos registrados por\u00a0<strong>NOVAF<\/strong>constituyen la prueba del conjunto de transacciones realizadas entre\u00a0<strong>NOVAF<\/strong>\u00a0y sus clientes.\u00a0<strong>NOVAF<\/strong>\u00a0archivar\u00e1 el documento electr\u00f3nico en que se formalice el contrato y \u00e9ste ser\u00e1 accesible.<\/p>\r\n\r\n<p>Una vez efectuada la compra y en el plazo m\u00e1s breve posible, siempre antes de que transcurran 24 horas desde la ejecuci\u00f3n de la compra, el Servicio de Atenci\u00f3n al Cliente de\u00a0<strong>NOVAF<\/strong>, le remitir\u00e1 por e-mail comprobante de compra. Si no est\u00e1s de acuerdo con los datos consignados en dicha confirmaci\u00f3n podr\u00e1s solicitar la modificaci\u00f3n de los mismos o la anulaci\u00f3n del contrato.<\/p>\r\n\r\n<p><strong>* Los Clientes deber\u00e1n ser siempre mayores de edad. As\u00ed, la Tienda se reserva la facultad de rechazar la compra si advirtiera cualquier indicio de que pudiera estar siendo realizada por un menor de edad.<br \/><\/strong><\/p>\r\n<p>\u00a0<strong>5. PROTECCI\u00d3N DE DATOS<\/strong><\/p>\r\n\r\n<p>Para utilizar algunos de los Servicios, los Usuarios deben proporcionar previamente ciertos datos de car\u00e1cter personal. Para ello, <strong>NOVAF<\/strong>, tratar\u00e1 automatizadamente los Datos Personales en cumplimiento con la Ley 15\/1999 de 13 de diciembre de Protecci\u00f3n de Datos de Car\u00e1cter Personal y el RD de desarrollo 1720\/2007. Para ello, el Usuario puede acceder a la pol\u00edtica seguida en el tratamiento de los datos personales as\u00ed como el establecimiento de las finalidades previamente establecidas, a lo dispuesto en las condiciones definidas en la Pol\u00edtica de Protecci\u00f3n de Datos \u201caviso legal\u201d y \u201cPol\u00edtica de Privacidad\u201d que presenta el Sitio Web.<\/p>\r\n<p>\u00a0<strong>6.- MODOS DE ENV\u00cdO<\/strong><\/p>\r\n\r\n<p>&nbsp;<\/p>\r\n\r\n<p>Los productos se env\u00edan a la direcci\u00f3n de env\u00edo que nos hayan indicado en el pedido.<\/p>\r\n<p><strong>NOVAF<\/strong>\u00a0no ser\u00e1 responsable en todo en caso de imposibilidad de prestar servicio, si \u00e9sta se debe a interrupciones prolongadas del suministro el\u00e9ctrico, l\u00edneas de telecomunicaciones, conflictos sociales, huelgas, rebeli\u00f3n, explosiones, inundaciones, actos y omisiones del Gobierno, y en general todos los supuestos de fuerza mayor o de caso fortuito.<\/p>\r\n<p>\u00a0<\/p>\r\n\r\n<p class=\"wp-block-heading\"><strong>7.- PAGO\u00a0<\/strong><\/p>\r\n\r\n<p><strong>NOVAF<\/strong>\u00a0propone diversos medios de pago para que puedas elegir aquel que m\u00e1s te convenga o se adapte mejor a tus necesidades:<\/p>\r\n<p>&#8211; Pago por Tarjeta de Cr\u00e9dito<\/p>\r\n\r\n<p><strong><em>Tarjeta de cr\u00e9dito VISA, MASTERCARD, AMERICAN EXPRESS<\/em><\/strong><\/p>\r\n<p><em><em>Te garantizamos que cada una de las transacciones realizadas en <strong>NOVAF<\/strong>\u00a0es 100% segura. Todas las operaciones que implican la transmisi\u00f3n de datos personales o bancarios se realizan utilizando un entorno seguro.\u00a0<strong>NOVAF\u00a0<\/strong>utiliza un servidor basado en la tecnolog\u00eda de seguridad est\u00e1ndar SSL (Secure Socked Layer).<\/em><\/em>Toda la informaci\u00f3n que nos transmitas viaja cifrada a trav\u00e9s de la red. (Si desea saber m\u00e1s, visita nuestra secci\u00f3n\u00a0<a href=\"https:\/\/www.novaf.es\/es\/content\/5-pago-seguro\" target=\"_blank\" rel=\"noreferrer noopener\">Pago Seguro<\/a><\/p>\r\n<ul>\r\n<li style=\"list-style-type: none;\">\r\n<ul>\r\n\r\n\r\n<li><em>Asimismo, los datos sobre tu tarjeta de cr\u00e9dito no quedan registrados en ninguna base de datos sino que van directamente al TPV (Terminal Punto de Venta) del Banco.<br \/><\/em><\/li>\r\n\r\n\r\n\r\n<li><em>Adem\u00e1s, te informamos que en un esfuerzo por proporcionar mayor seguridad a los propietarios de tarjetas de cr\u00e9dito, hemos incorporado en nuestra pasarela de pagos el sistema de pago seguro denominado CES (Comercio Electr\u00f3nico Seguro). De esta forma, si eres titular de una tarjeta \u201csecurizada\u201d siempre podr\u00e1 efectuar pagos con tarjeta VISA, MASTERCARD o AMERICAN EXPRESS en nuestra tienda.<br \/><\/em><\/li>\r\n\r\n\r\n\r\n<li><em>En el caso de que tu tarjeta no est\u00e9 adherida a este sistema de pago,\u00a0<strong>NOVAF<\/strong>\u00a0s\u00f3lo admitir\u00e1 el pago con tarjeta de cr\u00e9dito VISA, MASTERCARD o AMERICAN EXPRESS a clientes con antig\u00fcedad y fiabilidad demostradas anteriormente.<br \/><\/em><\/li>\r\n\r\n\r\n\r\n<li><em>Al pagar con tarjeta VISA, MASTERCARD o AMERICAN EXPRESS se solicitar\u00e1n siempre los siguientes datos: el n\u00famero de tarjeta, la fecha de caducidad, y un C\u00f3digo de Validaci\u00f3n que coincide con las 3 \u00faltimas cifras del n\u00famero impreso en cursiva en el reverso de su tarjeta VISA, MASTERCARD o AMERICAN EXPRESS, ofreciendo, de esta forma, m\u00e1s garant\u00edas acerca de la seguridad de la transacci\u00f3n.<\/em><\/li>\r\n<\/ul>\r\n<\/li>\r\n<\/ul>\r\n\r\n<p>&nbsp;<\/p>\r\n\r\n<p><em><strong>Importante:<\/strong>\u00a0El fraude con tarjeta de cr\u00e9dito es un delito, y\u00a0<strong>NOVAF<\/strong>\u00a0entablar\u00e1 acci\u00f3n judicial contra todo aquel que realice una transacci\u00f3n fraudulenta en nuestra tienda on-line.<\/em><\/p>\r\n<p>\u00a0<strong>8.\u00a0DURACI\u00d3N Y TERMINACI\u00d3N<\/strong><\/p>\r\n\r\n<p>La prestaci\u00f3n del servicio del presente Sitio Web y los dem\u00e1s servicios tienen en principio una duraci\u00f3n indefinida. No obstante,<strong>\u00a0NOVAF<\/strong>\u00a0podr\u00e1 dar por terminada o suspender cualquiera de los servicios del portal. Cuando sea ello posible,\u00a0<strong>NOVAF <\/strong>anunciar\u00e1 la terminaci\u00f3n o suspensi\u00f3n de la prestaci\u00f3n del servicio determinado.<\/p>\r\n\r\n<p><strong>9.<\/strong>\u00a0<strong>RESOLUCI\u00d3N DE CONTROVERSIAS. LEY APLICABLE Y JURISDICCI\u00d3N<\/strong><\/p>\r\n\r\n<p>Estas Condiciones generales se rigen por la ley espa\u00f1ola. Las partes se someten, a su elecci\u00f3n, para la resoluci\u00f3n de los conflictos y con renuncia a cualquier otro fuero, a los juzgados y tribunales del domicilio del usuario.<\/p>\r\n<p>En el supuesto de que cualquier estipulaci\u00f3n de las presentes Condiciones Generales de Uso resultara inexigible o nula en virtud de la legislaci\u00f3n aplicable o como consecuencia de una resoluci\u00f3n judicial o administrativa, dicha inexigibilidad o nulidad no har\u00e1 que las presentes Condiciones Generales de Uso resulten inexigibles o nulas en su conjunto. En dichos casos, <strong>NOVAF <\/strong>proceder\u00e1 a la modificaci\u00f3n o sustituci\u00f3n de dicha estipulaci\u00f3n por otra que sea v\u00e1lida y exigible y que, en la medida de lo posible, consiga el objetivo y pretensi\u00f3n reflejados en la estipulaci\u00f3n original.<\/p>\r\n\r\n<p><strong>10.\u00a0DERECHO DE DESISTIMIENTO<\/strong><\/p>\r\n\r\n<p>Si no quedas satisfecho, puedes efectuar la devoluci\u00f3n\/cambio de tus compras realizadas en <a href=\"http:\/\/www.novaf.net\">www.novaf.net<\/a><\/p>\r\n\r\n<p>Las circunstancias que pueden provocar una devoluci\u00f3n\/cambio son las siguientes:<\/p>\r\n<p>A) Si el producto que ha pedido no le satisface: podr\u00e1 devolverse siempre que no haya sido desprecintado y siempre que est\u00e9 en perfectas condiciones.<\/p>\r\n<p>B) Producto defectuoso de origen: el cambio se efectuar\u00e1 siempre por el mismo art\u00edculo.<\/p>\r\n\r\n<p>Cuando recibamos el producto y comprobemos su perfecto estado procederemos al reembolso del mismo, excepto los gastos de env\u00edo si los hubiera habido.<\/p>\r\n<p>Dicha cantidad quedar\u00e1 a su disposici\u00f3n para compras futuras en nuestros productos durante un plazo m\u00e1ximo de seis meses<\/p>\r\n\r\n<p>Si el art\u00edculo no cumple con el punto A, ser\u00e1 devuelto a portes debidos.<\/p>\r\n<p>\u00a0<\/p>\r\n<p>[\/vc_column_text][\/vc_column][\/vc_row]<\/p><\/section>","protected":false},"excerpt":{"rendered":"<p>[vc_row][vc_column][vc_column_text] T\u00e9rminos y Condiciones CONDICIONES GENERALES DE CONTRATACION De acuerdo a lo dispuesto en la Ley 34\/2002, de Servicios de la Sociedad de la Informaci\u00f3n y del Comercio Electr\u00f3nico le informamos que la titularidad del dominio de nuestra tienda virtual www.novaf.net\u00a0corresponde a\u00a0NOVAF\u00a0S.L. \u00a01. OBJETO Las presentes Condiciones Generales de Contrataci\u00f3n y utilizaci\u00f3n tienen como objeto [&hellip;]<\/p>\n","protected":false},"author":1,"featured_media":0,"parent":0,"menu_order":0,"comment_status":"closed","ping_status":"closed","template":"","meta":{"footnotes":""},"_links":{"self":[{"href":"https:\/\/www.novaf.net\/es\/wp-json\/wp\/v2\/pages\/14200"}],"collection":[{"href":"https:\/\/www.novaf.net\/es\/wp-json\/wp\/v2\/pages"}],"about":[{"href":"https:\/\/www.novaf.net\/es\/wp-json\/wp\/v2\/types\/page"}],"author":[{"embeddable":true,"href":"https:\/\/www.novaf.net\/es\/wp-json\/wp\/v2\/users\/1"}],"replies":[{"embeddable":true,"href":"https:\/\/www.novaf.net\/es\/wp-json\/wp\/v2\/comments?post=14200"}],"version-history":[{"count":4,"href":"https:\/\/www.novaf.net\/es\/wp-json\/wp\/v2\/pages\/14200\/revisions"}],"predecessor-version":[{"id":16959,"href":"https:\/\/www.novaf.net\/es\/wp-json\/wp\/v2\/pages\/14200\/revisions\/16959"}],"wp:attachment":[{"href":"https:\/\/www.novaf.net\/es\/wp-json\/wp\/v2\/media?parent=14200"}],"curies":[{"name":"wp","href":"https:\/\/api.w.org\/{rel}","templated":true}]}}