{"id":16418,"date":"2023-11-01T09:20:53","date_gmt":"2023-11-01T09:20:53","guid":{"rendered":"https:\/\/www.novaf.net\/product\/therapeutic-float\/"},"modified":"2026-02-19T09:59:06","modified_gmt":"2026-02-19T09:59:06","slug":"therapeutic-float","status":"publish","type":"product","link":"https:\/\/www.novaf.net\/en\/product\/therapeutic-float\/","title":{"rendered":"THERAPEUTIC FLOAT"},"content":{"rendered":"<section class=\"wpb-content-wrapper\"><p>[vc_row section_type=&#8221;fullwidth&#8221; padding_top_multiplier=&#8221;&#8221; padding_bottom_multiplier=&#8221;&#8221; columns_gap=&#8221;none&#8221; section_id=&#8221;walmart-venta-directa&#8221;][vc_column width=&#8221;1\/2&#8243;][\/vc_column][vc_column width=&#8221;1\/2&#8243; css=&#8221;.vc_custom_1695307009962{background-color: #1280c3 !important;}&#8221; el_class=&#8221;col-der&#8221;][vc_row_inner][vc_column_inner width=&#8221;1\/2&#8243;][vc_column_text]Also in:[\/vc_column_text][\/vc_column_inner][vc_column_inner width=&#8221;1\/2&#8243;]<div class=\"grve-element grve-image walmart-product grve-align-center\" style=\"\">  <div class=\"grve-image-wrapper\"><a href=\"https:\/\/www.walmart.com\/ip\/Walker-Pool-Therapeutic-Floater-It-provides-great-security-to-the-user-and-the-professional-or-companion\/1197639552\" target=\"_blank\" rel=\"noopener noreferrer\"><img loading=\"lazy\" decoding=\"async\" width=\"369\" height=\"138\" src=\"https:\/\/www.novaf.net\/wp-content\/uploads\/2023\/07\/logowallmart.png\" class=\"attachment-full size-full\" alt=\"\" srcset=\"https:\/\/www.novaf.net\/wp-content\/uploads\/2023\/07\/logowallmart.png 369w, https:\/\/www.novaf.net\/wp-content\/uploads\/2023\/07\/logowallmart-300x112.png 300w\" sizes=\"(max-width: 369px) 100vw, 369px\" \/><\/a>   <\/div><\/div>[\/vc_column_inner][\/vc_row_inner][\/vc_column][\/vc_row][vc_row section_type=&#8221;fullwidth&#8221; padding_top_multiplier=&#8221;&#8221; padding_bottom_multiplier=&#8221;&#8221; columns_gap=&#8221;none&#8221; section_id=&#8221;galeria-prod&#8221;][vc_column][vc_column_text]<style id=\"wp_carousel_dynamic_css16733\">.sp-wp-carousel-free-id-16733.wpcf-fancybox-wrapper .fancybox-bg{background: #0b0b0b;opacity: 0.8;}.sp-wp-carousel-free-id-16733.wpcf-fancybox-wrapper .fancybox-navigation .fancybox-button .wpcp-fancybox-nav-arrow i {color: #ccc;}.sp-wp-carousel-free-id-16733.wpcf-fancybox-wrapper .fancybox-navigation .fancybox-button .wpcp-fancybox-nav-arrow i:hover {color: #fff;}.sp-wp-carousel-free-id-16733.wpcf-fancybox-wrapper .fancybox-navigation .fancybox-button {background: #1e1e1e;}.sp-wp-carousel-free-id-16733.wpcf-fancybox-wrapper .fancybox-navigation .fancybox-button:hover {background: #1e1e1e;}#sp-wp-carousel-free-id-16733 .wpcp-swiper-dots {margin: 40px 0px 0px 0px;}.wpcp-wrapper-16733 .swiper-wrapper .swiper-slide-kenburn, .wpcp-wrapper-16733 .swiper-wrapper, .wpcp-wrapper-16733 .wpcpro-row{align-items: center;}#sp-wp-carousel-free-id-16733 .wpcp-single-item {box-shadow: 0px 0px 0px 0px #dddddd;transition: all .3s;margin: 0px;}#sp-wp-carousel-free-id-16733.swiper-flip .wpcp-single-item{margin: 0!important;}#sp-wp-carousel-free-id-16733 .wpcp-single-item:hover {box-shadow: 0px 0px 0px 0px #dddddd;}#sp-wp-carousel-free-id-16733.sp-wpcp-16733 .wpcp-single-item {border: 1px solid #dddddd;}#sp-wp-carousel-free-id-16733.wpcp-carousel-section.sp-wpcp-16733 .swiper-button-prev,#sp-wp-carousel-free-id-16733.wpcp-carousel-section.sp-wpcp-16733 .swiper-button-next,#sp-wp-carousel-free-id-16733.wpcp-carousel-section.sp-wpcp-16733 .swiper-button-prev:hover,#sp-wp-carousel-free-id-16733.wpcp-carousel-section.sp-wpcp-16733 .swiper-button-next:hover {font-size: 18px ; font-weight: 400;}#sp-wp-carousel-free-id-16733.sp-wpcp-16733 .swiper-button-prev,#sp-wp-carousel-free-id-16733.sp-wpcp-16733 .swiper-button-next,#sp-wp-carousel-free-id-16733.sp-wpcp-16733 .swiper-button-prev:hover,#sp-wp-carousel-free-id-16733.sp-wpcp-16733 .swiper-button-next:hover {background: none;border: none;font-size: 30px;}#sp-wp-carousel-free-id-16733.sp-wpcp-16733 .swiper-button-prev i,#sp-wp-carousel-free-id-16733.sp-wpcp-16733 .swiper-button-next i {color: #aaa;}#sp-wp-carousel-free-id-16733.sp-wpcp-16733 .swiper-button-prev i:hover,#sp-wp-carousel-free-id-16733.sp-wpcp-16733 .swiper-button-next i:hover {color: #178087;}#sp-wp-carousel-free-id-16733.sp-wpcp-16733 .wpcp-swiper-dots .swiper-pagination-bullet {background-color: #cccccc;}#sp-wp-carousel-free-id-16733.sp-wpcp-16733 .wpcp-swiper-dots .swiper-pagination-bullet.swiper-pagination-bullet-active {background-color: #178087;} #sp-wp-carousel-free-id-16733.sp-wpcp-16733.wpcp-image-carousel .wpcp-single-item:hover img, #sp-wp-carousel-free-id-16733.sp-wpcp-16733.wpcp-post-carousel .wpcp-single-item:hover img, #sp-wp-carousel-free-id-16733.sp-wpcp-16733.wpcp-product-carousel .wpcp-single-item:hover img{-webkit-transform: scale(1.2);-moz-transform: scale(1.2);transform: scale(1.2);}#sp-wp-carousel-free-id-16733 .wpcpro-row>[class*=\"wpcpro-col-\"] { padding: 0 0px; padding-bottom: 0px;} #sp-wp-carousel-free-id-16733 .swiper-slide .single-item-fade:not(:last-child) { margin-right: 0px;}@media (min-width: 480px) { .wpcpro-row .wpcpro-col-sm-1 { flex: 0 0 100%; max-width: 100%; } .wpcpro-row .wpcpro-col-sm-2 { flex: 0 0 50%; max-width: 50%; } .wpcpro-row .wpcpro-col-sm-2-5 { flex: 0 0 75%; max-width: 75%; } .wpcpro-row .wpcpro-col-sm-3 { flex: 0 0 33.333%; max-width: 33.333%; } .wpcpro-row .wpcpro-col-sm-4 { flex: 0 0 25%; max-width: 25%; } .wpcpro-row .wpcpro-col-sm-5 { flex: 0 0 20%; max-width: 20%; } .wpcpro-row .wpcpro-col-sm-6 { flex: 0 0 16.66666666666667%; max-width: 16.66666666666667%; } .wpcpro-row .wpcpro-col-sm-7 { flex: 0 0 14.28571428%; max-width: 14.28571428%; } .wpcpro-row .wpcpro-col-sm-8 { flex: 0 0 12.5%; max-width: 12.5%; } } @media (max-width: 480px) { .wpcpro-row .wpcpro-col-xs-1 { flex: 0 0 100%; max-width: 100%; } .wpcpro-row .wpcpro-col-xs-2 { flex: 0 0 50%; max-width: 50%; } .wpcpro-row .wpcpro-col-xs-3 { flex: 0 0 33.222%; max-width: 33.222%; } .wpcpro-row .wpcpro-col-xs-4 { flex: 0 0 25%; max-width: 25%; } .wpcpro-row .wpcpro-col-xs-5 { flex: 0 0 20%; max-width: 20%; } .wpcpro-row .wpcpro-col-xs-6 { flex: 0 0 16.6667%; max-width: 16.6667%; } .wpcpro-row .wpcpro-col-xs-7 { flex: 0 0 14.28571428%; max-width: 14.28571428%; } .wpcpro-row .wpcpro-col-xs-8 { flex: 0 0 12.5%; max-width: 12.5%; } } @media (min-width: 736px) { .wpcpro-row .wpcpro-col-md-1 { flex: 0 0 100%; max-width: 100%; } .wpcpro-row .wpcpro-col-md-2 { flex: 0 0 50%; max-width: 50%; } .wpcpro-row .wpcpro-col-md-2-5 { flex: 0 0 75%; max-width: 75%; } .wpcpro-row .wpcpro-col-md-3 { flex: 0 0 33.333%; max-width: 33.333%; } .wpcpro-row .wpcpro-col-md-4 { flex: 0 0 25%; max-width: 25%; } .wpcpro-row .wpcpro-col-md-5 { flex: 0 0 20%; max-width: 20%; } .wpcpro-row .wpcpro-col-md-6 { flex: 0 0 16.66666666666667%; max-width: 16.66666666666667%; } .wpcpro-row .wpcpro-col-md-7 { flex: 0 0 14.28571428%; max-width: 14.28571428%; } .wpcpro-row .wpcpro-col-md-8 { flex: 0 0 12.5%; max-width: 12.5%; } } @media (min-width: 980px) { .wpcpro-row .wpcpro-col-lg-1 { flex: 0 0 100%; max-width: 100%; } .wpcpro-row .wpcpro-col-lg-2 { flex: 0 0 50%; max-width: 50%; } .wpcpro-row .wpcpro-col-lg-3 { flex: 0 0 33.222%; max-width: 33.222%; } .wpcpro-row .wpcpro-col-lg-4 { flex: 0 0 25%; max-width: 25%; } .wpcpro-row .wpcpro-col-lg-5 { flex: 0 0 20%; max-width: 20%; } .wpcpro-row .wpcpro-col-lg-6 { flex: 0 0 16.6667%; max-width: 16.6667%; } .wpcpro-row .wpcpro-col-lg-7 { flex: 0 0 14.28571428%; max-width: 14.28571428%; } .wpcpro-row .wpcpro-col-lg-8 { flex: 0 0 12.5%; max-width: 12.5%; } } @media (min-width: 1200px) { .wpcpro-row .wpcpro-col-xl-1 { flex: 0 0 100%; max-width: 100%; } .wpcpro-row .wpcpro-col-xl-2 { flex: 0 0 50%; max-width: 50%; } .wpcpro-row .wpcpro-col-xl-3 { flex: 0 0 33.22222222%; max-width: 33.22222222%; } .wpcpro-row .wpcpro-col-xl-4 { flex: 0 0 25%; max-width: 25%; } .wpcpro-row .wpcpro-col-xl-5 { flex: 0 0 20%; max-width: 20%; } .wpcpro-row .wpcpro-col-xl-6 { flex: 0 0 16.66667%; max-width: 16.66667%; } .wpcpro-row .wpcpro-col-xl-7 { flex: 0 0 14.28571428%; max-width: 14.28571428%; } .wpcpro-row .wpcpro-col-xl-8 { flex: 0 0 12.5%; max-width: 12.5%; } }<\/style><div class=\"wpcp-carousel-wrapper wpcp-wrapper-16733\">\n\t<div id=\"wpcp-preloader-16733\" class=\"wpcp-carousel-preloader\"><img decoding=\"async\" src=\"https:\/\/www.novaf.net\/wp-content\/plugins\/wp-carousel-free\/public\/css\/spinner.svg\" alt=\"Preloader Image\" \/><\/div>\t<div class=\"wpcp-carousel-content-wrapper\">\n\t<div id=\"sp-wp-carousel-free-id-16733\" class=\"wpcp-carousel-section sp-wpcp-16733  nav-vertical-center wpcp-image-carousel wpcp-preloader wpcp-standard\" data-swiper='{ &quot;pagination_type&quot;: &quot;dots&quot;,&quot;accessibility&quot;:true, &quot;spaceBetween&quot;:0, &quot;arrows&quot;:true, &quot;freeMode&quot;: false, &quot;autoplay&quot;:true, &quot;effect&quot;: &quot;&quot;, &quot;centerMode&quot;: false, &quot;autoplaySpeed&quot;:3000, &quot;dots&quot;:true, &quot;infinite&quot;:true, &quot;speed&quot;:600, &quot;pauseOnHover&quot;:true,\n\t\t\t&quot;slidesToShow&quot;:{&quot;lg_desktop&quot;:5, &quot;desktop&quot;: 4, &quot;laptop&quot;: 3, &quot;tablet&quot;: 2, &quot;mobile&quot;: 1}, &quot;responsive&quot;:{&quot;desktop&quot;:1200, &quot;laptop&quot;: 980, &quot;tablet&quot;: 736, &quot;mobile&quot;: 480}, &quot;rtl&quot;:false, &quot;lazyLoad&quot;: &quot;false&quot;, &quot;swipe&quot;: true, &quot;draggable&quot;: true, &quot;swipeToSlide&quot;:false }' dir=\"ltr\">\n\t\t<div class=\"swiper-wrapper\">\n\t\t<div class=\"swiper-slide\">\n\t<div class=\"wpcp-single-item\">\n\t\t\t<a class=\"wcp-light-box\" data-buttons=\"[&quot;close&quot;]\" data-wpc_url=\"https:\/\/www.novaf.net\/wp-content\/uploads\/2023\/11\/therapeutic-floater07.jpg\" href=\"https:\/\/www.novaf.net\/wp-content\/uploads\/2023\/11\/therapeutic-floater07.jpg\" data-fancybox=\"wpcp_view\">\n\t\t<figure>\n\t\t\t<img loading=\"lazy\" decoding=\"async\" class=\"skip-lazy\" src=\"https:\/\/www.novaf.net\/wp-content\/uploads\/2023\/11\/therapeutic-floater07.jpg\" alt=\"therapeutic-floater07\" width=\"525\" height=\"525\">\t\t<\/figure>\n\t<\/a>\n\t\t<\/div>\n<\/div>\n\t<div class=\"swiper-slide\">\n\t<div class=\"wpcp-single-item\">\n\t\t\t<a class=\"wcp-light-box\" data-buttons=\"[&quot;close&quot;]\" data-wpc_url=\"https:\/\/www.novaf.net\/wp-content\/uploads\/2023\/11\/therapeutic-floater06.jpg\" href=\"https:\/\/www.novaf.net\/wp-content\/uploads\/2023\/11\/therapeutic-floater06.jpg\" data-fancybox=\"wpcp_view\">\n\t\t<figure>\n\t\t\t<img loading=\"lazy\" decoding=\"async\" class=\"skip-lazy\" src=\"https:\/\/www.novaf.net\/wp-content\/uploads\/2023\/11\/therapeutic-floater06.jpg\" alt=\"therapeutic-floater06\" width=\"525\" height=\"525\">\t\t<\/figure>\n\t<\/a>\n\t\t<\/div>\n<\/div>\n\t<div class=\"swiper-slide\">\n\t<div class=\"wpcp-single-item\">\n\t\t\t<a class=\"wcp-light-box\" data-buttons=\"[&quot;close&quot;]\" data-wpc_url=\"https:\/\/www.novaf.net\/wp-content\/uploads\/2023\/11\/therapeutic-floater05.jpg\" href=\"https:\/\/www.novaf.net\/wp-content\/uploads\/2023\/11\/therapeutic-floater05.jpg\" data-fancybox=\"wpcp_view\">\n\t\t<figure>\n\t\t\t<img loading=\"lazy\" decoding=\"async\" class=\"skip-lazy\" src=\"https:\/\/www.novaf.net\/wp-content\/uploads\/2023\/11\/therapeutic-floater05.jpg\" alt=\"therapeutic-floater05\" width=\"525\" height=\"525\">\t\t<\/figure>\n\t<\/a>\n\t\t<\/div>\n<\/div>\n\t<div class=\"swiper-slide\">\n\t<div class=\"wpcp-single-item\">\n\t\t\t<a class=\"wcp-light-box\" data-buttons=\"[&quot;close&quot;]\" data-wpc_url=\"https:\/\/www.novaf.net\/wp-content\/uploads\/2023\/11\/therapeutic-floater04.jpg\" href=\"https:\/\/www.novaf.net\/wp-content\/uploads\/2023\/11\/therapeutic-floater04.jpg\" data-fancybox=\"wpcp_view\">\n\t\t<figure>\n\t\t\t<img loading=\"lazy\" decoding=\"async\" class=\"skip-lazy\" src=\"https:\/\/www.novaf.net\/wp-content\/uploads\/2023\/11\/therapeutic-floater04.jpg\" alt=\"therapeutic-floater04\" width=\"525\" height=\"525\">\t\t<\/figure>\n\t<\/a>\n\t\t<\/div>\n<\/div>\n\t<div class=\"swiper-slide\">\n\t<div class=\"wpcp-single-item\">\n\t\t\t<a class=\"wcp-light-box\" data-buttons=\"[&quot;close&quot;]\" data-wpc_url=\"https:\/\/www.novaf.net\/wp-content\/uploads\/2023\/11\/therapeutic-floater03.jpg\" href=\"https:\/\/www.novaf.net\/wp-content\/uploads\/2023\/11\/therapeutic-floater03.jpg\" data-fancybox=\"wpcp_view\">\n\t\t<figure>\n\t\t\t<img loading=\"lazy\" decoding=\"async\" class=\"skip-lazy\" src=\"https:\/\/www.novaf.net\/wp-content\/uploads\/2023\/11\/therapeutic-floater03.jpg\" alt=\"therapeutic-floater03\" width=\"525\" height=\"525\">\t\t<\/figure>\n\t<\/a>\n\t\t<\/div>\n<\/div>\n\t<div class=\"swiper-slide\">\n\t<div class=\"wpcp-single-item\">\n\t\t\t<a class=\"wcp-light-box\" data-buttons=\"[&quot;close&quot;]\" data-wpc_url=\"https:\/\/www.novaf.net\/wp-content\/uploads\/2023\/11\/therapeutic-floater02.jpg\" href=\"https:\/\/www.novaf.net\/wp-content\/uploads\/2023\/11\/therapeutic-floater02.jpg\" data-fancybox=\"wpcp_view\">\n\t\t<figure>\n\t\t\t<img loading=\"lazy\" decoding=\"async\" class=\"skip-lazy\" src=\"https:\/\/www.novaf.net\/wp-content\/uploads\/2023\/11\/therapeutic-floater02.jpg\" alt=\"therapeutic-floater02\" width=\"525\" height=\"525\">\t\t<\/figure>\n\t<\/a>\n\t\t<\/div>\n<\/div>\n\t\t\t<\/div>\n\t\t\t\t\t<div class=\"wpcp-swiper-dots swiper-pagination\"><\/div>\n\t\t\t\t<!-- If we need navigation buttons -->\n\t\t\t\t\t<div class=\"wpcp-prev-button swiper-button-prev\"><i class=\"fa fa-angle-left\"><\/i><\/div>\n\t\t\t<div class=\"wpcp-next-button swiper-button-next\"><i class=\"fa fa-angle-right\"><\/i><\/div>\n\t\t\t<\/div>\n\t<\/div>\n<\/div>\n[\/vc_column_text][\/vc_column][\/vc_row][vc_row padding_top_multiplier=&#8221;3x&#8221; padding_bottom_multiplier=&#8221;3x&#8221; section_id=&#8221;detalleprod&#8221;][vc_column width=&#8221;1\/12&#8243;][\/vc_column][vc_column width=&#8221;5\/6&#8243;]<h2 class=\"grve-element grve-title grve-align-left grve-h1\" style=\"\"><span>Promotes body mobility<\/span><\/h2><div class=\"grve-empty-space grve-height-1x\" style=\"\"><\/div>[vc_column_text]Esta comprobado cient\u00edficamente que la terapia acu\u00e1tica favorece el drenaje y el retorno venoso gracias a que se favorece la movilidad del cuerpo.<\/p>\n<p>Son m\u00faltiples beneficios como la reducci\u00f3n de la inflamaci\u00f3n de las articulaciones o aumento del tono muscular.[\/vc_column_text]<div class=\"grve-empty-space grve-height-1x\" style=\"\"><\/div>[\/vc_column][vc_column width=&#8221;1\/12&#8243;][\/vc_column][\/vc_row][vc_row columns_gap=&#8221;none&#8221; equal_column_height=&#8221;middle-content&#8221; section_id=&#8221;especif-fichatec&#8221;][vc_column width=&#8221;1\/6&#8243;][\/vc_column][vc_column width=&#8221;5\/12&#8243;][vc_row_inner el_class=&#8221;fichaprod-extra&#8221;][vc_column_inner]<h3 class=\"grve-element grve-title grve-align-left grve-h2\" style=\"\"><span>Specifications<\/span><\/h3><div class=\"grve-empty-space\" style=\"height: 15px;\"><\/div>[\/vc_column_inner][vc_column_inner width=&#8221;1\/2&#8243;][vc_column_text]<\/p>\n<ul>\n<li>Largo: 100 cm.<\/li>\n<li>Anchura: 60 cm.<\/li>\n<li>Peso: 3 Kg<\/li>\n<\/ul>\n<p>[\/vc_column_text][\/vc_column_inner][vc_column_inner width=&#8221;1\/2&#8243;][vc_column_text]<\/p>\n<ul>\n<li>Grosor: 6 cm.<\/li>\n<li>Espacio entre placas: 40 cm.<\/li>\n<li>Capacidad de carga: 125 Kg.<\/li>\n<\/ul>\n<p>[\/vc_column_text][\/vc_column_inner][\/vc_row_inner][\/vc_column][vc_column width=&#8221;1\/4&#8243; el_id=&#8221;descficha&#8221; css=&#8221;.vc_custom_1703248282923{background-color: #00dee8 !important;}&#8221;]<div class=\"grve-element grve-box-icon grve-medium grve-top-icon grve-align-center\" style=\"\"><a href=\"\/wp-content\/uploads\/pdf\/ficha-tecnica-flotador-terapeutico.pdf\" target=\"_blank\" rel=\"noopener noreferrer\"><div class=\"grve-image-icon\"><img loading=\"lazy\" decoding=\"async\" width=\"363\" height=\"384\" src=\"https:\/\/www.novaf.net\/wp-content\/uploads\/2023\/10\/icono-descarga-ficha-white.png\" class=\"attachment-full size-full\" alt=\"\" \/><\/div><div class=\"grve-box-content\"><div class=\"grve-box-title-wrapper\"><h3 class=\"grve-box-title grve-h3\">Download the product sheet<\/h3><\/div>  <p class=\"grve-subtitle\">PDF format<\/p><\/div><\/a><\/div>[\/vc_column][vc_column width=&#8221;1\/6&#8243;][\/vc_column][\/vc_row][vc_row][vc_column][\/vc_column][\/vc_row][vc_row bg_type=&#8221;image&#8221; bg_image=&#8221;15115&#8243; bg_image_type=&#8221;fixed&#8221; color_overlay=&#8221;custom&#8221; color_overlay_custom=&#8221;rgba(72,81,96,0.94)&#8221; padding_top_multiplier=&#8221;3x&#8221; padding_bottom_multiplier=&#8221;3x&#8221;][vc_column width=&#8221;1\/12&#8243;][\/vc_column][vc_column width=&#8221;5\/6&#8243;]<div class=\"grve-element grve-video\" style=\"\"><iframe loading=\"lazy\" title=\"THERAPEUTIC FLOATER\" width=\"1080\" height=\"608\" src=\"https:\/\/www.youtube.com\/embed\/QY-Z_ksUHO4?feature=oembed\" frameborder=\"0\" allow=\"accelerometer; autoplay; clipboard-write; encrypted-media; gyroscope; picture-in-picture; web-share\" allowfullscreen><\/iframe><\/div>[\/vc_column][vc_column width=&#8221;1\/12&#8243;][\/vc_column][\/vc_row][vc_row padding_top_multiplier=&#8221;3x&#8221; padding_bottom_multiplier=&#8221;3x&#8221; section_id=&#8221;manualmante&#8221;][vc_column width=&#8221;1\/12&#8243;][\/vc_column][vc_column width=&#8221;5\/6&#8243;]<h2 class=\"grve-element grve-title grve-align-left grve-h1\" style=\"\"><span>Maintenance Manual<\/span><\/h2><div class=\"grve-empty-space grve-height-1x\" style=\"\"><\/div>[vc_column_text]<\/p>\n<ul>\n<li>Lavado con agua dulce despu\u00e9s de su uso.<\/li>\n<\/ul>\n<p>[\/vc_column_text][\/vc_column][vc_column width=&#8221;1\/12&#8243;][\/vc_column][\/vc_row]<\/p>\n<\/section>","protected":false},"excerpt":{"rendered":"<p>Specially designed to promote therapeutic and\/or rehabilitative treatments in the water.<\/p>\n","protected":false},"featured_media":15274,"template":"","meta":[],"product_cat":[131,134],"product_tag":[],"_links":{"self":[{"href":"https:\/\/www.novaf.net\/en\/wp-json\/wp\/v2\/product\/16418"}],"collection":[{"href":"https:\/\/www.novaf.net\/en\/wp-json\/wp\/v2\/product"}],"about":[{"href":"https:\/\/www.novaf.net\/en\/wp-json\/wp\/v2\/types\/product"}],"wp:featuredmedia":[{"embeddable":true,"href":"https:\/\/www.novaf.net\/en\/wp-json\/wp\/v2\/media\/15274"}],"wp:attachment":[{"href":"https:\/\/www.novaf.net\/en\/wp-json\/wp\/v2\/media?parent=16418"}],"wp:term":[{"taxonomy":"product_cat","embeddable":true,"href":"https:\/\/www.novaf.net\/en\/wp-json\/wp\/v2\/product_cat?post=16418"},{"taxonomy":"product_tag","embeddable":true,"href":"https:\/\/www.novaf.net\/en\/wp-json\/wp\/v2\/product_tag?post=16418"}],"curies":[{"name":"wp","href":"https:\/\/api.w.org\/{rel}","templated":true}]}}