{"id":16352,"date":"2024-02-19T08:55:25","date_gmt":"2024-02-19T08:55:25","guid":{"rendered":"https:\/\/www.novaf.net\/sobre-nosotros\/"},"modified":"2024-05-31T11:01:27","modified_gmt":"2024-05-31T11:01:27","slug":"about-us","status":"publish","type":"page","link":"https:\/\/www.novaf.net\/en\/about-us\/","title":{"rendered":"About us"},"content":{"rendered":"<section class=\"wpb-content-wrapper\"><p>[vc_row bg_type=&#8221;color&#8221; padding_top_multiplier=&#8221;&#8221; padding_bottom_multiplier=&#8221;&#8221; bg_color=&#8221;#f0f6f9&#8243; section_id=&#8221;about-header&#8221;][vc_column column_custom_position=&#8221;yes&#8221; position_top=&#8221;6x&#8221; width=&#8221;5\/12&#8243; el_class=&#8221;col-left&#8221;]<div class=\"grve-element grve-image pc-ver grve-align-center\" style=\"\">  <div class=\"grve-image-wrapper\"><img loading=\"lazy\" decoding=\"async\" width=\"470\" height=\"637\" src=\"https:\/\/www.novaf.net\/wp-content\/uploads\/2023\/07\/novaf-quienes-somos.jpg\" class=\"attachment-full size-full\" alt=\"\" srcset=\"https:\/\/www.novaf.net\/wp-content\/uploads\/2023\/07\/novaf-quienes-somos.jpg 470w, https:\/\/www.novaf.net\/wp-content\/uploads\/2023\/07\/novaf-quienes-somos-221x300.jpg 221w\" sizes=\"(max-width: 470px) 100vw, 470px\" \/>   <\/div><\/div><div class=\"grve-element grve-image resp-ver grve-align-center grve-full-image grve-image-space-100\" style=\"\">  <div class=\"grve-image-wrapper\"><img loading=\"lazy\" decoding=\"async\" width=\"768\" height=\"675\" src=\"https:\/\/www.novaf.net\/wp-content\/uploads\/2023\/07\/novaf-quienes-somos-resp.jpg\" class=\"attachment-full size-full\" alt=\"\" srcset=\"https:\/\/www.novaf.net\/wp-content\/uploads\/2023\/07\/novaf-quienes-somos-resp.jpg 768w, https:\/\/www.novaf.net\/wp-content\/uploads\/2023\/07\/novaf-quienes-somos-resp-300x264.jpg 300w, https:\/\/www.novaf.net\/wp-content\/uploads\/2023\/07\/novaf-quienes-somos-resp-600x527.jpg 600w\" sizes=\"(max-width: 768px) 100vw, 768px\" \/>   <\/div><\/div>[\/vc_column][vc_column width=&#8221;7\/12&#8243; el_class=&#8221;col-right&#8221;]<div class=\"grve-empty-space grve-height-6x\" style=\"\"><\/div><h1 class=\"grve-element grve-title grve-align-left grve-h1\" style=\"margin-bottom: 0px;\"><span>Making life easier since 2007<\/span><\/h1><div class=\"grve-empty-space\" style=\"height: 32px;\"><\/div>[vc_row_inner][vc_column_inner][vc_column_text]<strong>Novaf<\/strong> was born in mid-2007 with the aim of <strong>making life easier for people with reduced mobility problems<\/strong> from the conviction that if someone wants to do any kind of activity, they can and should do it.<\/p>\n<p>Faced with this situation, we develop products capable of <strong>improving the quality of life<\/strong>, especially their leisure time, both for <strong>people with reduced mobility<\/strong> and for their family and friends.[\/vc_column_text][\/vc_column_inner][\/vc_row_inner][vc_row_inner el_id=&#8221;iconos-hedaer&#8221;][vc_column_inner width=&#8221;1\/3&#8243;]<div class=\"grve-element grve-box-icon grve-large grve-side-icon grve-align-left ico-playa\" style=\"\"><div class=\"grve-wrapper-icon grve-no-shape\" style=\" color: #485160;\"><div id=\"grve-svg-69fb4b357983a\" data-file=\"https:\/\/www.novaf.net\/wp-content\/uploads\/2023\/07\/ico-novaf-playa.svg\" data-duration=\"100\" class=\"grve-svg-icon grve-text-custom\"><\/div><\/div><div class=\"grve-box-content\"><div class=\"grve-box-title-wrapper\"><h3 class=\"grve-box-title grve-h3\">Beach<\/h3><\/div><\/div><\/div>[\/vc_column_inner][vc_column_inner width=&#8221;1\/3&#8243;]<div class=\"grve-element grve-box-icon grve-large grve-side-icon grve-align-left ico-monta\u00f1a\" style=\"\"><div class=\"grve-wrapper-icon grve-no-shape\" style=\" color: #485160;\"><div id=\"grve-svg-69fb4b3579fe5\" data-file=\"https:\/\/www.novaf.net\/wp-content\/uploads\/2023\/07\/ico-novaf-montana.svg\" data-duration=\"100\" class=\"grve-svg-icon grve-text-custom\"><\/div><\/div><div class=\"grve-box-content\"><div class=\"grve-box-title-wrapper\"><h3 class=\"grve-box-title grve-h3\">Mountain<\/h3><\/div><\/div><\/div>[\/vc_column_inner][vc_column_inner width=&#8221;1\/3&#8243;]<div class=\"grve-element grve-box-icon grve-large grve-side-icon grve-align-left ico-submarinismo\" style=\"\"><div class=\"grve-wrapper-icon grve-no-shape\" style=\" color: #485160;\"><div id=\"grve-svg-69fb4b357a5b8\" data-file=\"https:\/\/www.novaf.net\/wp-content\/uploads\/2023\/07\/ico-novaf-submarinismo.svg\" data-duration=\"100\" class=\"grve-svg-icon grve-text-custom\"><\/div><\/div><div class=\"grve-box-content\"><div class=\"grve-box-title-wrapper\"><h3 class=\"grve-box-title grve-h3\">Diving<\/h3><\/div><\/div><\/div>[\/vc_column_inner][vc_column_inner width=&#8221;1\/6&#8243;][\/vc_column_inner][vc_column_inner width=&#8221;1\/3&#8243;]<div class=\"grve-element grve-box-icon grve-large grve-side-icon grve-align-left ico-natacion\" style=\"\"><div class=\"grve-wrapper-icon grve-no-shape\" style=\" color: #485160;\"><div id=\"grve-svg-69fb4b357a82f\" data-file=\"https:\/\/www.novaf.net\/wp-content\/uploads\/2023\/07\/ico-novaf-natacion.svg\" data-duration=\"100\" class=\"grve-svg-icon grve-text-custom\"><\/div><\/div><div class=\"grve-box-content\"><div class=\"grve-box-title-wrapper\"><h3 class=\"grve-box-title grve-h3\">Swimming<\/h3><\/div><\/div><\/div>[\/vc_column_inner][vc_column_inner width=&#8221;1\/3&#8243;]<div class=\"grve-element grve-box-icon grve-large grve-side-icon grve-align-left ico-senderismo\" style=\"\"><div class=\"grve-wrapper-icon grve-no-shape\" style=\" color: #485160;\"><div id=\"grve-svg-69fb4b357aa6b\" data-file=\"https:\/\/www.novaf.net\/wp-content\/uploads\/2023\/07\/ico-novaf-senderismo.svg\" data-duration=\"100\" class=\"grve-svg-icon grve-text-custom\"><\/div><\/div><div class=\"grve-box-content\"><div class=\"grve-box-title-wrapper\"><h3 class=\"grve-box-title grve-h3\">Hiking<\/h3><\/div><\/div><\/div>[\/vc_column_inner][vc_column_inner width=&#8221;1\/6&#8243;][\/vc_column_inner][\/vc_row_inner][\/vc_column][\/vc_row][vc_row padding_top_multiplier=&#8221;&#8221; padding_bottom_multiplier=&#8221;6x&#8221; section_id=&#8221;about-secon&#8221;][vc_column width=&#8221;1\/2&#8243;]<div class=\"grve-empty-space grve-height-4x resp-ver\" style=\"\"><\/div><div class=\"grve-element grve-image resp-ver grve-align-center\" style=\"\">  <div class=\"grve-image-wrapper\"><img loading=\"lazy\" decoding=\"async\" width=\"768\" height=\"675\" src=\"https:\/\/www.novaf.net\/wp-content\/uploads\/2023\/07\/novaf-quienes-somos-02-resp.jpg\" class=\"attachment-full size-full\" alt=\"\" srcset=\"https:\/\/www.novaf.net\/wp-content\/uploads\/2023\/07\/novaf-quienes-somos-02-resp.jpg 768w, https:\/\/www.novaf.net\/wp-content\/uploads\/2023\/07\/novaf-quienes-somos-02-resp-300x264.jpg 300w, https:\/\/www.novaf.net\/wp-content\/uploads\/2023\/07\/novaf-quienes-somos-02-resp-600x527.jpg 600w\" sizes=\"(max-width: 768px) 100vw, 768px\" \/>   <\/div><\/div><div class=\"grve-empty-space grve-height-4x\" style=\"\"><\/div>[vc_column_text]<strong>Novaf<\/strong> is a dynamic company that improves day by day, offering innovative products to the market and improving them with each new version launched on the market.<\/p>\n<p><strong>Novaf<\/strong> products cover the needs and deficiencies of a large group of people that increases year after year, which allows us to have the illusion of continuing to design and develop products for people with reduced mobility and to have an upward trajectory and a great capacity for growth.[\/vc_column_text]<div class=\"grve-empty-space grve-height-1x\" style=\"\"><\/div>[vc_column_text]Today, our product portfolio is comprised of products as diverse as the <a href=\"https:\/\/www.novaf.net\/en\/producto\/oceanic-atlantic-amphibious-chair\/\"><strong>Oceanic Atlantic Amphibious Chair<\/strong><\/a> to facilitate swimming on the beach or in lakes, such as the <a href=\"https:\/\/www.novaf.net\/en\/product\/mri-1e-tracked-vehicle\/\"><strong>MRI-1e Caterpillar Vehicle<\/strong><\/a>This system allows people with reduced mobility to move and integrate in places that are difficult to access and to enjoy many other activities.[\/vc_column_text][\/vc_column][vc_column width=&#8221;1\/6&#8243;][\/vc_column][vc_column width=&#8221;1\/3&#8243;]<div class=\"grve-element grve-image pc-ver grve-align-center\" style=\"\">  <div class=\"grve-image-wrapper\"><img loading=\"lazy\" decoding=\"async\" width=\"370\" height=\"460\" src=\"https:\/\/www.novaf.net\/wp-content\/uploads\/2023\/07\/novaf-quienes-somos-02.jpg\" class=\"attachment-full size-full\" alt=\"\" srcset=\"https:\/\/www.novaf.net\/wp-content\/uploads\/2023\/07\/novaf-quienes-somos-02.jpg 370w, https:\/\/www.novaf.net\/wp-content\/uploads\/2023\/07\/novaf-quienes-somos-02-241x300.jpg 241w\" sizes=\"(max-width: 370px) 100vw, 370px\" \/>   <\/div><\/div>[\/vc_column][\/vc_row][vc_row bg_type=&#8221;image&#8221; bg_image=&#8221;14768&#8243; bg_image_type=&#8221;fixed&#8221; padding_top_multiplier=&#8221;6x&#8221; padding_bottom_multiplier=&#8221;6x&#8221; el_class=&#8221;pc-ver&#8221;][vc_column]<div class=\"grve-empty-space grve-height-4x\" style=\"\"><\/div><div class=\"grve-empty-space grve-height-4x\" style=\"\"><\/div>[\/vc_column][\/vc_row][vc_row section_type=&#8221;fullwidth&#8221; padding_top_multiplier=&#8221;6x&#8221; padding_bottom_multiplier=&#8221;6x&#8221; el_class=&#8221;resp-ver&#8221; section_id=&#8221;about-bl3&#8243;][vc_column]<div class=\"grve-element grve-image grve-align-center\" style=\"\">  <div class=\"grve-image-wrapper\"><img loading=\"lazy\" decoding=\"async\" width=\"2048\" height=\"1536\" src=\"https:\/\/www.novaf.net\/wp-content\/uploads\/2023\/10\/Extenda-USA-Agosto-2023-10.jpg\" class=\"attachment-full size-full\" alt=\"\" srcset=\"https:\/\/www.novaf.net\/wp-content\/uploads\/2023\/10\/Extenda-USA-Agosto-2023-10.jpg 2048w, https:\/\/www.novaf.net\/wp-content\/uploads\/2023\/10\/Extenda-USA-Agosto-2023-10-800x600.jpg 800w, https:\/\/www.novaf.net\/wp-content\/uploads\/2023\/10\/Extenda-USA-Agosto-2023-10-1024x768.jpg 1024w, https:\/\/www.novaf.net\/wp-content\/uploads\/2023\/10\/Extenda-USA-Agosto-2023-10-768x576.jpg 768w, https:\/\/www.novaf.net\/wp-content\/uploads\/2023\/10\/Extenda-USA-Agosto-2023-10-1536x1152.jpg 1536w, https:\/\/www.novaf.net\/wp-content\/uploads\/2023\/10\/Extenda-USA-Agosto-2023-10-560x420.jpg 560w, https:\/\/www.novaf.net\/wp-content\/uploads\/2023\/10\/Extenda-USA-Agosto-2023-10-900x675.jpg 900w, https:\/\/www.novaf.net\/wp-content\/uploads\/2023\/10\/Extenda-USA-Agosto-2023-10-1920x1440.jpg 1920w, https:\/\/www.novaf.net\/wp-content\/uploads\/2023\/10\/Extenda-USA-Agosto-2023-10-600x450.jpg 600w\" sizes=\"(max-width: 2048px) 100vw, 2048px\" \/>   <\/div><\/div>[\/vc_column][\/vc_row][vc_row padding_top_multiplier=&#8221;3x&#8221; padding_bottom_multiplier=&#8221;3x&#8221;][vc_column]<div class=\"grve-empty-space grve-height-1x\" style=\"\"><\/div>[vc_column_text]<\/p>\n<p style=\"text-align: left;\">Currently our products are located in many places like Europe, USA and around the world. Its have obtained great results and have received a great acceptance both by end users and by agencies and institutions such as municipalities, local goverments, etc., for which we began our expansion into the international market backed by the experience accumulated in the sector and the support of the Junta de Andaluc\u00eda, through Extenda.<\/p>\n<p><strong>Fernando Enr\u00edquez S\u00e1enz de Santa Mar\u00eda<\/strong><\/p>\n<p><em>Managing Director<\/em>[\/vc_column_text][\/vc_column][\/vc_row][vc_row bg_type=&#8221;color&#8221; padding_top_multiplier=&#8221;3x&#8221; padding_bottom_multiplier=&#8221;3x&#8221; equal_column_height=&#8221;equal-column&#8221; awb_type=&#8221;yt_vm_video&#8221; awb_video=&#8221;&#8221; section_id=&#8221;about-video&#8221; bg_color=&#8221;#f0f6f9&#8243;][vc_column el_class=&#8221;col-left&#8221;][vc_custom_heading text=&#8221;All our products are made entirely in our workshops, from the sketch and design process to the production and subsequent quality controls.&#8221;][\/vc_column][\/vc_row][vc_row padding_top_multiplier=&#8221;3x&#8221; padding_bottom_multiplier=&#8221;3x&#8221;][vc_column width=&#8221;1\/12&#8243;][\/vc_column][vc_column width=&#8221;5\/6&#8243;]<div class=\"grve-element grve-video\" style=\"\"><iframe loading=\"lazy\" title=\"La gaditana Novaf refuerza su posici\u00f3n en EEUU con un nuevo acuerdo con Walmart Marketplaces\" width=\"1080\" height=\"608\" src=\"https:\/\/www.youtube.com\/embed\/yrsArtncKOo?feature=oembed\" frameborder=\"0\" allow=\"accelerometer; autoplay; clipboard-write; encrypted-media; gyroscope; picture-in-picture; web-share\" allowfullscreen><\/iframe><\/div>[\/vc_column][vc_column width=&#8221;1\/12&#8243;][\/vc_column][\/vc_row]<\/p>\n<\/section>","protected":false},"excerpt":{"rendered":"<p>[vc_row bg_type=&#8221;color&#8221; padding_top_multiplier=&#8221;&#8221; padding_bottom_multiplier=&#8221;&#8221; bg_color=&#8221;#f0f6f9&#8243; section_id=&#8221;about-header&#8221;][vc_column column_custom_position=&#8221;yes&#8221; position_top=&#8221;6x&#8221; width=&#8221;5\/12&#8243; el_class=&#8221;col-left&#8221;][\/vc_column][vc_column width=&#8221;7\/12&#8243; el_class=&#8221;col-right&#8221;][vc_row_inner][vc_column_inner][vc_column_text]Novaf was born in mid-2007 with the aim of making life easier for people with reduced mobility problems from the conviction that if someone wants to do any kind of activity, they can and should do it. Faced with this situation, we develop products [&hellip;]<\/p>\n","protected":false},"author":1,"featured_media":0,"parent":0,"menu_order":0,"comment_status":"closed","ping_status":"closed","template":"","meta":{"footnotes":""},"_links":{"self":[{"href":"https:\/\/www.novaf.net\/en\/wp-json\/wp\/v2\/pages\/16352"}],"collection":[{"href":"https:\/\/www.novaf.net\/en\/wp-json\/wp\/v2\/pages"}],"about":[{"href":"https:\/\/www.novaf.net\/en\/wp-json\/wp\/v2\/types\/page"}],"author":[{"embeddable":true,"href":"https:\/\/www.novaf.net\/en\/wp-json\/wp\/v2\/users\/1"}],"replies":[{"embeddable":true,"href":"https:\/\/www.novaf.net\/en\/wp-json\/wp\/v2\/comments?post=16352"}],"version-history":[{"count":11,"href":"https:\/\/www.novaf.net\/en\/wp-json\/wp\/v2\/pages\/16352\/revisions"}],"predecessor-version":[{"id":16841,"href":"https:\/\/www.novaf.net\/en\/wp-json\/wp\/v2\/pages\/16352\/revisions\/16841"}],"wp:attachment":[{"href":"https:\/\/www.novaf.net\/en\/wp-json\/wp\/v2\/media?parent=16352"}],"curies":[{"name":"wp","href":"https:\/\/api.w.org\/{rel}","templated":true}]}}